{"id":10399,"date":"2018-04-17T10:41:40","date_gmt":"2018-04-17T10:41:40","guid":{"rendered":"https:\/\/rfmsomnii-staging.braverinnovation.tech\/privacy-policy\/"},"modified":"2021-02-26T12:19:43","modified_gmt":"2021-02-26T12:19:43","slug":"politica-de-privacidad","status":"publish","type":"page","link":"https:\/\/22.rfmsomnii.com\/es\/politica-de-privacidad\/","title":{"rendered":"RFM SOMNI &#8211; POL\u00cdTICA DE PRIVACIDAD"},"content":{"rendered":"\n<p>MOT &#8211; ESPECT\u00c1CULOS E ENTRETENIMENTO, LDA., Con sede en Rua\nda Fundi\u00e7\u00e3o, 240, 3700-119, S\u00e3o Jo\u00e3o da Madeira y registrada en la Oficina de\nRegistro Comercial competente con el n\u00famero de registro \u00fanico y la persona\njur\u00eddica 514 537 965, en adelante MOT &#8211; MEMORIES OF TOMORROW, es una\norganizaci\u00f3n dedicada a la organizaci\u00f3n y producci\u00f3n de eventos y otras\nactividades recreativas y de entretenimiento, en virtud de la cual organiza el Festival\nRFM SOMNII, habiendo creado para este fin el sitio web https:\/\/rfmsomnii.com\/.<\/p>\n\n\n\n<p>En consecuencia, MOT &#8211; MEMORIES OF TOMORROW comprende la\nnecesidad de adoptar una Pol\u00edtica de privacidad con respecto a los datos\npersonales recopilados bajo su actividad comercial, en cumplimiento de las\nobligaciones establecidas en el Reglamento general de protecci\u00f3n de datos,\naprobado por el Reglamento (UE) 2016 \/ 679 del Parlamento Europeo y del Consejo\nde 27 de abril de 2016 (&#8220;RGPD&#8221;), que subyace en su compromiso de\ncumplir con las normas sobre protecci\u00f3n de datos personales.<\/p>\n\n\n\n<p>El acceso, el uso y la suscripci\u00f3n al sitio web\nhttps:\/\/rfmsomnii.com\/, as\u00ed como el suministro de datos personales por parte\ndel usuario o suscriptor, constituyen la aceptaci\u00f3n plena y sin reservas de\nesta Pol\u00edtica de privacidad que regula, adem\u00e1s de la Reglas y t\u00e9rminos del\nfestival, la forma de recopilaci\u00f3n, uso y divulgaci\u00f3n o procesamiento de datos\npersonales recopilados dentro de la organizaci\u00f3n por el festival MOT &#8211; MEMORIES\nOF TOMORROW, independientemente de los medios por los que se recopilan.<\/p>\n\n\n\n<p>\u00bfPOR QU\u00c9 ESTA POL\u00cdTICA DE PROTECCI\u00d3N DE DATOS PERSONALES?<\/p>\n\n\n\n<p>MOT &#8211; MEMORIES OF TOMORROW reconoce la importancia de que\nlos usuarios y suscriptores del sitio web conozcan las reglas generales para el\nprocesamiento de datos personales, que se recopilan, usan y divulgan o procesan\nen estricto cumplimiento y en cumplimiento de las disposiciones de la\nlegislaci\u00f3n vigente sobre protecci\u00f3n de datos personales. cada momento,\nespecialmente el RGPD.<\/p>\n\n\n\n<p>MOT &#8211; MEMORIES OF TOMORROW respeta las mejores pr\u00e1cticas en\nel campo de la seguridad y la protecci\u00f3n de datos personales. Para este fin, MOT\n&#8211; MEMORIES OF TOMORROW ha tomado las medidas t\u00e9cnicas y organizativas\nnecesarias para cumplir con el RGPD y garantizar que el procesamiento de datos\npersonales sea legal, justo, transparente y limitado a fines autorizados, as\u00ed\ncomo a la confidencialidad de los datos personales, y ha tomado las medidas que\nconsidera apropiadas para garantizar la precisi\u00f3n, integridad y\nconfidencialidad de los datos personales, as\u00ed como todos los dem\u00e1s derechos de\nsus titulares.<\/p>\n\n\n\n<p>Las reglas establecidas en esta Pol\u00edtica de privacidad con\nrespecto a la protecci\u00f3n y el procesamiento de datos personales complementan\nlas reglas establecidas en los t\u00e9rminos y condiciones que rigen la oferta de\nlos diversos productos y servicios y que est\u00e1n debidamente anunciados en sus\nsitios web.<\/p>\n\n\n\n<p>\u00bfQU\u00c9 CUBRE ESTA POL\u00cdTICA DE PROTECCI\u00d3N DE DATOS?<\/p>\n\n\n\n<p>Esta Pol\u00edtica de privacidad se aplica \u00fanicamente a la\nrecopilaci\u00f3n, uso y divulgaci\u00f3n de datos personales de los cuales MOT &#8211;\nMEMORIES OF TOMORROW es responsable de su procesamiento, dentro del alcance de\nlos servicios y productos puestos a disposici\u00f3n de los usuarios y suscriptores\ndel sitio web https:\/\/rfmsomnii.com\/ y aplicaci\u00f3n &#8230;, en estricto cumplimiento\nde la legislaci\u00f3n vigente, a saber, el RGPD.<\/p>\n\n\n\n<p>El sitio web https:\/\/rfmsomnii.com\/ puede incluir enlaces a\notros sitios web, incluidos aquellos para la compra y venta de boletos, que no\nest\u00e1n relacionados con MOT &#8211; MEMORIES OF TOMORROW, y la provisi\u00f3n de dichos\nenlaces se realiza de buena fe y MOT &#8211; MEMORIES OF TOMORROW no ser\u00e1 responsable\nde ninguna manera por la recopilaci\u00f3n, el uso y el procesamiento de datos\npersonales que puedan realizarse a trav\u00e9s de estos sitios web, ni asumir\u00e1\nninguna responsabilidad por ellos, es decir, por su precisi\u00f3n, credibilidad y\nfuncionalidades puestas a su disposici\u00f3n.<\/p>\n\n\n\n<p>\u00bfQU\u00c9 SON LOS DATOS PERSONALES?<\/p>\n\n\n\n<p>Los datos personales son cualquier informaci\u00f3n de cualquier\nnaturaleza, cualquiera sea su medio, incluido el sonido y la imagen, relacionada\ncon una persona f\u00edsica identificada o identificable.<\/p>\n\n\n\n<p>Por lo tanto, identificable se considera una persona que\npuede identificarse, directa o indirectamente, en particular por referencia a\nun nombre, n\u00famero de identificaci\u00f3n, datos de ubicaci\u00f3n, identificadores\nelectr\u00f3nicos o uno o m\u00e1s elementos espec\u00edficos de su identidad f\u00edsica y\nfisiol\u00f3gica. , gen\u00e9tica, mental, econ\u00f3mica, cultural o social.<\/p>\n\n\n\n<p>\u00bfCU\u00c1LES SON LOS DATOS PERSONALES RECOGIDOS Y TRATADOS?<\/p>\n\n\n\n<p>MOT &#8211; MEMORIES OF TOMORROW, como la entidad responsable del\nsitio web https:\/\/rfmsomnii.com\/ dentro del alcance de su actividad, puede\nrecopilar, usar y divulgar datos personales de usuarios o suscriptores, como\nnombre, apellido, pa\u00eds, lugar, n\u00famero de contribuyente, fecha de nacimiento,\nn\u00famero de tel\u00e9fono m\u00f3vil, direcci\u00f3n IP y la imagen del propietario.<\/p>\n\n\n\n<p>\u00bfCU\u00c1NDO Y C\u00d3MO RECOPILAMOS SUS DATOS PERSONALES?<\/p>\n\n\n\n<p>El procesamiento de datos personales siempre se realiza\nmediante el consentimiento claro, libre, informado e informado del titular\nrespectivo, en funci\u00f3n de su consentimiento, que se supone cuando el usuario o\nsuscriptor proporciona dichos datos en cualquier espacio del sitio web https: \/\n\/rfmsomnii.com\/ destinado a tal fin y \/ o con su entrada en los terrenos del\nfestival.<\/p>\n\n\n\n<p>MOT &#8211; MEMORIES OF TOMORROW recopila sus datos personales por\nescrito a trav\u00e9s del sitio web https:\/\/rfmsomnii.com\/ y garantiza, cuando sea\nnecesario, el consentimiento previo del titular, identificando claramente el\nprop\u00f3sito para el que est\u00e1n destinados, as\u00ed como garantiza que los datos\nrecopilados sean apropiados, relevantes y no excesivos en relaci\u00f3n con el\nprop\u00f3sito para el que fueron recopilados.<\/p>\n\n\n\n<p>La recopilaci\u00f3n de datos personales tambi\u00e9n se puede\nrealizar capturando im\u00e1genes y \/ o videos, durante el per\u00edodo del festival RFM\nSOMNII o en ocasiones relacionadas con su realizaci\u00f3n, ya sea en el recinto, en\nlas \u00e1reas circundantes o en cualquier lugar donde ocurra. , que los usuarios\naceptan expresamente al comprar entradas para el Festival. MOT &#8211; MEMORIES OF\nTOMORROW est\u00e1 autorizado, as\u00ed como a otras compa\u00f1\u00edas del mismo grupo\nempresarial, a divulgar sus propios canales y redes sociales, como medio para\npublicitar y publicitar el festival.<\/p>\n\n\n\n<p>\u00bfQU\u00c9 ES EL PROCESAMIENTO DE DATOS PERSONALES?<\/p>\n\n\n\n<p>El procesamiento de datos personales consiste en una\noperaci\u00f3n o conjunto de operaciones realizadas sobre datos personales o\nconjuntos de datos personales, por medios autom\u00e1ticos o no, a saber,\nrecopilaci\u00f3n, registro, organizaci\u00f3n, estructuraci\u00f3n, conservaci\u00f3n, adaptaci\u00f3n,\nrecuperaci\u00f3n, consulta, uso, divulgaci\u00f3n, difusi\u00f3n, comparaci\u00f3n, interconexi\u00f3n,\nlimitaci\u00f3n, borrado o destrucci\u00f3n y, en todos los casos, el estricto\ncumplimiento de la protecci\u00f3n de datos personales Los datos espec\u00edficos creados\npara este prop\u00f3sito y bajo ninguna circunstancia se utilizar\u00e1n los datos\nrecopilados para ning\u00fan otro prop\u00f3sito que no sea para el que fueron\nrecopilados o con el consentimiento del interesado.<\/p>\n\n\n\n<p>\u00bfCU\u00c1LES SON LOS PROP\u00d3SITOS DEL TRATAMIENTO DE DATOS\nPERSONALES Y SU BASE LEGAL?<\/p>\n\n\n\n<p>En general, los datos personales recopilados a trav\u00e9s del\nsitio tienen como finalidad \/ fundamento la gesti\u00f3n de la relaci\u00f3n contractual\ny pueden utilizarse, a saber, para:<\/p>\n\n\n\n<p>&#8211; procesamiento de boletos<\/p>\n\n\n\n<p>&#8211; prestaci\u00f3n de servicios de atenci\u00f3n al cliente;<\/p>\n\n\n\n<p>&#8211; captura de imagen y \/ o video durante todo el per\u00edodo del\nevento;<\/p>\n\n\n\n<p>&#8211; publicitar y \/ o publicitar el evento en los canales\npropios de MOT &#8211; MEMORIES OF TOMORROW u otras compa\u00f1\u00edas que formen parte del\nmismo grupo empresarial;<\/p>\n\n\n\n<p>&#8211; Preparaci\u00f3n de informes y estad\u00edsticas sobre la afluencia\nde visitantes al Festival;<\/p>\n\n\n\n<p>&#8211; procedimientos de seguridad y salud;<\/p>\n\n\n\n<p>MOT &#8211; MEMORIES OF TOMORROW tambi\u00e9n puede procesar los datos\npersonales recopilados en la medida en que se consideren apropiados y\nnecesarios para fines de intervenci\u00f3n social, quejas y sugerencias, difusi\u00f3n de\ninformaci\u00f3n sobre campa\u00f1as, promociones, publicidad y noticias, difusi\u00f3n\nposterior y publicidad. eventos realizados, sin perjuicio del cumplimiento de\nlas normas legales que rigen la retenci\u00f3n y transmisi\u00f3n de datos con fines de\ninvestigaci\u00f3n, detecci\u00f3n, enjuiciamiento de delitos graves, as\u00ed como otros\ntratamientos a los que est\u00e1 legalmente obligado.<\/p>\n\n\n\n<p>Los datos personales tambi\u00e9n pueden procesarse con fines de\ncomercializaci\u00f3n o divulgaci\u00f3n de los bienes o servicios de MOT &#8211; MEMORIES OF\nTOMORROW, si el titular lo autoriza expresamente.<\/p>\n\n\n\n<p>MOT &#8211; MEMORIES OF TOMORROW puede comunicar sus datos\npersonales con el fin de cumplir con las obligaciones legales, es decir, a las\nentidades policiales, judiciales, fiscales y reguladoras.<\/p>\n\n\n\n<p>\u00bfQUI\u00c9N ES RESPONSABLE DEL TRATAMIENTO DE DATOS?<\/p>\n\n\n\n<p>La entidad responsable de manejar la recopilaci\u00f3n, registro,\norganizaci\u00f3n, estructuraci\u00f3n, conservaci\u00f3n, adaptaci\u00f3n, alteraci\u00f3n, consulta y\nuso de los datos personales recopilados es MOT &#8211; MEMORIES OF TOMORROW, LDA.,\nCon sede en Rua da Fundi\u00e7\u00e3o, 240, 3700-119, S\u00e3o Jo\u00e3o de Madeira<\/p>\n\n\n\n<p>Para este prop\u00f3sito, si el interesado necesita contactar al\ncontrolador de datos, \u00e9l \/ ella puede hacerlo a trav\u00e9s de los medios y detalles\nde contacto a continuaci\u00f3n: <a href=\"mailto:dados@rfmsomnii.com\">dados@rfmsomnii.com<\/a><\/p>\n\n\n\n<p>\u00bfCU\u00c1NTO TIEMPO CONSERVAMOS SUS DATOS PERSONALES?<\/p>\n\n\n\n<p>El per\u00edodo de tiempo que se almacenan y almacenan los datos\npersonales var\u00eda seg\u00fan el prop\u00f3sito que justifique la recopilaci\u00f3n y el\nprocesamiento de la informaci\u00f3n.<\/p>\n\n\n\n<p>De hecho, existen requisitos legales que requieren que\nretengamos los datos durante un per\u00edodo m\u00ednimo de tiempo. Por lo tanto, y\ncuando no exista un requisito legal espec\u00edfico, los datos se almacenar\u00e1n y\nretendr\u00e1n solo durante el per\u00edodo m\u00ednimo necesario para la consecuci\u00f3n de los\nfines que motivaron su recopilaci\u00f3n o procesamiento posterior, seg\u00fan lo define\nla ley.<\/p>\n\n\n\n<p>\u00bfCU\u00c1LES SON SUS DERECHOS AL MANTENER?<\/p>\n\n\n\n<p>Como titulares de datos personales, los Clientes \/ Usuarios\ntienen garantizado en cualquier momento el derecho de acceso, rectificaci\u00f3n,\nactualizaci\u00f3n, limitaci\u00f3n y eliminaci\u00f3n de sus datos personales, a trav\u00e9s de\nlos medios disponibles para contactar al oficial de protecci\u00f3n de datos.<\/p>\n\n\n\n<p>La retirada del consentimiento para la recopilaci\u00f3n, el uso\ny la retenci\u00f3n de datos personales pueden realizarse en cualquier momento, sin\nperjuicio de la legalidad del procesamiento bajo dicho consentimiento. Sin\nembargo, MOT &#8211; MEMORIES OF TOMORROW puede mantener los datos indispensables\npara la prestaci\u00f3n de sus servicios, durante el per\u00edodo durante el cual dicho\nmantenimiento es estrictamente necesario.<\/p>\n\n\n\n<p>Adem\u00e1s, el titular de los datos personales tiene derecho a\nla portabilidad de los datos personales recopilados.<\/p>\n\n\n\n<p>\u00bfC\u00d3MO PUEDE OPONERSE A LA RECEPCI\u00d3N DE CONTACTOS CON FINES\nDE MARKETING?<\/p>\n\n\n\n<p>MOT &#8211; MEMORIES OF TOMORROW puede promover acciones de\ndifusi\u00f3n con sus Clientes \/ Usuarios de nuevos productos o servicios, es decir,\na trav\u00e9s de tel\u00e9fono, correo electr\u00f3nico, SMS, MMS o cualquier otro servicio de\ncomunicaciones electr\u00f3nicas, si el sujeto de los datos personales ha dado el\nconsentimiento<\/p>\n\n\n\n<p>Si el interesado no desea continuar recibiendo tales\ncomunicaciones, puede en cualquier momento retirar su consentimiento para el\nuso de sus datos con fines de marketing.<\/p>\n\n\n\n<p>\u00bfCU\u00c1LES SON LAS MEDIDAS ADOPTADAS POR MOT &#8211; MEMORIES OF TOMORROW PARA GARANTIZAR LA SEGURIDAD DE SUS DATOS PERSONALES?<\/p>\n\n\n\n<p>MOT &#8211; MEMORIES OF TOMORROW se compromete a garantizar la\nprotecci\u00f3n de la seguridad de los datos personales puestos a su disposici\u00f3n,\nhabiendo aprobado e implementado normas estrictas al respecto. El cumplimiento\nde estas normas es una obligaci\u00f3n para todos los que acceden legalmente a\ndichos datos personales.<\/p>\n\n\n\n<p>Teniendo en cuenta la preocupaci\u00f3n y el compromiso que MOT &#8211;\nMEMORIES OF TOMORROW revela en la defensa de los datos personales, se han\nadoptado varias medidas de seguridad, de car\u00e1cter t\u00e9cnico y organizativo, para\nproteger los datos personales puestos a su disposici\u00f3n contra su difusi\u00f3n,\np\u00e9rdida o mal uso. , alteraci\u00f3n no autorizada, tratamiento o acceso, as\u00ed como\ncontra cualquier otra forma de tratamiento ilegal.<\/p>\n\n\n\n<p>\u00bfEN QU\u00c9 CIRCUNSTANCIAS EST\u00c1 LA COMUNICACI\u00d3N DE DATOS A OTRAS\nENTIDADES (TERCEROS Y SUBCONTRATADOS)?<\/p>\n\n\n\n<p>MOT &#8211; MEMORIES OF TOMORROW, como parte de su actividad,\npuede usar otras compa\u00f1\u00edas en el grupo empresarial en el que opera u otros\nterceros para proporcionar ciertos servicios. La prestaci\u00f3n de estos servicios\na veces implica el acceso de estas entidades a los datos personales de los\nusuarios o suscriptores y, cuando corresponda, MOT &#8211; MEMORIES OF TOMORROW toma\nlas medidas apropiadas para garantizar que las entidades que tienen acceso a\nlos datos tengan reputaci\u00f3n. y ofrecer las m\u00e1s altas garant\u00edas a este nivel,\nque est\u00e1 debidamente consagrado y acordado contractualmente entre MOT &#8211;\nMEMORIES OF TOMORROW y el (los) tercero (s).<\/p>\n\n\n\n<p>En consecuencia, cualquier entidad subcontratada por MOT &#8211;\nMEMORIES OF TOMORROW tratar\u00e1 los datos personales de los usuarios o\nsuscriptores en nombre y en nombre de MOT &#8211; MEMORIES OF TOMORROW y tomar\u00e1 las\nmedidas t\u00e9cnicas y organizativas necesarias para proteger los datos personales\ncontra la destrucci\u00f3n accidental o ilegal, p\u00e9rdida accidental, alteraci\u00f3n,\ndifusi\u00f3n o acceso no autorizado y contra cualquier otra forma de tratamiento\nilegal.<\/p>\n\n\n\n<p>En cualquier caso, MOT &#8211; MEMORIES OF TOMORROW sigue siendo\nresponsable de los datos personales puestos a su disposici\u00f3n.<\/p>\n\n\n\n<p>\u00bfC\u00d3MO PUEDE SABER CUALQUIER CAMBIO EN LA POL\u00cdTICA DE\nPROTECCI\u00d3N DE DATOS PERSONALES DE PT PORTUGAL?<\/p>\n\n\n\n<p>MOT &#8211; MEMORIES OF TOMORROW se reserva el derecho, en\ncualquier momento, de reajustar o modificar esta Pol\u00edtica de protecci\u00f3n de\ndatos personales, y dichos cambios se publicitan debidamente en los diversos\ncanales de comunicaci\u00f3n de MOT &#8211; MEMORIES OF TOMORROW.<\/p>\n\n\n\n<p>\u00bfC\u00d3MO TE PUEDES QUEJAR?<\/p>\n\n\n\n<p>Sin perjuicio de poder presentar quejas directamente a MOT &#8211;\nMEMORIES OF TOMORROW, a trav\u00e9s de los contactos disponibles para este\nprop\u00f3sito, el Cliente \/ Usuario puede presentar una queja directamente a la\nAutoridad de Control, que es la Comisi\u00f3n Nacional de Protecci\u00f3n de Datos\n(CNPD), utilizando los contactos proporcionados por esta entidad para ese\nprop\u00f3sito.<\/p>\n","protected":false},"excerpt":{"rendered":"<p>MOT &#8211; ESPECT\u00c1CULOS E ENTRETENIMENTO, LDA., Con sede en Rua da Fundi\u00e7\u00e3o, 240, 3700-119, S\u00e3o Jo\u00e3o da Madeira y registrada en la Oficina de Registro Comercial competente con el n\u00famero de registro \u00fanico y la persona jur\u00eddica 514 537 965, en adelante MOT &#8211; MEMORIES OF TOMORROW, es una organizaci\u00f3n dedicada a la organizaci\u00f3n y [&#8230;]<\/p>\n<p><a class=\"btn btn-secondary understrap-read-more-link\" href=\"https:\/\/22.rfmsomnii.com\/es\/politica-de-privacidad\/\">Leer m\u00e1s&#8230;<\/a><\/p>\n","protected":false},"author":29,"featured_media":0,"parent":0,"menu_order":0,"comment_status":"closed","ping_status":"closed","template":"","meta":[],"acf":[],"yoast_head":"<!-- This site is optimized with the Yoast SEO plugin v19.4 - https:\/\/yoast.com\/wordpress\/plugins\/seo\/ -->\n<title>Pol\u00edtica de Privacidad - RFM SOMNII<\/title>\n<meta name=\"robots\" content=\"noindex, follow, max-snippet:-1, max-image-preview:large, max-video-preview:-1\" \/>\n<meta property=\"og:locale\" content=\"es_ES\" \/>\n<meta property=\"og:type\" content=\"article\" \/>\n<meta property=\"og:title\" content=\"Pol\u00edtica de Privacidad - RFM SOMNII\" \/>\n<meta property=\"og:description\" content=\"MOT &#8211; ESPECT\u00c1CULOS E ENTRETENIMENTO, LDA., Con sede en Rua da Fundi\u00e7\u00e3o, 240, 3700-119, S\u00e3o Jo\u00e3o da Madeira y registrada en la Oficina de Registro Comercial competente con el n\u00famero de registro \u00fanico y la persona jur\u00eddica 514 537 965, en adelante MOT &#8211; MEMORIES OF TOMORROW, es una organizaci\u00f3n dedicada a la organizaci\u00f3n y [...]Leer m\u00e1s...\" \/>\n<meta property=\"og:url\" content=\"https:\/\/22.rfmsomnii.com\/es\/politica-de-privacidad\/\" \/>\n<meta property=\"og:site_name\" content=\"RFM SOMNII\" \/>\n<meta property=\"article:modified_time\" content=\"2021-02-26T12:19:43+00:00\" \/>\n<meta name=\"twitter:card\" content=\"summary_large_image\" \/>\n<meta name=\"twitter:label1\" content=\"Est. reading time\" \/>\n\t<meta name=\"twitter:data1\" content=\"12 minutes\" \/>\n<script type=\"application\/ld+json\" class=\"yoast-schema-graph\">{\"@context\":\"https:\/\/schema.org\",\"@graph\":[{\"@type\":\"Organization\",\"@id\":\"https:\/\/22.rfmsomnii.com\/#organization\",\"name\":\"RFM SOMNII\",\"url\":\"https:\/\/22.rfmsomnii.com\/\",\"sameAs\":[],\"logo\":{\"@type\":\"ImageObject\",\"inLanguage\":\"es-ES\",\"@id\":\"https:\/\/22.rfmsomnii.com\/#\/schema\/logo\/image\/\",\"url\":\"https:\/\/22.rfmsomnii.com\/wp-content\/uploads\/2022\/01\/rfm_logo_2022.png\",\"contentUrl\":\"https:\/\/22.rfmsomnii.com\/wp-content\/uploads\/2022\/01\/rfm_logo_2022.png\",\"width\":99,\"height\":72,\"caption\":\"RFM SOMNII\"},\"image\":{\"@id\":\"https:\/\/22.rfmsomnii.com\/#\/schema\/logo\/image\/\"}},{\"@type\":\"WebSite\",\"@id\":\"https:\/\/22.rfmsomnii.com\/#website\",\"url\":\"https:\/\/22.rfmsomnii.com\/\",\"name\":\"RFM SOMNII\",\"description\":\"O Maior Sunset de Sempre!\",\"publisher\":{\"@id\":\"https:\/\/22.rfmsomnii.com\/#organization\"},\"potentialAction\":[{\"@type\":\"SearchAction\",\"target\":{\"@type\":\"EntryPoint\",\"urlTemplate\":\"https:\/\/22.rfmsomnii.com\/?s={search_term_string}\"},\"query-input\":\"required name=search_term_string\"}],\"inLanguage\":\"es-ES\"},{\"@type\":\"WebPage\",\"@id\":\"https:\/\/22.rfmsomnii.com\/es\/politica-de-privacidad\/\",\"url\":\"https:\/\/22.rfmsomnii.com\/es\/politica-de-privacidad\/\",\"name\":\"Pol\u00edtica de Privacidad - RFM SOMNII\",\"isPartOf\":{\"@id\":\"https:\/\/22.rfmsomnii.com\/#website\"},\"datePublished\":\"2018-04-17T10:41:40+00:00\",\"dateModified\":\"2021-02-26T12:19:43+00:00\",\"breadcrumb\":{\"@id\":\"https:\/\/22.rfmsomnii.com\/es\/politica-de-privacidad\/#breadcrumb\"},\"inLanguage\":\"es-ES\",\"potentialAction\":[{\"@type\":\"ReadAction\",\"target\":[\"https:\/\/22.rfmsomnii.com\/es\/politica-de-privacidad\/\"]}]},{\"@type\":\"BreadcrumbList\",\"@id\":\"https:\/\/22.rfmsomnii.com\/es\/politica-de-privacidad\/#breadcrumb\",\"itemListElement\":[{\"@type\":\"ListItem\",\"position\":1,\"name\":\"In\u00edcio\",\"item\":\"https:\/\/22.rfmsomnii.com\/es\/\"},{\"@type\":\"ListItem\",\"position\":2,\"name\":\"RFM SOMNI &#8211; POL\u00cdTICA DE PRIVACIDAD\"}]}]}<\/script>\n<!-- \/ Yoast SEO plugin. -->","yoast_head_json":{"title":"Pol\u00edtica de Privacidad - RFM SOMNII","robots":{"index":"noindex","follow":"follow","max-snippet":"max-snippet:-1","max-image-preview":"max-image-preview:large","max-video-preview":"max-video-preview:-1"},"og_locale":"es_ES","og_type":"article","og_title":"Pol\u00edtica de Privacidad - RFM SOMNII","og_description":"MOT &#8211; ESPECT\u00c1CULOS E ENTRETENIMENTO, LDA., Con sede en Rua da Fundi\u00e7\u00e3o, 240, 3700-119, S\u00e3o Jo\u00e3o da Madeira y registrada en la Oficina de Registro Comercial competente con el n\u00famero de registro \u00fanico y la persona jur\u00eddica 514 537 965, en adelante MOT &#8211; MEMORIES OF TOMORROW, es una organizaci\u00f3n dedicada a la organizaci\u00f3n y [...]Leer m\u00e1s...","og_url":"https:\/\/22.rfmsomnii.com\/es\/politica-de-privacidad\/","og_site_name":"RFM SOMNII","article_modified_time":"2021-02-26T12:19:43+00:00","twitter_card":"summary_large_image","twitter_misc":{"Est. reading time":"12 minutes"},"schema":{"@context":"https:\/\/schema.org","@graph":[{"@type":"Organization","@id":"https:\/\/22.rfmsomnii.com\/#organization","name":"RFM SOMNII","url":"https:\/\/22.rfmsomnii.com\/","sameAs":[],"logo":{"@type":"ImageObject","inLanguage":"es-ES","@id":"https:\/\/22.rfmsomnii.com\/#\/schema\/logo\/image\/","url":"https:\/\/22.rfmsomnii.com\/wp-content\/uploads\/2022\/01\/rfm_logo_2022.png","contentUrl":"https:\/\/22.rfmsomnii.com\/wp-content\/uploads\/2022\/01\/rfm_logo_2022.png","width":99,"height":72,"caption":"RFM SOMNII"},"image":{"@id":"https:\/\/22.rfmsomnii.com\/#\/schema\/logo\/image\/"}},{"@type":"WebSite","@id":"https:\/\/22.rfmsomnii.com\/#website","url":"https:\/\/22.rfmsomnii.com\/","name":"RFM SOMNII","description":"O Maior Sunset de Sempre!","publisher":{"@id":"https:\/\/22.rfmsomnii.com\/#organization"},"potentialAction":[{"@type":"SearchAction","target":{"@type":"EntryPoint","urlTemplate":"https:\/\/22.rfmsomnii.com\/?s={search_term_string}"},"query-input":"required name=search_term_string"}],"inLanguage":"es-ES"},{"@type":"WebPage","@id":"https:\/\/22.rfmsomnii.com\/es\/politica-de-privacidad\/","url":"https:\/\/22.rfmsomnii.com\/es\/politica-de-privacidad\/","name":"Pol\u00edtica de Privacidad - RFM SOMNII","isPartOf":{"@id":"https:\/\/22.rfmsomnii.com\/#website"},"datePublished":"2018-04-17T10:41:40+00:00","dateModified":"2021-02-26T12:19:43+00:00","breadcrumb":{"@id":"https:\/\/22.rfmsomnii.com\/es\/politica-de-privacidad\/#breadcrumb"},"inLanguage":"es-ES","potentialAction":[{"@type":"ReadAction","target":["https:\/\/22.rfmsomnii.com\/es\/politica-de-privacidad\/"]}]},{"@type":"BreadcrumbList","@id":"https:\/\/22.rfmsomnii.com\/es\/politica-de-privacidad\/#breadcrumb","itemListElement":[{"@type":"ListItem","position":1,"name":"In\u00edcio","item":"https:\/\/22.rfmsomnii.com\/es\/"},{"@type":"ListItem","position":2,"name":"RFM SOMNI &#8211; POL\u00cdTICA DE PRIVACIDAD"}]}]}},"_links":{"self":[{"href":"https:\/\/22.rfmsomnii.com\/es\/wp-json\/wp\/v2\/pages\/10399"}],"collection":[{"href":"https:\/\/22.rfmsomnii.com\/es\/wp-json\/wp\/v2\/pages"}],"about":[{"href":"https:\/\/22.rfmsomnii.com\/es\/wp-json\/wp\/v2\/types\/page"}],"author":[{"embeddable":true,"href":"https:\/\/22.rfmsomnii.com\/es\/wp-json\/wp\/v2\/users\/29"}],"replies":[{"embeddable":true,"href":"https:\/\/22.rfmsomnii.com\/es\/wp-json\/wp\/v2\/comments?post=10399"}],"version-history":[{"count":2,"href":"https:\/\/22.rfmsomnii.com\/es\/wp-json\/wp\/v2\/pages\/10399\/revisions"}],"predecessor-version":[{"id":16158,"href":"https:\/\/22.rfmsomnii.com\/es\/wp-json\/wp\/v2\/pages\/10399\/revisions\/16158"}],"wp:attachment":[{"href":"https:\/\/22.rfmsomnii.com\/es\/wp-json\/wp\/v2\/media?parent=10399"}],"curies":[{"name":"wp","href":"https:\/\/api.w.org\/{rel}","templated":true}]}}