{"id":10230,"date":"2019-07-12T14:37:56","date_gmt":"2019-07-12T14:37:56","guid":{"rendered":"https:\/\/rfmsomnii-staging.braverinnovation.tech\/?page_id=10230"},"modified":"2020-06-25T13:31:26","modified_gmt":"2020-06-25T13:31:26","slug":"acerca-de","status":"publish","type":"page","link":"https:\/\/22.rfmsomnii.com\/es\/ediciones-anteriores\/acerca-de\/","title":{"rendered":"RFM SOMNII 2019"},"content":{"rendered":"\n<p>En 2019 la edici\u00f3n de RFM SOMNII registr\u00f3 una de las multitudes\nm\u00e1s grandes de su historia.<\/p>\n\n\n\n<p>Alrededor de <strong>200,000 personas<\/strong> visitaron la <strong>Cidade Festival<\/strong> (Ciudad Festival), un concepto innovador presentado en esta \u00faltima edici\u00f3n. Esta fiesta que abraz\u00f3 la Figueira da Foz permiti\u00f3 que la esencia del festival se propagara a varios lugares por el centro de la ciudad.<\/p>\n\n\n\n<p>Las <strong>72 horas de m\u00fasica, cultura y arte<\/strong> abrieron las puertas a 3 d\u00edas inolvidables de pura felicidad.<\/p>\n\n\n\n<p>Se revelaran nuevos g\u00e9neros musicales, y los ganadores del YAMAHA NMAX DJ CONTEST, <strong>Pepsdave, Rumble y Its_kanzo<\/strong> tuvieron la oportunidad, hiceron los honores y brillaran en El Mayor Sunset de Siempre. <\/p>\n\n\n\n<p>En el escenario RFM escuchamos a grandes nombres de EDM como <strong>Afrojack, DJ Snake, Don Diablo y Alesso<\/strong>. <strong>Ozuna <\/strong>ha introducido el Reggaeton en esta playa y <strong>Tyga <\/strong>el Hip Hop.<\/p>\n\n\n\n<p><strong>Piruka, Dealema, Tay, Waze y Valas<\/strong> fueron algunos de los artistas que nos ense\u00f1aran actuaciones incre\u00edbles y fueron noticia en el escenario BLITZ \/ SIC RADICAL.<\/p>\n\n\n\n<p>Fueran 3 d\u00edas de novedades, emociones intensas y recuerdos que durar\u00e1n en el tiempo. En 2019 se hizo historia y RFM SOMNII se elev\u00f3 a nuevas niveles.<\/p>\n\n\n\n<p>\u00a1 La pr\u00f3xima edici\u00f3n va a ser a\u00fan m\u00e1s sorprendente!<\/p>\n\n\n\n<h2 style=\"text-align:center\">Galer\u00eda de im\u00e1genes<\/h2>\n\n\n\n<ul class=\"wp-block-gallery columns-3 is-cropped\"><li class=\"blocks-gallery-item\"><figure><img loading=\"lazy\" width=\"1024\" height=\"683\" src=\"https:\/\/rfmsomnii.com\/wp-content\/uploads\/2019\/09\/35A6612-1024x683.jpg\" alt=\"\" data-id=\"9913\" data-link=\"https:\/\/rfmsomnii.com\/rfm-somnii-2019\/_35a6612\/\" class=\"wp-image-9913\" srcset=\"https:\/\/22.rfmsomnii.com\/wp-content\/uploads\/2019\/09\/35A6612-1024x683.jpg 1024w, https:\/\/22.rfmsomnii.com\/wp-content\/uploads\/2019\/09\/35A6612-300x200.jpg 300w, https:\/\/22.rfmsomnii.com\/wp-content\/uploads\/2019\/09\/35A6612-768x512.jpg 768w, https:\/\/22.rfmsomnii.com\/wp-content\/uploads\/2019\/09\/35A6612-600x400.jpg 600w, https:\/\/22.rfmsomnii.com\/wp-content\/uploads\/2019\/09\/35A6612-272x182.jpg 272w, https:\/\/22.rfmsomnii.com\/wp-content\/uploads\/2019\/09\/35A6612.jpg 1920w\" sizes=\"(max-width: 1024px) 100vw, 1024px\" \/><\/figure><\/li><li class=\"blocks-gallery-item\"><figure><img loading=\"lazy\" width=\"1024\" height=\"683\" src=\"https:\/\/rfmsomnii.com\/wp-content\/uploads\/2019\/09\/35A8020-1024x683.jpg\" alt=\"\" data-id=\"9915\" data-link=\"https:\/\/rfmsomnii.com\/rfm-somnii-2019\/_35a8020\/\" class=\"wp-image-9915\" srcset=\"https:\/\/22.rfmsomnii.com\/wp-content\/uploads\/2019\/09\/35A8020-1024x683.jpg 1024w, https:\/\/22.rfmsomnii.com\/wp-content\/uploads\/2019\/09\/35A8020-300x200.jpg 300w, https:\/\/22.rfmsomnii.com\/wp-content\/uploads\/2019\/09\/35A8020-768x512.jpg 768w, https:\/\/22.rfmsomnii.com\/wp-content\/uploads\/2019\/09\/35A8020-600x400.jpg 600w, https:\/\/22.rfmsomnii.com\/wp-content\/uploads\/2019\/09\/35A8020-272x182.jpg 272w, https:\/\/22.rfmsomnii.com\/wp-content\/uploads\/2019\/09\/35A8020.jpg 1920w\" sizes=\"(max-width: 1024px) 100vw, 1024px\" \/><\/figure><\/li><li class=\"blocks-gallery-item\"><figure><img loading=\"lazy\" width=\"1024\" height=\"683\" src=\"https:\/\/rfmsomnii.com\/wp-content\/uploads\/2019\/09\/35A8730-1024x683.jpg\" alt=\"\" data-id=\"9917\" data-link=\"https:\/\/rfmsomnii.com\/rfm-somnii-2019\/_35a8730\/\" class=\"wp-image-9917\" srcset=\"https:\/\/22.rfmsomnii.com\/wp-content\/uploads\/2019\/09\/35A8730-1024x683.jpg 1024w, https:\/\/22.rfmsomnii.com\/wp-content\/uploads\/2019\/09\/35A8730-300x200.jpg 300w, https:\/\/22.rfmsomnii.com\/wp-content\/uploads\/2019\/09\/35A8730-768x512.jpg 768w, https:\/\/22.rfmsomnii.com\/wp-content\/uploads\/2019\/09\/35A8730-600x400.jpg 600w, https:\/\/22.rfmsomnii.com\/wp-content\/uploads\/2019\/09\/35A8730-272x182.jpg 272w, https:\/\/22.rfmsomnii.com\/wp-content\/uploads\/2019\/09\/35A8730.jpg 1920w\" sizes=\"(max-width: 1024px) 100vw, 1024px\" \/><\/figure><\/li><li class=\"blocks-gallery-item\"><figure><img loading=\"lazy\" width=\"1024\" height=\"683\" src=\"https:\/\/rfmsomnii.com\/wp-content\/uploads\/2019\/09\/35A8937-1024x683.jpg\" alt=\"\" data-id=\"9919\" data-link=\"https:\/\/rfmsomnii.com\/rfm-somnii-2019\/_35a8937\/\" class=\"wp-image-9919\" srcset=\"https:\/\/22.rfmsomnii.com\/wp-content\/uploads\/2019\/09\/35A8937-1024x683.jpg 1024w, https:\/\/22.rfmsomnii.com\/wp-content\/uploads\/2019\/09\/35A8937-300x200.jpg 300w, https:\/\/22.rfmsomnii.com\/wp-content\/uploads\/2019\/09\/35A8937-768x512.jpg 768w, https:\/\/22.rfmsomnii.com\/wp-content\/uploads\/2019\/09\/35A8937-600x400.jpg 600w, https:\/\/22.rfmsomnii.com\/wp-content\/uploads\/2019\/09\/35A8937-272x182.jpg 272w, https:\/\/22.rfmsomnii.com\/wp-content\/uploads\/2019\/09\/35A8937.jpg 1920w\" sizes=\"(max-width: 1024px) 100vw, 1024px\" \/><\/figure><\/li><li class=\"blocks-gallery-item\"><figure><img loading=\"lazy\" width=\"1024\" height=\"683\" src=\"https:\/\/rfmsomnii.com\/wp-content\/uploads\/2019\/09\/35A9008-1024x683.jpg\" alt=\"\" data-id=\"9921\" data-link=\"https:\/\/rfmsomnii.com\/rfm-somnii-2019\/_35a9008\/\" class=\"wp-image-9921\" srcset=\"https:\/\/22.rfmsomnii.com\/wp-content\/uploads\/2019\/09\/35A9008-1024x683.jpg 1024w, https:\/\/22.rfmsomnii.com\/wp-content\/uploads\/2019\/09\/35A9008-300x200.jpg 300w, https:\/\/22.rfmsomnii.com\/wp-content\/uploads\/2019\/09\/35A9008-768x512.jpg 768w, https:\/\/22.rfmsomnii.com\/wp-content\/uploads\/2019\/09\/35A9008-600x400.jpg 600w, https:\/\/22.rfmsomnii.com\/wp-content\/uploads\/2019\/09\/35A9008-272x182.jpg 272w, https:\/\/22.rfmsomnii.com\/wp-content\/uploads\/2019\/09\/35A9008.jpg 1920w\" sizes=\"(max-width: 1024px) 100vw, 1024px\" \/><\/figure><\/li><li class=\"blocks-gallery-item\"><figure><img loading=\"lazy\" width=\"1024\" height=\"683\" src=\"https:\/\/rfmsomnii.com\/wp-content\/uploads\/2019\/09\/35A9292-1024x683.jpg\" alt=\"\" data-id=\"9923\" data-link=\"https:\/\/rfmsomnii.com\/rfm-somnii-2019\/_35a9292\/\" class=\"wp-image-9923\" srcset=\"https:\/\/22.rfmsomnii.com\/wp-content\/uploads\/2019\/09\/35A9292-1024x683.jpg 1024w, https:\/\/22.rfmsomnii.com\/wp-content\/uploads\/2019\/09\/35A9292-300x200.jpg 300w, https:\/\/22.rfmsomnii.com\/wp-content\/uploads\/2019\/09\/35A9292-768x512.jpg 768w, https:\/\/22.rfmsomnii.com\/wp-content\/uploads\/2019\/09\/35A9292-600x400.jpg 600w, https:\/\/22.rfmsomnii.com\/wp-content\/uploads\/2019\/09\/35A9292-272x182.jpg 272w, https:\/\/22.rfmsomnii.com\/wp-content\/uploads\/2019\/09\/35A9292.jpg 1920w\" sizes=\"(max-width: 1024px) 100vw, 1024px\" \/><\/figure><\/li><li class=\"blocks-gallery-item\"><figure><img loading=\"lazy\" width=\"1024\" height=\"683\" src=\"https:\/\/rfmsomnii.com\/wp-content\/uploads\/2019\/09\/78I0189-1024x683.jpg\" alt=\"\" data-id=\"9925\" data-link=\"https:\/\/rfmsomnii.com\/rfm-somnii-2019\/_78i0189\/\" class=\"wp-image-9925\" srcset=\"https:\/\/22.rfmsomnii.com\/wp-content\/uploads\/2019\/09\/78I0189-1024x683.jpg 1024w, https:\/\/22.rfmsomnii.com\/wp-content\/uploads\/2019\/09\/78I0189-300x200.jpg 300w, https:\/\/22.rfmsomnii.com\/wp-content\/uploads\/2019\/09\/78I0189-768x512.jpg 768w, https:\/\/22.rfmsomnii.com\/wp-content\/uploads\/2019\/09\/78I0189-600x400.jpg 600w, https:\/\/22.rfmsomnii.com\/wp-content\/uploads\/2019\/09\/78I0189-272x182.jpg 272w, https:\/\/22.rfmsomnii.com\/wp-content\/uploads\/2019\/09\/78I0189.jpg 1920w\" sizes=\"(max-width: 1024px) 100vw, 1024px\" \/><\/figure><\/li><li class=\"blocks-gallery-item\"><figure><img src=\"https:\/\/rfmsomnii.com\/wp-content\/uploads\/2019\/09\/78I6751-1024x683.gif\" alt=\"\" data-id=\"9927\" data-link=\"https:\/\/rfmsomnii.com\/rfm-somnii-2019\/_78i6751\/\" class=\"wp-image-9927\"\/><\/figure><\/li><li class=\"blocks-gallery-item\"><figure><img loading=\"lazy\" width=\"1024\" height=\"683\" src=\"https:\/\/rfmsomnii.com\/wp-content\/uploads\/2019\/09\/78I6776-1024x683.gif\" alt=\"\" data-id=\"9929\" data-link=\"https:\/\/rfmsomnii.com\/rfm-somnii-2019\/_78i6776\/\" class=\"wp-image-9929\" srcset=\"https:\/\/22.rfmsomnii.com\/wp-content\/uploads\/2019\/09\/78I6776-1024x683.gif 1024w, https:\/\/22.rfmsomnii.com\/wp-content\/uploads\/2019\/09\/78I6776-300x200.gif 300w, https:\/\/22.rfmsomnii.com\/wp-content\/uploads\/2019\/09\/78I6776-768x512.gif 768w, https:\/\/22.rfmsomnii.com\/wp-content\/uploads\/2019\/09\/78I6776-600x400.gif 600w, https:\/\/22.rfmsomnii.com\/wp-content\/uploads\/2019\/09\/78I6776-272x182.gif 272w\" sizes=\"(max-width: 1024px) 100vw, 1024px\" \/><\/figure><\/li><li class=\"blocks-gallery-item\"><figure><img loading=\"lazy\" width=\"1024\" height=\"683\" src=\"https:\/\/rfmsomnii.com\/wp-content\/uploads\/2019\/09\/78I9421-1024x683.jpg\" alt=\"\" data-id=\"9931\" data-link=\"https:\/\/rfmsomnii.com\/rfm-somnii-2019\/_78i9421\/\" class=\"wp-image-9931\" srcset=\"https:\/\/22.rfmsomnii.com\/wp-content\/uploads\/2019\/09\/78I9421-1024x683.jpg 1024w, https:\/\/22.rfmsomnii.com\/wp-content\/uploads\/2019\/09\/78I9421-300x200.jpg 300w, https:\/\/22.rfmsomnii.com\/wp-content\/uploads\/2019\/09\/78I9421-768x512.jpg 768w, https:\/\/22.rfmsomnii.com\/wp-content\/uploads\/2019\/09\/78I9421-600x400.jpg 600w, https:\/\/22.rfmsomnii.com\/wp-content\/uploads\/2019\/09\/78I9421-272x182.jpg 272w, https:\/\/22.rfmsomnii.com\/wp-content\/uploads\/2019\/09\/78I9421.jpg 1920w\" sizes=\"(max-width: 1024px) 100vw, 1024px\" \/><\/figure><\/li><li class=\"blocks-gallery-item\"><figure><img loading=\"lazy\" width=\"1024\" height=\"683\" src=\"https:\/\/rfmsomnii.com\/wp-content\/uploads\/2019\/09\/78I9897-1024x683.jpg\" alt=\"\" data-id=\"9933\" data-link=\"https:\/\/rfmsomnii.com\/rfm-somnii-2019\/_78i9897\/\" class=\"wp-image-9933\" srcset=\"https:\/\/22.rfmsomnii.com\/wp-content\/uploads\/2019\/09\/78I9897-1024x683.jpg 1024w, https:\/\/22.rfmsomnii.com\/wp-content\/uploads\/2019\/09\/78I9897-300x200.jpg 300w, https:\/\/22.rfmsomnii.com\/wp-content\/uploads\/2019\/09\/78I9897-768x512.jpg 768w, https:\/\/22.rfmsomnii.com\/wp-content\/uploads\/2019\/09\/78I9897-600x400.jpg 600w, https:\/\/22.rfmsomnii.com\/wp-content\/uploads\/2019\/09\/78I9897-272x182.jpg 272w, https:\/\/22.rfmsomnii.com\/wp-content\/uploads\/2019\/09\/78I9897.jpg 1920w\" sizes=\"(max-width: 1024px) 100vw, 1024px\" \/><\/figure><\/li><li class=\"blocks-gallery-item\"><figure><img loading=\"lazy\" width=\"1024\" height=\"683\" src=\"https:\/\/rfmsomnii.com\/wp-content\/uploads\/2019\/09\/89A1282-1024x683.jpg\" alt=\"\" data-id=\"9935\" data-link=\"https:\/\/rfmsomnii.com\/rfm-somnii-2019\/_89a1282\/\" class=\"wp-image-9935\" srcset=\"https:\/\/22.rfmsomnii.com\/wp-content\/uploads\/2019\/09\/89A1282-1024x683.jpg 1024w, https:\/\/22.rfmsomnii.com\/wp-content\/uploads\/2019\/09\/89A1282-300x200.jpg 300w, https:\/\/22.rfmsomnii.com\/wp-content\/uploads\/2019\/09\/89A1282-768x512.jpg 768w, https:\/\/22.rfmsomnii.com\/wp-content\/uploads\/2019\/09\/89A1282-600x400.jpg 600w, https:\/\/22.rfmsomnii.com\/wp-content\/uploads\/2019\/09\/89A1282-272x182.jpg 272w, https:\/\/22.rfmsomnii.com\/wp-content\/uploads\/2019\/09\/89A1282.jpg 1920w\" sizes=\"(max-width: 1024px) 100vw, 1024px\" \/><\/figure><\/li><li class=\"blocks-gallery-item\"><figure><img loading=\"lazy\" width=\"1024\" height=\"683\" src=\"https:\/\/rfmsomnii.com\/wp-content\/uploads\/2019\/09\/89A4917-1024x683.jpg\" alt=\"\" data-id=\"9937\" data-link=\"https:\/\/rfmsomnii.com\/rfm-somnii-2019\/_89a4917\/\" class=\"wp-image-9937\" srcset=\"https:\/\/22.rfmsomnii.com\/wp-content\/uploads\/2019\/09\/89A4917-1024x683.jpg 1024w, https:\/\/22.rfmsomnii.com\/wp-content\/uploads\/2019\/09\/89A4917-300x200.jpg 300w, https:\/\/22.rfmsomnii.com\/wp-content\/uploads\/2019\/09\/89A4917-768x512.jpg 768w, https:\/\/22.rfmsomnii.com\/wp-content\/uploads\/2019\/09\/89A4917-600x400.jpg 600w, https:\/\/22.rfmsomnii.com\/wp-content\/uploads\/2019\/09\/89A4917-272x182.jpg 272w, https:\/\/22.rfmsomnii.com\/wp-content\/uploads\/2019\/09\/89A4917.jpg 1920w\" sizes=\"(max-width: 1024px) 100vw, 1024px\" \/><\/figure><\/li><li class=\"blocks-gallery-item\"><figure><img loading=\"lazy\" width=\"1024\" height=\"683\" src=\"https:\/\/rfmsomnii.com\/wp-content\/uploads\/2019\/09\/89A8639-1024x683.jpg\" alt=\"\" data-id=\"9939\" data-link=\"https:\/\/rfmsomnii.com\/rfm-somnii-2019\/_89a8639\/\" class=\"wp-image-9939\" srcset=\"https:\/\/22.rfmsomnii.com\/wp-content\/uploads\/2019\/09\/89A8639-1024x683.jpg 1024w, https:\/\/22.rfmsomnii.com\/wp-content\/uploads\/2019\/09\/89A8639-300x200.jpg 300w, https:\/\/22.rfmsomnii.com\/wp-content\/uploads\/2019\/09\/89A8639-768x512.jpg 768w, https:\/\/22.rfmsomnii.com\/wp-content\/uploads\/2019\/09\/89A8639-600x400.jpg 600w, https:\/\/22.rfmsomnii.com\/wp-content\/uploads\/2019\/09\/89A8639-272x182.jpg 272w, https:\/\/22.rfmsomnii.com\/wp-content\/uploads\/2019\/09\/89A8639.jpg 1920w\" sizes=\"(max-width: 1024px) 100vw, 1024px\" \/><\/figure><\/li><li class=\"blocks-gallery-item\"><figure><img loading=\"lazy\" width=\"1024\" height=\"683\" src=\"https:\/\/rfmsomnii.com\/wp-content\/uploads\/2019\/09\/89A8706-1024x683.jpg\" alt=\"\" data-id=\"9941\" data-link=\"https:\/\/rfmsomnii.com\/rfm-somnii-2019\/_89a8706\/\" class=\"wp-image-9941\" srcset=\"https:\/\/22.rfmsomnii.com\/wp-content\/uploads\/2019\/09\/89A8706-1024x683.jpg 1024w, https:\/\/22.rfmsomnii.com\/wp-content\/uploads\/2019\/09\/89A8706-300x200.jpg 300w, https:\/\/22.rfmsomnii.com\/wp-content\/uploads\/2019\/09\/89A8706-768x512.jpg 768w, https:\/\/22.rfmsomnii.com\/wp-content\/uploads\/2019\/09\/89A8706-600x400.jpg 600w, https:\/\/22.rfmsomnii.com\/wp-content\/uploads\/2019\/09\/89A8706-272x182.jpg 272w, https:\/\/22.rfmsomnii.com\/wp-content\/uploads\/2019\/09\/89A8706.jpg 1920w\" sizes=\"(max-width: 1024px) 100vw, 1024px\" \/><\/figure><\/li><li class=\"blocks-gallery-item\"><figure><img loading=\"lazy\" width=\"1024\" height=\"683\" src=\"https:\/\/rfmsomnii.com\/wp-content\/uploads\/2019\/09\/89A9919-1024x683.jpg\" alt=\"\" data-id=\"9943\" data-link=\"https:\/\/rfmsomnii.com\/rfm-somnii-2019\/_89a9919\/\" class=\"wp-image-9943\" srcset=\"https:\/\/22.rfmsomnii.com\/wp-content\/uploads\/2019\/09\/89A9919-1024x683.jpg 1024w, https:\/\/22.rfmsomnii.com\/wp-content\/uploads\/2019\/09\/89A9919-300x200.jpg 300w, https:\/\/22.rfmsomnii.com\/wp-content\/uploads\/2019\/09\/89A9919-768x512.jpg 768w, https:\/\/22.rfmsomnii.com\/wp-content\/uploads\/2019\/09\/89A9919-600x400.jpg 600w, https:\/\/22.rfmsomnii.com\/wp-content\/uploads\/2019\/09\/89A9919-272x182.jpg 272w, https:\/\/22.rfmsomnii.com\/wp-content\/uploads\/2019\/09\/89A9919.jpg 1920w\" sizes=\"(max-width: 1024px) 100vw, 1024px\" \/><\/figure><\/li><li class=\"blocks-gallery-item\"><figure><img loading=\"lazy\" width=\"1024\" height=\"576\" src=\"https:\/\/rfmsomnii.com\/wp-content\/uploads\/2019\/09\/DJI_0835-1024x576.jpg\" alt=\"\" data-id=\"9945\" data-link=\"https:\/\/rfmsomnii.com\/rfm-somnii-2019\/dji_0835\/\" class=\"wp-image-9945\" srcset=\"https:\/\/22.rfmsomnii.com\/wp-content\/uploads\/2019\/09\/DJI_0835-1024x576.jpg 1024w, https:\/\/22.rfmsomnii.com\/wp-content\/uploads\/2019\/09\/DJI_0835-300x169.jpg 300w, https:\/\/22.rfmsomnii.com\/wp-content\/uploads\/2019\/09\/DJI_0835-768x432.jpg 768w, https:\/\/22.rfmsomnii.com\/wp-content\/uploads\/2019\/09\/DJI_0835.jpg 1920w\" sizes=\"(max-width: 1024px) 100vw, 1024px\" \/><\/figure><\/li><li class=\"blocks-gallery-item\"><figure><img loading=\"lazy\" width=\"1024\" height=\"686\" src=\"https:\/\/rfmsomnii.com\/wp-content\/uploads\/2019\/09\/DSC00296-1024x686.jpg\" alt=\"\" data-id=\"9947\" data-link=\"https:\/\/rfmsomnii.com\/rfm-somnii-2019\/dsc00296\/\" class=\"wp-image-9947\" srcset=\"https:\/\/22.rfmsomnii.com\/wp-content\/uploads\/2019\/09\/DSC00296-1024x686.jpg 1024w, https:\/\/22.rfmsomnii.com\/wp-content\/uploads\/2019\/09\/DSC00296-300x201.jpg 300w, https:\/\/22.rfmsomnii.com\/wp-content\/uploads\/2019\/09\/DSC00296-768x514.jpg 768w, https:\/\/22.rfmsomnii.com\/wp-content\/uploads\/2019\/09\/DSC00296-272x182.jpg 272w, https:\/\/22.rfmsomnii.com\/wp-content\/uploads\/2019\/09\/DSC00296.jpg 1920w\" sizes=\"(max-width: 1024px) 100vw, 1024px\" \/><\/figure><\/li><li class=\"blocks-gallery-item\"><figure><img loading=\"lazy\" width=\"1024\" height=\"683\" src=\"https:\/\/rfmsomnii.com\/wp-content\/uploads\/2019\/09\/DSC01299-1024x683.jpg\" alt=\"\" data-id=\"9949\" data-link=\"https:\/\/rfmsomnii.com\/rfm-somnii-2019\/dsc01299\/\" class=\"wp-image-9949\" srcset=\"https:\/\/22.rfmsomnii.com\/wp-content\/uploads\/2019\/09\/DSC01299-1024x683.jpg 1024w, https:\/\/22.rfmsomnii.com\/wp-content\/uploads\/2019\/09\/DSC01299-300x200.jpg 300w, https:\/\/22.rfmsomnii.com\/wp-content\/uploads\/2019\/09\/DSC01299-768x512.jpg 768w, https:\/\/22.rfmsomnii.com\/wp-content\/uploads\/2019\/09\/DSC01299-600x400.jpg 600w, https:\/\/22.rfmsomnii.com\/wp-content\/uploads\/2019\/09\/DSC01299-272x182.jpg 272w, https:\/\/22.rfmsomnii.com\/wp-content\/uploads\/2019\/09\/DSC01299.jpg 1920w\" sizes=\"(max-width: 1024px) 100vw, 1024px\" \/><\/figure><\/li><li class=\"blocks-gallery-item\"><figure><img loading=\"lazy\" width=\"1024\" height=\"683\" src=\"https:\/\/rfmsomnii.com\/wp-content\/uploads\/2019\/09\/IMG_9849-1024x683.jpg\" alt=\"\" data-id=\"9951\" data-link=\"https:\/\/rfmsomnii.com\/rfm-somnii-2019\/img_9849\/\" class=\"wp-image-9951\" srcset=\"https:\/\/22.rfmsomnii.com\/wp-content\/uploads\/2019\/09\/IMG_9849-1024x683.jpg 1024w, https:\/\/22.rfmsomnii.com\/wp-content\/uploads\/2019\/09\/IMG_9849-300x200.jpg 300w, https:\/\/22.rfmsomnii.com\/wp-content\/uploads\/2019\/09\/IMG_9849-768x512.jpg 768w, https:\/\/22.rfmsomnii.com\/wp-content\/uploads\/2019\/09\/IMG_9849-600x400.jpg 600w, https:\/\/22.rfmsomnii.com\/wp-content\/uploads\/2019\/09\/IMG_9849-272x182.jpg 272w, https:\/\/22.rfmsomnii.com\/wp-content\/uploads\/2019\/09\/IMG_9849.jpg 1920w\" sizes=\"(max-width: 1024px) 100vw, 1024px\" \/><\/figure><\/li><\/ul>\n","protected":false},"excerpt":{"rendered":"<p>En 2019 la edici\u00f3n de RFM SOMNII registr\u00f3 una de las multitudes m\u00e1s grandes de su historia. Alrededor de 200,000 personas visitaron la Cidade Festival (Ciudad Festival), un concepto innovador presentado en esta \u00faltima edici\u00f3n. Esta fiesta que abraz\u00f3 la Figueira da Foz permiti\u00f3 que la esencia del festival se propagara a varios lugares por [&#8230;]<\/p>\n<p><a class=\"btn btn-secondary understrap-read-more-link\" href=\"https:\/\/22.rfmsomnii.com\/es\/ediciones-anteriores\/acerca-de\/\">Leer m\u00e1s&#8230;<\/a><\/p>\n","protected":false},"author":29,"featured_media":16300,"parent":10202,"menu_order":0,"comment_status":"closed","ping_status":"closed","template":"","meta":[],"acf":[],"yoast_head":"<!-- This site is optimized with the Yoast SEO plugin v19.4 - https:\/\/yoast.com\/wordpress\/plugins\/seo\/ -->\n<title>RFM SOMNII 2019 - RFM SOMNII<\/title>\n<meta name=\"robots\" content=\"noindex, follow, max-snippet:-1, max-image-preview:large, max-video-preview:-1\" \/>\n<meta property=\"og:locale\" content=\"es_ES\" \/>\n<meta property=\"og:type\" content=\"article\" \/>\n<meta property=\"og:title\" content=\"RFM SOMNII 2019 - RFM SOMNII\" \/>\n<meta property=\"og:description\" content=\"En 2019 la edici\u00f3n de RFM SOMNII registr\u00f3 una de las multitudes m\u00e1s grandes de su historia. Alrededor de 200,000 personas visitaron la Cidade Festival (Ciudad Festival), un concepto innovador presentado en esta \u00faltima edici\u00f3n. Esta fiesta que abraz\u00f3 la Figueira da Foz permiti\u00f3 que la esencia del festival se propagara a varios lugares por [...]Leer m\u00e1s...\" \/>\n<meta property=\"og:url\" content=\"https:\/\/22.rfmsomnii.com\/es\/ediciones-anteriores\/acerca-de\/\" \/>\n<meta property=\"og:site_name\" content=\"RFM SOMNII\" \/>\n<meta property=\"article:modified_time\" content=\"2020-06-25T13:31:26+00:00\" \/>\n<meta property=\"og:image\" content=\"https:\/\/22.rfmsomnii.com\/wp-content\/uploads\/2020\/06\/photo_2.jpg\" \/>\n\t<meta property=\"og:image:width\" content=\"1583\" \/>\n\t<meta property=\"og:image:height\" content=\"1080\" \/>\n\t<meta property=\"og:image:type\" content=\"image\/jpeg\" \/>\n<meta name=\"twitter:card\" content=\"summary_large_image\" \/>\n<meta name=\"twitter:label1\" content=\"Est. reading time\" \/>\n\t<meta name=\"twitter:data1\" content=\"1 minute\" \/>\n<script type=\"application\/ld+json\" class=\"yoast-schema-graph\">{\"@context\":\"https:\/\/schema.org\",\"@graph\":[{\"@type\":\"Organization\",\"@id\":\"https:\/\/22.rfmsomnii.com\/#organization\",\"name\":\"RFM SOMNII\",\"url\":\"https:\/\/22.rfmsomnii.com\/\",\"sameAs\":[],\"logo\":{\"@type\":\"ImageObject\",\"inLanguage\":\"es-ES\",\"@id\":\"https:\/\/22.rfmsomnii.com\/#\/schema\/logo\/image\/\",\"url\":\"https:\/\/22.rfmsomnii.com\/wp-content\/uploads\/2022\/01\/rfm_logo_2022.png\",\"contentUrl\":\"https:\/\/22.rfmsomnii.com\/wp-content\/uploads\/2022\/01\/rfm_logo_2022.png\",\"width\":99,\"height\":72,\"caption\":\"RFM SOMNII\"},\"image\":{\"@id\":\"https:\/\/22.rfmsomnii.com\/#\/schema\/logo\/image\/\"}},{\"@type\":\"WebSite\",\"@id\":\"https:\/\/22.rfmsomnii.com\/#website\",\"url\":\"https:\/\/22.rfmsomnii.com\/\",\"name\":\"RFM SOMNII\",\"description\":\"O Maior Sunset de Sempre!\",\"publisher\":{\"@id\":\"https:\/\/22.rfmsomnii.com\/#organization\"},\"potentialAction\":[{\"@type\":\"SearchAction\",\"target\":{\"@type\":\"EntryPoint\",\"urlTemplate\":\"https:\/\/22.rfmsomnii.com\/?s={search_term_string}\"},\"query-input\":\"required name=search_term_string\"}],\"inLanguage\":\"es-ES\"},{\"@type\":\"WebPage\",\"@id\":\"https:\/\/22.rfmsomnii.com\/es\/ediciones-anteriores\/acerca-de\/\",\"url\":\"https:\/\/22.rfmsomnii.com\/es\/ediciones-anteriores\/acerca-de\/\",\"name\":\"RFM SOMNII 2019 - RFM SOMNII\",\"isPartOf\":{\"@id\":\"https:\/\/22.rfmsomnii.com\/#website\"},\"datePublished\":\"2019-07-12T14:37:56+00:00\",\"dateModified\":\"2020-06-25T13:31:26+00:00\",\"breadcrumb\":{\"@id\":\"https:\/\/22.rfmsomnii.com\/es\/ediciones-anteriores\/acerca-de\/#breadcrumb\"},\"inLanguage\":\"es-ES\",\"potentialAction\":[{\"@type\":\"ReadAction\",\"target\":[\"https:\/\/22.rfmsomnii.com\/es\/ediciones-anteriores\/acerca-de\/\"]}]},{\"@type\":\"BreadcrumbList\",\"@id\":\"https:\/\/22.rfmsomnii.com\/es\/ediciones-anteriores\/acerca-de\/#breadcrumb\",\"itemListElement\":[{\"@type\":\"ListItem\",\"position\":1,\"name\":\"In\u00edcio\",\"item\":\"https:\/\/22.rfmsomnii.com\/es\/\"},{\"@type\":\"ListItem\",\"position\":2,\"name\":\"Ediciones Anteriores\",\"item\":\"https:\/\/22.rfmsomnii.com\/es\/ediciones-anteriores\/\"},{\"@type\":\"ListItem\",\"position\":3,\"name\":\"RFM SOMNII 2019\"}]}]}<\/script>\n<!-- \/ Yoast SEO plugin. -->","yoast_head_json":{"title":"RFM SOMNII 2019 - RFM SOMNII","robots":{"index":"noindex","follow":"follow","max-snippet":"max-snippet:-1","max-image-preview":"max-image-preview:large","max-video-preview":"max-video-preview:-1"},"og_locale":"es_ES","og_type":"article","og_title":"RFM SOMNII 2019 - RFM SOMNII","og_description":"En 2019 la edici\u00f3n de RFM SOMNII registr\u00f3 una de las multitudes m\u00e1s grandes de su historia. Alrededor de 200,000 personas visitaron la Cidade Festival (Ciudad Festival), un concepto innovador presentado en esta \u00faltima edici\u00f3n. Esta fiesta que abraz\u00f3 la Figueira da Foz permiti\u00f3 que la esencia del festival se propagara a varios lugares por [...]Leer m\u00e1s...","og_url":"https:\/\/22.rfmsomnii.com\/es\/ediciones-anteriores\/acerca-de\/","og_site_name":"RFM SOMNII","article_modified_time":"2020-06-25T13:31:26+00:00","og_image":[{"width":1583,"height":1080,"url":"https:\/\/22.rfmsomnii.com\/wp-content\/uploads\/2020\/06\/photo_2.jpg","type":"image\/jpeg"}],"twitter_card":"summary_large_image","twitter_misc":{"Est. reading time":"1 minute"},"schema":{"@context":"https:\/\/schema.org","@graph":[{"@type":"Organization","@id":"https:\/\/22.rfmsomnii.com\/#organization","name":"RFM SOMNII","url":"https:\/\/22.rfmsomnii.com\/","sameAs":[],"logo":{"@type":"ImageObject","inLanguage":"es-ES","@id":"https:\/\/22.rfmsomnii.com\/#\/schema\/logo\/image\/","url":"https:\/\/22.rfmsomnii.com\/wp-content\/uploads\/2022\/01\/rfm_logo_2022.png","contentUrl":"https:\/\/22.rfmsomnii.com\/wp-content\/uploads\/2022\/01\/rfm_logo_2022.png","width":99,"height":72,"caption":"RFM SOMNII"},"image":{"@id":"https:\/\/22.rfmsomnii.com\/#\/schema\/logo\/image\/"}},{"@type":"WebSite","@id":"https:\/\/22.rfmsomnii.com\/#website","url":"https:\/\/22.rfmsomnii.com\/","name":"RFM SOMNII","description":"O Maior Sunset de Sempre!","publisher":{"@id":"https:\/\/22.rfmsomnii.com\/#organization"},"potentialAction":[{"@type":"SearchAction","target":{"@type":"EntryPoint","urlTemplate":"https:\/\/22.rfmsomnii.com\/?s={search_term_string}"},"query-input":"required name=search_term_string"}],"inLanguage":"es-ES"},{"@type":"WebPage","@id":"https:\/\/22.rfmsomnii.com\/es\/ediciones-anteriores\/acerca-de\/","url":"https:\/\/22.rfmsomnii.com\/es\/ediciones-anteriores\/acerca-de\/","name":"RFM SOMNII 2019 - RFM SOMNII","isPartOf":{"@id":"https:\/\/22.rfmsomnii.com\/#website"},"datePublished":"2019-07-12T14:37:56+00:00","dateModified":"2020-06-25T13:31:26+00:00","breadcrumb":{"@id":"https:\/\/22.rfmsomnii.com\/es\/ediciones-anteriores\/acerca-de\/#breadcrumb"},"inLanguage":"es-ES","potentialAction":[{"@type":"ReadAction","target":["https:\/\/22.rfmsomnii.com\/es\/ediciones-anteriores\/acerca-de\/"]}]},{"@type":"BreadcrumbList","@id":"https:\/\/22.rfmsomnii.com\/es\/ediciones-anteriores\/acerca-de\/#breadcrumb","itemListElement":[{"@type":"ListItem","position":1,"name":"In\u00edcio","item":"https:\/\/22.rfmsomnii.com\/es\/"},{"@type":"ListItem","position":2,"name":"Ediciones Anteriores","item":"https:\/\/22.rfmsomnii.com\/es\/ediciones-anteriores\/"},{"@type":"ListItem","position":3,"name":"RFM SOMNII 2019"}]}]}},"_links":{"self":[{"href":"https:\/\/22.rfmsomnii.com\/es\/wp-json\/wp\/v2\/pages\/10230"}],"collection":[{"href":"https:\/\/22.rfmsomnii.com\/es\/wp-json\/wp\/v2\/pages"}],"about":[{"href":"https:\/\/22.rfmsomnii.com\/es\/wp-json\/wp\/v2\/types\/page"}],"author":[{"embeddable":true,"href":"https:\/\/22.rfmsomnii.com\/es\/wp-json\/wp\/v2\/users\/29"}],"replies":[{"embeddable":true,"href":"https:\/\/22.rfmsomnii.com\/es\/wp-json\/wp\/v2\/comments?post=10230"}],"version-history":[{"count":1,"href":"https:\/\/22.rfmsomnii.com\/es\/wp-json\/wp\/v2\/pages\/10230\/revisions"}],"predecessor-version":[{"id":16303,"href":"https:\/\/22.rfmsomnii.com\/es\/wp-json\/wp\/v2\/pages\/10230\/revisions\/16303"}],"up":[{"embeddable":true,"href":"https:\/\/22.rfmsomnii.com\/es\/wp-json\/wp\/v2\/pages\/10202"}],"wp:featuredmedia":[{"embeddable":true,"href":"https:\/\/22.rfmsomnii.com\/es\/wp-json\/wp\/v2\/media\/16300"}],"wp:attachment":[{"href":"https:\/\/22.rfmsomnii.com\/es\/wp-json\/wp\/v2\/media?parent=10230"}],"curies":[{"name":"wp","href":"https:\/\/api.w.org\/{rel}","templated":true}]}}