{"id":10225,"date":"2018-11-22T18:17:54","date_gmt":"2018-11-22T18:17:54","guid":{"rendered":"https:\/\/rfmsomnii-staging.braverinnovation.tech\/?page_id=10225"},"modified":"2020-07-24T12:03:56","modified_gmt":"2020-07-24T12:03:56","slug":"rfm-somnii-2014","status":"publish","type":"page","link":"https:\/\/22.rfmsomnii.com\/es\/ediciones-anteriores\/rfm-somnii-2014\/","title":{"rendered":"RFM SOMNII 2014"},"content":{"rendered":"\n<h3>LA 3.\u00aa EDICI\u00d3N DEL RFM SOMNII, EL MEJOR <em>SUNSET<\/em> DE TODOS LOS TIEMPOS, SUPER\u00d3 TODAS LAS EXPECTATIVAS, CON M\u00c1S DE 60\u00a0000 PERSONAS EN LOS 2 D\u00cdAS QUE DUR\u00d3 EL EVENTO<\/h3>\n\n\n\n<p>RFM hizo de los 24.000 m2 de arenal de Figueira da Foz todo un templo dedicado a la m\u00fasica electr\u00f3nica, templo en el que dejaron su huella nombres de la talla de Alesso, DVBBS, W&amp;W, C\u00e9dric Gervais, Sick Individuals, Alvaro &amp; MC KC Jones, Pete Tha Zouk, Thomas Newson, Joey Dake y los DJ RFM Ant\u00f3nio Mendes, DJAY Rich y Andr\u00e9 Henriques.<\/p>\n\n\n\n<p>En el escenario, estuvieron Joana Cruz, Mariana Alvim y Carolina Camargo, que presentaron a todos los DJ y realizaron reportajes a lo largo de toda la edici\u00f3n del RFM SOMNII. El equipo de la emisora RFM no abandon\u00f3 el recinto en ning\u00fan momento y retransmiti\u00f3 para todo Portugal las emociones vividas por m\u00e1s de 60&nbsp;000 personas.<\/p>\n\n\n\n<p>Tambi\u00e9n los DJs acabaron contagiados por las buenas vibraciones de un p\u00fablico completamente entregado.Tambi\u00e9n los DJ se rindieron a las buenas vibraciones que emanaba el p\u00fablico, completamente entregado a su&nbsp;m\u00fasica. En su p\u00e1gina de Facebook, Alesso declar\u00f3 que hab\u00eda sido uno de los mejores&nbsp;espect\u00e1culos de su vida: \u00abOne of my favourite shows ever!\u00bb<\/p>\n\n\n\n<br>\n\n\n\n<h2>Galer\u00eda de im\u00e1genes<\/h2>\n\n\n\n<br>\n\n\n<style type=\"text\/css\">\n#foogallery-gallery-5870.fg-masonry { --fg-gutter: 0px; }<\/style>\n\t\t\t<div class=\"foogallery foogallery-container foogallery-masonry foogallery-lightbox-foobox fg-center fg-masonry fg-ready fg-light fg-shadow-outline fg-loading-default fg-loaded-fade-in fg-caption-hover fg-hover-fade fg-hover-zoom fg-col5\" id=\"foogallery-gallery-5870\" data-foogallery=\"{&quot;item&quot;:{&quot;showCaptionTitle&quot;:true,&quot;showCaptionDescription&quot;:true},&quot;lazy&quot;:true}\" style=\"--fg-title-line-clamp: 0; --fg-description-line-clamp: 0;\" >\n\t\t<div class=\"fg-column-width\"><\/div>\n\t<div class=\"fg-gutter-width\"><\/div>\n\t\t<div class=\"fg-item fg-type-image fg-idle\"><figure class=\"fg-item-inner\"><a href=\"https:\/\/22.rfmsomnii.com\/wp-content\/uploads\/2018\/12\/Cartaz_artistas_A4_Final-016285729e-1.jpg\" data-attachment-id=\"5873\" data-type=\"image\" class=\"fg-thumb\"><span class=\"fg-image-wrap\"><img width=\"300\" height=\"424\" class=\"skip-lazy fg-image\" data-src-fg=\"https:\/\/22.rfmsomnii.com\/wp-content\/uploads\/cache\/2018\/12\/Cartaz_artistas_A4_Final-016285729e-1\/1341430096.jpg\" src=\"data:image\/svg+xml,%3Csvg%20xmlns%3D%22http%3A%2F%2Fwww.w3.org%2F2000%2Fsvg%22%20width%3D%22300%22%20height%3D%22424%22%20viewBox%3D%220%200%20300%20424%22%3E%3C%2Fsvg%3E\" loading=\"eager\"><\/span><span class=\"fg-image-overlay\"><\/span><\/a><\/figure><div class=\"fg-loader\"><\/div><\/div><div class=\"fg-item fg-type-image fg-idle\"><figure class=\"fg-item-inner\"><a href=\"https:\/\/22.rfmsomnii.com\/wp-content\/uploads\/2018\/12\/mapa_Somnii185239fb3651f62b-1.jpg\" data-attachment-id=\"5875\" data-type=\"image\" class=\"fg-thumb\"><span class=\"fg-image-wrap\"><img width=\"300\" height=\"183\" class=\"skip-lazy fg-image\" data-src-fg=\"https:\/\/22.rfmsomnii.com\/wp-content\/uploads\/cache\/2018\/12\/mapa_Somnii185239fb3651f62b-1\/211188748.jpg\" src=\"data:image\/svg+xml,%3Csvg%20xmlns%3D%22http%3A%2F%2Fwww.w3.org%2F2000%2Fsvg%22%20width%3D%22300%22%20height%3D%22183%22%20viewBox%3D%220%200%20300%20183%22%3E%3C%2Fsvg%3E\" loading=\"eager\"><\/span><span class=\"fg-image-overlay\"><\/span><\/a><\/figure><div class=\"fg-loader\"><\/div><\/div><div class=\"fg-item fg-type-image fg-idle\"><figure class=\"fg-item-inner\"><a href=\"https:\/\/22.rfmsomnii.com\/wp-content\/uploads\/2018\/12\/MG_12571372b2e0-1.jpg\" data-attachment-id=\"5877\" data-type=\"image\" class=\"fg-thumb\"><span class=\"fg-image-wrap\"><img width=\"300\" height=\"210\" class=\"skip-lazy fg-image\" data-src-fg=\"https:\/\/22.rfmsomnii.com\/wp-content\/uploads\/cache\/2018\/12\/MG_12571372b2e0-1\/138170982.jpg\" src=\"data:image\/svg+xml,%3Csvg%20xmlns%3D%22http%3A%2F%2Fwww.w3.org%2F2000%2Fsvg%22%20width%3D%22300%22%20height%3D%22210%22%20viewBox%3D%220%200%20300%20210%22%3E%3C%2Fsvg%3E\" loading=\"eager\"><\/span><span class=\"fg-image-overlay\"><\/span><\/a><\/figure><div class=\"fg-loader\"><\/div><\/div><div class=\"fg-item fg-type-image fg-idle\"><figure class=\"fg-item-inner\"><a href=\"https:\/\/22.rfmsomnii.com\/wp-content\/uploads\/2018\/12\/MG_14218712f2d9-1.jpg\" data-attachment-id=\"5879\" data-type=\"image\" class=\"fg-thumb\"><span class=\"fg-image-wrap\"><img width=\"300\" height=\"210\" class=\"skip-lazy fg-image\" data-src-fg=\"https:\/\/22.rfmsomnii.com\/wp-content\/uploads\/cache\/2018\/12\/MG_14218712f2d9-1\/1747685535.jpg\" src=\"data:image\/svg+xml,%3Csvg%20xmlns%3D%22http%3A%2F%2Fwww.w3.org%2F2000%2Fsvg%22%20width%3D%22300%22%20height%3D%22210%22%20viewBox%3D%220%200%20300%20210%22%3E%3C%2Fsvg%3E\" loading=\"eager\"><\/span><span class=\"fg-image-overlay\"><\/span><\/a><\/figure><div class=\"fg-loader\"><\/div><\/div><div class=\"fg-item fg-type-image fg-idle\"><figure class=\"fg-item-inner\"><a href=\"https:\/\/22.rfmsomnii.com\/wp-content\/uploads\/2018\/12\/MG_20152540bc51-1.jpg\" data-attachment-id=\"5881\" data-type=\"image\" class=\"fg-thumb\"><span class=\"fg-image-wrap\"><img width=\"300\" height=\"200\" class=\"skip-lazy fg-image\" data-src-fg=\"https:\/\/22.rfmsomnii.com\/wp-content\/uploads\/cache\/2018\/12\/MG_20152540bc51-1\/2690224647.jpg\" src=\"data:image\/svg+xml,%3Csvg%20xmlns%3D%22http%3A%2F%2Fwww.w3.org%2F2000%2Fsvg%22%20width%3D%22300%22%20height%3D%22200%22%20viewBox%3D%220%200%20300%20200%22%3E%3C%2Fsvg%3E\" loading=\"eager\"><\/span><span class=\"fg-image-overlay\"><\/span><\/a><\/figure><div class=\"fg-loader\"><\/div><\/div><div class=\"fg-item fg-type-image fg-idle\"><figure class=\"fg-item-inner\"><a href=\"https:\/\/22.rfmsomnii.com\/wp-content\/uploads\/2018\/12\/MG_102752153f43-1.jpg\" data-attachment-id=\"5883\" data-type=\"image\" class=\"fg-thumb\"><span class=\"fg-image-wrap\"><img width=\"300\" height=\"210\" class=\"skip-lazy fg-image\" data-src-fg=\"https:\/\/22.rfmsomnii.com\/wp-content\/uploads\/cache\/2018\/12\/MG_102752153f43-1\/2138054408.jpg\" src=\"data:image\/svg+xml,%3Csvg%20xmlns%3D%22http%3A%2F%2Fwww.w3.org%2F2000%2Fsvg%22%20width%3D%22300%22%20height%3D%22210%22%20viewBox%3D%220%200%20300%20210%22%3E%3C%2Fsvg%3E\" loading=\"eager\"><\/span><span class=\"fg-image-overlay\"><\/span><\/a><\/figure><div class=\"fg-loader\"><\/div><\/div><div class=\"fg-item fg-type-image fg-idle\"><figure class=\"fg-item-inner\"><a href=\"https:\/\/22.rfmsomnii.com\/wp-content\/uploads\/2018\/12\/MG_185877125b6e-1.jpg\" data-attachment-id=\"5885\" data-type=\"image\" class=\"fg-thumb\"><span class=\"fg-image-wrap\"><img width=\"300\" height=\"200\" class=\"skip-lazy fg-image\" data-src-fg=\"https:\/\/22.rfmsomnii.com\/wp-content\/uploads\/cache\/2018\/12\/MG_185877125b6e-1\/586468524.jpg\" src=\"data:image\/svg+xml,%3Csvg%20xmlns%3D%22http%3A%2F%2Fwww.w3.org%2F2000%2Fsvg%22%20width%3D%22300%22%20height%3D%22200%22%20viewBox%3D%220%200%20300%20200%22%3E%3C%2Fsvg%3E\" loading=\"eager\"><\/span><span class=\"fg-image-overlay\"><\/span><\/a><\/figure><div class=\"fg-loader\"><\/div><\/div><div class=\"fg-item fg-type-image fg-idle\"><figure class=\"fg-item-inner\"><a href=\"https:\/\/22.rfmsomnii.com\/wp-content\/uploads\/2018\/12\/MG_194620802d0b-1.jpg\" data-attachment-id=\"5887\" data-type=\"image\" class=\"fg-thumb\"><span class=\"fg-image-wrap\"><img width=\"300\" height=\"200\" class=\"skip-lazy fg-image\" data-src-fg=\"https:\/\/22.rfmsomnii.com\/wp-content\/uploads\/cache\/2018\/12\/MG_194620802d0b-1\/1846472837.jpg\" src=\"data:image\/svg+xml,%3Csvg%20xmlns%3D%22http%3A%2F%2Fwww.w3.org%2F2000%2Fsvg%22%20width%3D%22300%22%20height%3D%22200%22%20viewBox%3D%220%200%20300%20200%22%3E%3C%2Fsvg%3E\" loading=\"eager\"><\/span><span class=\"fg-image-overlay\"><\/span><\/a><\/figure><div class=\"fg-loader\"><\/div><\/div><div class=\"fg-item fg-type-image fg-idle\"><figure class=\"fg-item-inner\"><a href=\"https:\/\/22.rfmsomnii.com\/wp-content\/uploads\/2018\/12\/MG_0535124493e3-1.jpg\" data-attachment-id=\"5889\" data-type=\"image\" class=\"fg-thumb\"><span class=\"fg-image-wrap\"><img width=\"300\" height=\"210\" class=\"skip-lazy fg-image\" data-src-fg=\"https:\/\/22.rfmsomnii.com\/wp-content\/uploads\/cache\/2018\/12\/MG_0535124493e3-1\/805648935.jpg\" src=\"data:image\/svg+xml,%3Csvg%20xmlns%3D%22http%3A%2F%2Fwww.w3.org%2F2000%2Fsvg%22%20width%3D%22300%22%20height%3D%22210%22%20viewBox%3D%220%200%20300%20210%22%3E%3C%2Fsvg%3E\" loading=\"eager\"><\/span><span class=\"fg-image-overlay\"><\/span><\/a><\/figure><div class=\"fg-loader\"><\/div><\/div><div class=\"fg-item fg-type-image fg-idle\"><figure class=\"fg-item-inner\"><a href=\"https:\/\/22.rfmsomnii.com\/wp-content\/uploads\/2018\/12\/MG_1166416452b8-1.jpg\" data-attachment-id=\"5891\" data-type=\"image\" class=\"fg-thumb\"><span class=\"fg-image-wrap\"><img width=\"300\" height=\"210\" class=\"skip-lazy fg-image\" data-src-fg=\"https:\/\/22.rfmsomnii.com\/wp-content\/uploads\/cache\/2018\/12\/MG_1166416452b8-1\/16394824.jpg\" src=\"data:image\/svg+xml,%3Csvg%20xmlns%3D%22http%3A%2F%2Fwww.w3.org%2F2000%2Fsvg%22%20width%3D%22300%22%20height%3D%22210%22%20viewBox%3D%220%200%20300%20210%22%3E%3C%2Fsvg%3E\" loading=\"eager\"><\/span><span class=\"fg-image-overlay\"><\/span><\/a><\/figure><div class=\"fg-loader\"><\/div><\/div><div class=\"fg-item fg-type-image fg-idle\"><figure class=\"fg-item-inner\"><a href=\"https:\/\/22.rfmsomnii.com\/wp-content\/uploads\/2018\/12\/MG_1515128146bb-1.jpg\" data-attachment-id=\"5893\" data-type=\"image\" class=\"fg-thumb\"><span class=\"fg-image-wrap\"><img width=\"300\" height=\"200\" class=\"skip-lazy fg-image\" data-src-fg=\"https:\/\/22.rfmsomnii.com\/wp-content\/uploads\/cache\/2018\/12\/MG_1515128146bb-1\/3414256930.jpg\" src=\"data:image\/svg+xml,%3Csvg%20xmlns%3D%22http%3A%2F%2Fwww.w3.org%2F2000%2Fsvg%22%20width%3D%22300%22%20height%3D%22200%22%20viewBox%3D%220%200%20300%20200%22%3E%3C%2Fsvg%3E\" loading=\"eager\"><\/span><span class=\"fg-image-overlay\"><\/span><\/a><\/figure><div class=\"fg-loader\"><\/div><\/div><div class=\"fg-item fg-type-image fg-idle\"><figure class=\"fg-item-inner\"><a href=\"https:\/\/22.rfmsomnii.com\/wp-content\/uploads\/2018\/12\/MG_1650147565cc-1.jpg\" data-attachment-id=\"5895\" data-type=\"image\" class=\"fg-thumb\"><span class=\"fg-image-wrap\"><img width=\"300\" height=\"200\" class=\"skip-lazy fg-image\" data-src-fg=\"https:\/\/22.rfmsomnii.com\/wp-content\/uploads\/cache\/2018\/12\/MG_1650147565cc-1\/3065175170.jpg\" src=\"data:image\/svg+xml,%3Csvg%20xmlns%3D%22http%3A%2F%2Fwww.w3.org%2F2000%2Fsvg%22%20width%3D%22300%22%20height%3D%22200%22%20viewBox%3D%220%200%20300%20200%22%3E%3C%2Fsvg%3E\" loading=\"eager\"><\/span><span class=\"fg-image-overlay\"><\/span><\/a><\/figure><div class=\"fg-loader\"><\/div><\/div><div class=\"fg-item fg-type-image fg-idle\"><figure class=\"fg-item-inner\"><a href=\"https:\/\/22.rfmsomnii.com\/wp-content\/uploads\/2018\/12\/MG_14581948716f-1.jpg\" data-attachment-id=\"5897\" data-type=\"image\" class=\"fg-thumb\"><span class=\"fg-image-wrap\"><img width=\"300\" height=\"200\" class=\"skip-lazy fg-image\" data-src-fg=\"https:\/\/22.rfmsomnii.com\/wp-content\/uploads\/cache\/2018\/12\/MG_14581948716f-1\/344859814.jpg\" src=\"data:image\/svg+xml,%3Csvg%20xmlns%3D%22http%3A%2F%2Fwww.w3.org%2F2000%2Fsvg%22%20width%3D%22300%22%20height%3D%22200%22%20viewBox%3D%220%200%20300%20200%22%3E%3C%2Fsvg%3E\" loading=\"eager\"><\/span><span class=\"fg-image-overlay\"><\/span><\/a><\/figure><div class=\"fg-loader\"><\/div><\/div><div class=\"fg-item fg-type-image fg-idle\"><figure class=\"fg-item-inner\"><a href=\"https:\/\/22.rfmsomnii.com\/wp-content\/uploads\/2018\/12\/MG_054030034513-1.jpg\" data-attachment-id=\"5899\" data-type=\"image\" class=\"fg-thumb\"><span class=\"fg-image-wrap\"><img width=\"300\" height=\"210\" class=\"skip-lazy fg-image\" data-src-fg=\"https:\/\/22.rfmsomnii.com\/wp-content\/uploads\/cache\/2018\/12\/MG_054030034513-1\/3764426581.jpg\" src=\"data:image\/svg+xml,%3Csvg%20xmlns%3D%22http%3A%2F%2Fwww.w3.org%2F2000%2Fsvg%22%20width%3D%22300%22%20height%3D%22210%22%20viewBox%3D%220%200%20300%20210%22%3E%3C%2Fsvg%3E\" loading=\"eager\"><\/span><span class=\"fg-image-overlay\"><\/span><\/a><\/figure><div class=\"fg-loader\"><\/div><\/div><div class=\"fg-item fg-type-image fg-idle\"><figure class=\"fg-item-inner\"><a href=\"https:\/\/22.rfmsomnii.com\/wp-content\/uploads\/2018\/12\/MG_082272669063-1.jpg\" data-attachment-id=\"5901\" data-type=\"image\" class=\"fg-thumb\"><span class=\"fg-image-wrap\"><img width=\"300\" height=\"210\" class=\"skip-lazy fg-image\" data-src-fg=\"https:\/\/22.rfmsomnii.com\/wp-content\/uploads\/cache\/2018\/12\/MG_082272669063-1\/985013694.jpg\" src=\"data:image\/svg+xml,%3Csvg%20xmlns%3D%22http%3A%2F%2Fwww.w3.org%2F2000%2Fsvg%22%20width%3D%22300%22%20height%3D%22210%22%20viewBox%3D%220%200%20300%20210%22%3E%3C%2Fsvg%3E\" loading=\"eager\"><\/span><span class=\"fg-image-overlay\"><\/span><\/a><\/figure><div class=\"fg-loader\"><\/div><\/div><div class=\"fg-item fg-type-image fg-idle\"><figure class=\"fg-item-inner\"><a href=\"https:\/\/22.rfmsomnii.com\/wp-content\/uploads\/2018\/12\/MG_100088909835-1.jpg\" data-attachment-id=\"5903\" data-type=\"image\" class=\"fg-thumb\"><span class=\"fg-image-wrap\"><img width=\"300\" height=\"210\" class=\"skip-lazy fg-image\" data-src-fg=\"https:\/\/22.rfmsomnii.com\/wp-content\/uploads\/cache\/2018\/12\/MG_100088909835-1\/1289203406.jpg\" src=\"data:image\/svg+xml,%3Csvg%20xmlns%3D%22http%3A%2F%2Fwww.w3.org%2F2000%2Fsvg%22%20width%3D%22300%22%20height%3D%22210%22%20viewBox%3D%220%200%20300%20210%22%3E%3C%2Fsvg%3E\" loading=\"eager\"><\/span><span class=\"fg-image-overlay\"><\/span><\/a><\/figure><div class=\"fg-loader\"><\/div><\/div><div class=\"fg-item fg-type-image fg-idle\"><figure class=\"fg-item-inner\"><a href=\"https:\/\/22.rfmsomnii.com\/wp-content\/uploads\/2018\/12\/MG_170082488602-1.jpg\" data-attachment-id=\"5905\" data-type=\"image\" class=\"fg-thumb\"><span class=\"fg-image-wrap\"><img width=\"300\" height=\"195\" class=\"skip-lazy fg-image\" data-src-fg=\"https:\/\/22.rfmsomnii.com\/wp-content\/uploads\/cache\/2018\/12\/MG_170082488602-1\/568184800.jpg\" src=\"data:image\/svg+xml,%3Csvg%20xmlns%3D%22http%3A%2F%2Fwww.w3.org%2F2000%2Fsvg%22%20width%3D%22300%22%20height%3D%22195%22%20viewBox%3D%220%200%20300%20195%22%3E%3C%2Fsvg%3E\" loading=\"eager\"><\/span><span class=\"fg-image-overlay\"><\/span><\/a><\/figure><div class=\"fg-loader\"><\/div><\/div><\/div>\n\n\n<br>\n\n\n\n<h2>Aftermovie<\/h2>\n\n\n\n<br>\n\n\n\n<figure class=\"wp-block-embed-vimeo wp-block-embed is-type-video is-provider-vimeo wp-embed-aspect-16-9 wp-has-aspect-ratio\"><div class=\"wp-block-embed__wrapper\">\n<iframe loading=\"lazy\" title=\"RFM SOMNII | Official Aftermovie 2014\" src=\"https:\/\/player.vimeo.com\/video\/302326553?dnt=1&amp;app_id=122963\" width=\"640\" height=\"360\" frameborder=\"0\" allow=\"autoplay; fullscreen\" allowfullscreen><\/iframe>\n<\/div><\/figure>\n","protected":false},"excerpt":{"rendered":"<p>LA 3.\u00aa EDICI\u00d3N DEL RFM SOMNII, EL MEJOR SUNSET DE TODOS LOS TIEMPOS, SUPER\u00d3 TODAS LAS EXPECTATIVAS, CON M\u00c1S DE 60\u00a0000 PERSONAS EN LOS 2 D\u00cdAS QUE DUR\u00d3 EL EVENTO RFM hizo de los 24.000 m2 de arenal de Figueira da Foz todo un templo dedicado a la m\u00fasica electr\u00f3nica, templo en el que dejaron [&#8230;]<\/p>\n<p><a class=\"btn btn-secondary understrap-read-more-link\" href=\"https:\/\/22.rfmsomnii.com\/es\/ediciones-anteriores\/rfm-somnii-2014\/\">Leer m\u00e1s&#8230;<\/a><\/p>\n","protected":false},"author":29,"featured_media":15981,"parent":10202,"menu_order":0,"comment_status":"closed","ping_status":"closed","template":"","meta":[],"acf":[],"yoast_head":"<!-- This site is optimized with the Yoast SEO plugin v19.4 - https:\/\/yoast.com\/wordpress\/plugins\/seo\/ -->\n<title>RFM SOMNII 2014 - RFM SOMNII<\/title>\n<meta name=\"robots\" content=\"noindex, follow, max-snippet:-1, max-image-preview:large, max-video-preview:-1\" \/>\n<meta property=\"og:locale\" content=\"es_ES\" \/>\n<meta property=\"og:type\" content=\"article\" \/>\n<meta property=\"og:title\" content=\"RFM SOMNII 2014 - RFM SOMNII\" \/>\n<meta property=\"og:description\" content=\"LA 3.\u00aa EDICI\u00d3N DEL RFM SOMNII, EL MEJOR SUNSET DE TODOS LOS TIEMPOS, SUPER\u00d3 TODAS LAS EXPECTATIVAS, CON M\u00c1S DE 60\u00a0000 PERSONAS EN LOS 2 D\u00cdAS QUE DUR\u00d3 EL EVENTO RFM hizo de los 24.000 m2 de arenal de Figueira da Foz todo un templo dedicado a la m\u00fasica electr\u00f3nica, templo en el que dejaron [...]Leer m\u00e1s...\" \/>\n<meta property=\"og:url\" content=\"https:\/\/22.rfmsomnii.com\/es\/ediciones-anteriores\/rfm-somnii-2014\/\" \/>\n<meta property=\"og:site_name\" content=\"RFM SOMNII\" \/>\n<meta property=\"article:modified_time\" content=\"2020-07-24T12:03:56+00:00\" \/>\n<meta property=\"og:image\" content=\"https:\/\/22.rfmsomnii.com\/wp-content\/uploads\/2020\/05\/2014.jpg\" \/>\n\t<meta property=\"og:image:width\" content=\"1024\" \/>\n\t<meta property=\"og:image:height\" content=\"683\" \/>\n\t<meta property=\"og:image:type\" content=\"image\/jpeg\" \/>\n<meta name=\"twitter:card\" content=\"summary_large_image\" \/>\n<meta name=\"twitter:label1\" content=\"Est. reading time\" \/>\n\t<meta name=\"twitter:data1\" content=\"1 minute\" \/>\n<script type=\"application\/ld+json\" class=\"yoast-schema-graph\">{\"@context\":\"https:\/\/schema.org\",\"@graph\":[{\"@type\":\"Organization\",\"@id\":\"https:\/\/22.rfmsomnii.com\/#organization\",\"name\":\"RFM SOMNII\",\"url\":\"https:\/\/22.rfmsomnii.com\/\",\"sameAs\":[],\"logo\":{\"@type\":\"ImageObject\",\"inLanguage\":\"es-ES\",\"@id\":\"https:\/\/22.rfmsomnii.com\/#\/schema\/logo\/image\/\",\"url\":\"https:\/\/22.rfmsomnii.com\/wp-content\/uploads\/2022\/01\/rfm_logo_2022.png\",\"contentUrl\":\"https:\/\/22.rfmsomnii.com\/wp-content\/uploads\/2022\/01\/rfm_logo_2022.png\",\"width\":99,\"height\":72,\"caption\":\"RFM SOMNII\"},\"image\":{\"@id\":\"https:\/\/22.rfmsomnii.com\/#\/schema\/logo\/image\/\"}},{\"@type\":\"WebSite\",\"@id\":\"https:\/\/22.rfmsomnii.com\/#website\",\"url\":\"https:\/\/22.rfmsomnii.com\/\",\"name\":\"RFM SOMNII\",\"description\":\"O Maior Sunset de Sempre!\",\"publisher\":{\"@id\":\"https:\/\/22.rfmsomnii.com\/#organization\"},\"potentialAction\":[{\"@type\":\"SearchAction\",\"target\":{\"@type\":\"EntryPoint\",\"urlTemplate\":\"https:\/\/22.rfmsomnii.com\/?s={search_term_string}\"},\"query-input\":\"required name=search_term_string\"}],\"inLanguage\":\"es-ES\"},{\"@type\":\"WebPage\",\"@id\":\"https:\/\/22.rfmsomnii.com\/es\/ediciones-anteriores\/rfm-somnii-2014\/\",\"url\":\"https:\/\/22.rfmsomnii.com\/es\/ediciones-anteriores\/rfm-somnii-2014\/\",\"name\":\"RFM SOMNII 2014 - RFM SOMNII\",\"isPartOf\":{\"@id\":\"https:\/\/22.rfmsomnii.com\/#website\"},\"datePublished\":\"2018-11-22T18:17:54+00:00\",\"dateModified\":\"2020-07-24T12:03:56+00:00\",\"breadcrumb\":{\"@id\":\"https:\/\/22.rfmsomnii.com\/es\/ediciones-anteriores\/rfm-somnii-2014\/#breadcrumb\"},\"inLanguage\":\"es-ES\",\"potentialAction\":[{\"@type\":\"ReadAction\",\"target\":[\"https:\/\/22.rfmsomnii.com\/es\/ediciones-anteriores\/rfm-somnii-2014\/\"]}]},{\"@type\":\"BreadcrumbList\",\"@id\":\"https:\/\/22.rfmsomnii.com\/es\/ediciones-anteriores\/rfm-somnii-2014\/#breadcrumb\",\"itemListElement\":[{\"@type\":\"ListItem\",\"position\":1,\"name\":\"In\u00edcio\",\"item\":\"https:\/\/22.rfmsomnii.com\/es\/\"},{\"@type\":\"ListItem\",\"position\":2,\"name\":\"Ediciones Anteriores\",\"item\":\"https:\/\/22.rfmsomnii.com\/es\/ediciones-anteriores\/\"},{\"@type\":\"ListItem\",\"position\":3,\"name\":\"RFM SOMNII 2014\"}]}]}<\/script>\n<!-- \/ Yoast SEO plugin. -->","yoast_head_json":{"title":"RFM SOMNII 2014 - RFM SOMNII","robots":{"index":"noindex","follow":"follow","max-snippet":"max-snippet:-1","max-image-preview":"max-image-preview:large","max-video-preview":"max-video-preview:-1"},"og_locale":"es_ES","og_type":"article","og_title":"RFM SOMNII 2014 - RFM SOMNII","og_description":"LA 3.\u00aa EDICI\u00d3N DEL RFM SOMNII, EL MEJOR SUNSET DE TODOS LOS TIEMPOS, SUPER\u00d3 TODAS LAS EXPECTATIVAS, CON M\u00c1S DE 60\u00a0000 PERSONAS EN LOS 2 D\u00cdAS QUE DUR\u00d3 EL EVENTO RFM hizo de los 24.000 m2 de arenal de Figueira da Foz todo un templo dedicado a la m\u00fasica electr\u00f3nica, templo en el que dejaron [...]Leer m\u00e1s...","og_url":"https:\/\/22.rfmsomnii.com\/es\/ediciones-anteriores\/rfm-somnii-2014\/","og_site_name":"RFM SOMNII","article_modified_time":"2020-07-24T12:03:56+00:00","og_image":[{"width":1024,"height":683,"url":"https:\/\/22.rfmsomnii.com\/wp-content\/uploads\/2020\/05\/2014.jpg","type":"image\/jpeg"}],"twitter_card":"summary_large_image","twitter_misc":{"Est. reading time":"1 minute"},"schema":{"@context":"https:\/\/schema.org","@graph":[{"@type":"Organization","@id":"https:\/\/22.rfmsomnii.com\/#organization","name":"RFM SOMNII","url":"https:\/\/22.rfmsomnii.com\/","sameAs":[],"logo":{"@type":"ImageObject","inLanguage":"es-ES","@id":"https:\/\/22.rfmsomnii.com\/#\/schema\/logo\/image\/","url":"https:\/\/22.rfmsomnii.com\/wp-content\/uploads\/2022\/01\/rfm_logo_2022.png","contentUrl":"https:\/\/22.rfmsomnii.com\/wp-content\/uploads\/2022\/01\/rfm_logo_2022.png","width":99,"height":72,"caption":"RFM SOMNII"},"image":{"@id":"https:\/\/22.rfmsomnii.com\/#\/schema\/logo\/image\/"}},{"@type":"WebSite","@id":"https:\/\/22.rfmsomnii.com\/#website","url":"https:\/\/22.rfmsomnii.com\/","name":"RFM SOMNII","description":"O Maior Sunset de Sempre!","publisher":{"@id":"https:\/\/22.rfmsomnii.com\/#organization"},"potentialAction":[{"@type":"SearchAction","target":{"@type":"EntryPoint","urlTemplate":"https:\/\/22.rfmsomnii.com\/?s={search_term_string}"},"query-input":"required name=search_term_string"}],"inLanguage":"es-ES"},{"@type":"WebPage","@id":"https:\/\/22.rfmsomnii.com\/es\/ediciones-anteriores\/rfm-somnii-2014\/","url":"https:\/\/22.rfmsomnii.com\/es\/ediciones-anteriores\/rfm-somnii-2014\/","name":"RFM SOMNII 2014 - RFM SOMNII","isPartOf":{"@id":"https:\/\/22.rfmsomnii.com\/#website"},"datePublished":"2018-11-22T18:17:54+00:00","dateModified":"2020-07-24T12:03:56+00:00","breadcrumb":{"@id":"https:\/\/22.rfmsomnii.com\/es\/ediciones-anteriores\/rfm-somnii-2014\/#breadcrumb"},"inLanguage":"es-ES","potentialAction":[{"@type":"ReadAction","target":["https:\/\/22.rfmsomnii.com\/es\/ediciones-anteriores\/rfm-somnii-2014\/"]}]},{"@type":"BreadcrumbList","@id":"https:\/\/22.rfmsomnii.com\/es\/ediciones-anteriores\/rfm-somnii-2014\/#breadcrumb","itemListElement":[{"@type":"ListItem","position":1,"name":"In\u00edcio","item":"https:\/\/22.rfmsomnii.com\/es\/"},{"@type":"ListItem","position":2,"name":"Ediciones Anteriores","item":"https:\/\/22.rfmsomnii.com\/es\/ediciones-anteriores\/"},{"@type":"ListItem","position":3,"name":"RFM SOMNII 2014"}]}]}},"_links":{"self":[{"href":"https:\/\/22.rfmsomnii.com\/es\/wp-json\/wp\/v2\/pages\/10225"}],"collection":[{"href":"https:\/\/22.rfmsomnii.com\/es\/wp-json\/wp\/v2\/pages"}],"about":[{"href":"https:\/\/22.rfmsomnii.com\/es\/wp-json\/wp\/v2\/types\/page"}],"author":[{"embeddable":true,"href":"https:\/\/22.rfmsomnii.com\/es\/wp-json\/wp\/v2\/users\/29"}],"replies":[{"embeddable":true,"href":"https:\/\/22.rfmsomnii.com\/es\/wp-json\/wp\/v2\/comments?post=10225"}],"version-history":[{"count":2,"href":"https:\/\/22.rfmsomnii.com\/es\/wp-json\/wp\/v2\/pages\/10225\/revisions"}],"predecessor-version":[{"id":16606,"href":"https:\/\/22.rfmsomnii.com\/es\/wp-json\/wp\/v2\/pages\/10225\/revisions\/16606"}],"up":[{"embeddable":true,"href":"https:\/\/22.rfmsomnii.com\/es\/wp-json\/wp\/v2\/pages\/10202"}],"wp:featuredmedia":[{"embeddable":true,"href":"https:\/\/22.rfmsomnii.com\/es\/wp-json\/wp\/v2\/media\/15981"}],"wp:attachment":[{"href":"https:\/\/22.rfmsomnii.com\/es\/wp-json\/wp\/v2\/media?parent=10225"}],"curies":[{"name":"wp","href":"https:\/\/api.w.org\/{rel}","templated":true}]}}