{"id":10219,"date":"2018-11-22T18:38:37","date_gmt":"2018-11-22T18:38:37","guid":{"rendered":"https:\/\/rfmsomnii-staging.braverinnovation.tech\/?page_id=10219"},"modified":"2020-07-24T11:50:51","modified_gmt":"2020-07-24T11:50:51","slug":"rfm-somnii-2017","status":"publish","type":"page","link":"https:\/\/22.rfmsomnii.com\/es\/ediciones-anteriores\/rfm-somnii-2017\/","title":{"rendered":"RFM SOMNII 2017"},"content":{"rendered":"\n<h3>\u00a1CUANDO PRAIA DO REL\u00d3GIO VOLVI\u00d3 A SER TU PLAYA!<\/h3>\n\n\n\n<p>Fueron cerca de 100 mil los asistentes a los 3 d\u00edas de festival, una cifra que no es sino muestra del buen momento por el que pasa el RFM SOMNII.<br><br><\/p>\n\n\n\n<p>Ti\u00ebsto, Blasterjaxx y Armin van Buuren fueron los cabezas de cartel de una edici\u00f3n que volvi\u00f3 a contar con una cobertura multiplataforma. Fue posible seguir todo el festival por varias v\u00edas: radio, televisi\u00f3n, redes sociales y blogs especializados en eventos de m\u00fasica electr\u00f3nica.<br><br><\/p>\n\n\n\n<p>Desde entrevistas con los artistas a clips de actuaciones, todos los contenidos fueron compartidos con la intenci\u00f3n \u00faltima de que nadie se quedase fuera. Fueron muchas las menciones recibidas por la RFM y al RFM SOMNII, llegando a ser trending topics en las principales redes sociales.<br><br>Para darnos cuenta de las dimensiones del evento, no hace falta m\u00e1s que se\u00f1alar que en su 6\u00aa edici\u00f3n pasaron por el mismo m\u00e1s de 100.000 personas, fueron 50 los periodistas acreditadas y m\u00e1s de 1250 las personas implicadas en tareas de producci\u00f3n. Se utilizaron m\u00e1s de 30.000 m\u00b2 de arenal, 300 robots de iluminaci\u00f3n y en el escenario se desplegaron 350 m2 de LED.<\/p>\n\n\n\n<br>\n\n\n\n<h2>Galer\u00eda de im\u00e1genes<\/h2>\n\n\n\n<br>\n\n\n<style type=\"text\/css\">\n#foogallery-gallery-6047.fg-masonry { --fg-gutter: 0px; }<\/style>\n\t\t\t<div class=\"foogallery foogallery-container foogallery-masonry foogallery-lightbox-foobox fg-center fg-masonry fg-ready fg-light fg-shadow-outline fg-loading-default fg-loaded-fade-in fg-caption-hover fg-hover-fade fg-hover-zoom fg-col5\" id=\"foogallery-gallery-6047\" data-foogallery=\"{&quot;item&quot;:{&quot;showCaptionTitle&quot;:true,&quot;showCaptionDescription&quot;:true},&quot;lazy&quot;:true}\" style=\"--fg-title-line-clamp: 0; --fg-description-line-clamp: 0;\" >\n\t\t<div class=\"fg-column-width\"><\/div>\n\t<div class=\"fg-gutter-width\"><\/div>\n\t\t<div class=\"fg-item fg-type-image fg-idle\"><figure class=\"fg-item-inner\"><a href=\"https:\/\/22.rfmsomnii.com\/wp-content\/uploads\/2018\/12\/Ambiente211923bf96-1.jpg\" data-caption-title=\"RFM SOMNII 2017\" data-caption-desc=\"RFM SOMNII 2017\" data-attachment-id=\"6048\" data-type=\"image\" class=\"fg-thumb\"><span class=\"fg-image-wrap\"><img alt=\"RFM SOMNII 2017\" title=\"RFM SOMNII 2017\" width=\"300\" height=\"200\" class=\"skip-lazy fg-image\" data-src-fg=\"https:\/\/22.rfmsomnii.com\/wp-content\/uploads\/cache\/2018\/12\/Ambiente211923bf96-1\/3201630332.jpg\" src=\"data:image\/svg+xml,%3Csvg%20xmlns%3D%22http%3A%2F%2Fwww.w3.org%2F2000%2Fsvg%22%20width%3D%22300%22%20height%3D%22200%22%20viewBox%3D%220%200%20300%20200%22%3E%3C%2Fsvg%3E\" loading=\"eager\"><\/span><span class=\"fg-image-overlay\"><\/span><\/a><figcaption class=\"fg-caption\"><div class=\"fg-caption-inner\"><div class=\"fg-caption-title\">RFM SOMNII 2017<\/div><div class=\"fg-caption-desc\">RFM SOMNII 2017<\/div><\/div><\/figcaption><\/figure><div class=\"fg-loader\"><\/div><\/div><div class=\"fg-item fg-type-image fg-idle\"><figure class=\"fg-item-inner\"><a href=\"https:\/\/22.rfmsomnii.com\/wp-content\/uploads\/2018\/12\/Ambiente18459df3e-1.jpg\" data-caption-title=\"RFM SOMNII 2017\" data-caption-desc=\"RFM SOMNII 2017\" data-attachment-id=\"6050\" data-type=\"image\" class=\"fg-thumb\"><span class=\"fg-image-wrap\"><img alt=\"RFM SOMNII 2017\" title=\"RFM SOMNII 2017\" width=\"300\" height=\"169\" class=\"skip-lazy fg-image\" data-src-fg=\"https:\/\/22.rfmsomnii.com\/wp-content\/uploads\/cache\/2018\/12\/Ambiente18459df3e-1\/930471301.jpg\" src=\"data:image\/svg+xml,%3Csvg%20xmlns%3D%22http%3A%2F%2Fwww.w3.org%2F2000%2Fsvg%22%20width%3D%22300%22%20height%3D%22169%22%20viewBox%3D%220%200%20300%20169%22%3E%3C%2Fsvg%3E\" loading=\"eager\"><\/span><span class=\"fg-image-overlay\"><\/span><\/a><figcaption class=\"fg-caption\"><div class=\"fg-caption-inner\"><div class=\"fg-caption-title\">RFM SOMNII 2017<\/div><div class=\"fg-caption-desc\">RFM SOMNII 2017<\/div><\/div><\/figcaption><\/figure><div class=\"fg-loader\"><\/div><\/div><div class=\"fg-item fg-type-image fg-idle\"><figure class=\"fg-item-inner\"><a href=\"https:\/\/22.rfmsomnii.com\/wp-content\/uploads\/2018\/12\/IMG_8926121420163-1.jpg\" data-caption-title=\"RFM SOMNII 2017\" data-caption-desc=\"RFM SOMNII 2017\" data-attachment-id=\"6052\" data-type=\"image\" class=\"fg-thumb\"><span class=\"fg-image-wrap\"><img alt=\"RFM SOMNII 2017\" title=\"RFM SOMNII 2017\" width=\"300\" height=\"200\" class=\"skip-lazy fg-image\" data-src-fg=\"https:\/\/22.rfmsomnii.com\/wp-content\/uploads\/cache\/2018\/12\/IMG_8926121420163-1\/2945994576.jpg\" src=\"data:image\/svg+xml,%3Csvg%20xmlns%3D%22http%3A%2F%2Fwww.w3.org%2F2000%2Fsvg%22%20width%3D%22300%22%20height%3D%22200%22%20viewBox%3D%220%200%20300%20200%22%3E%3C%2Fsvg%3E\" loading=\"eager\"><\/span><span class=\"fg-image-overlay\"><\/span><\/a><figcaption class=\"fg-caption\"><div class=\"fg-caption-inner\"><div class=\"fg-caption-title\">RFM SOMNII 2017<\/div><div class=\"fg-caption-desc\">RFM SOMNII 2017<\/div><\/div><\/figcaption><\/figure><div class=\"fg-loader\"><\/div><\/div><\/div>\n\n\n<br>\n\n\n\n<h2>Aftermovie<\/h2>\n\n\n\n<br>\n\n\n\n<figure class=\"wp-block-embed-vimeo wp-block-embed is-type-video is-provider-vimeo wp-embed-aspect-16-9 wp-has-aspect-ratio\"><div class=\"wp-block-embed__wrapper\">\n<iframe loading=\"lazy\" title=\"RFM SOMNII | Official Aftermovie 2017\" src=\"https:\/\/player.vimeo.com\/video\/302327529?dnt=1&amp;app_id=122963\" width=\"640\" height=\"360\" frameborder=\"0\" allow=\"autoplay; fullscreen\" allowfullscreen><\/iframe>\n<\/div><\/figure>\n\n\n\n<p><\/p>\n","protected":false},"excerpt":{"rendered":"<p>\u00a1CUANDO PRAIA DO REL\u00d3GIO VOLVI\u00d3 A SER TU PLAYA! Fueron cerca de 100 mil los asistentes a los 3 d\u00edas de festival, una cifra que no es sino muestra del buen momento por el que pasa el RFM SOMNII. Ti\u00ebsto, Blasterjaxx y Armin van Buuren fueron los cabezas de cartel de una edici\u00f3n que volvi\u00f3 [&#8230;]<\/p>\n<p><a class=\"btn btn-secondary understrap-read-more-link\" href=\"https:\/\/22.rfmsomnii.com\/es\/ediciones-anteriores\/rfm-somnii-2017\/\">Leer m\u00e1s&#8230;<\/a><\/p>\n","protected":false},"author":29,"featured_media":15984,"parent":10202,"menu_order":0,"comment_status":"closed","ping_status":"closed","template":"","meta":[],"acf":[],"yoast_head":"<!-- This site is optimized with the Yoast SEO plugin v19.4 - https:\/\/yoast.com\/wordpress\/plugins\/seo\/ -->\n<title>RFM SOMNII 2017 - RFM SOMNII<\/title>\n<meta name=\"robots\" content=\"noindex, follow, max-snippet:-1, max-image-preview:large, max-video-preview:-1\" \/>\n<meta property=\"og:locale\" content=\"es_ES\" \/>\n<meta property=\"og:type\" content=\"article\" \/>\n<meta property=\"og:title\" content=\"RFM SOMNII 2017 - RFM SOMNII\" \/>\n<meta property=\"og:description\" content=\"\u00a1CUANDO PRAIA DO REL\u00d3GIO VOLVI\u00d3 A SER TU PLAYA! Fueron cerca de 100 mil los asistentes a los 3 d\u00edas de festival, una cifra que no es sino muestra del buen momento por el que pasa el RFM SOMNII. Ti\u00ebsto, Blasterjaxx y Armin van Buuren fueron los cabezas de cartel de una edici\u00f3n que volvi\u00f3 [...]Leer m\u00e1s...\" \/>\n<meta property=\"og:url\" content=\"https:\/\/22.rfmsomnii.com\/es\/ediciones-anteriores\/rfm-somnii-2017\/\" \/>\n<meta property=\"og:site_name\" content=\"RFM SOMNII\" \/>\n<meta property=\"article:modified_time\" content=\"2020-07-24T11:50:51+00:00\" \/>\n<meta property=\"og:image\" content=\"https:\/\/22.rfmsomnii.com\/wp-content\/uploads\/2020\/05\/2017-1.jpg\" \/>\n\t<meta property=\"og:image:width\" content=\"847\" \/>\n\t<meta property=\"og:image:height\" content=\"477\" \/>\n\t<meta property=\"og:image:type\" content=\"image\/jpeg\" \/>\n<meta name=\"twitter:card\" content=\"summary_large_image\" \/>\n<meta name=\"twitter:label1\" content=\"Est. reading time\" \/>\n\t<meta name=\"twitter:data1\" content=\"1 minute\" \/>\n<script type=\"application\/ld+json\" class=\"yoast-schema-graph\">{\"@context\":\"https:\/\/schema.org\",\"@graph\":[{\"@type\":\"Organization\",\"@id\":\"https:\/\/22.rfmsomnii.com\/#organization\",\"name\":\"RFM SOMNII\",\"url\":\"https:\/\/22.rfmsomnii.com\/\",\"sameAs\":[],\"logo\":{\"@type\":\"ImageObject\",\"inLanguage\":\"es-ES\",\"@id\":\"https:\/\/22.rfmsomnii.com\/#\/schema\/logo\/image\/\",\"url\":\"https:\/\/22.rfmsomnii.com\/wp-content\/uploads\/2022\/01\/rfm_logo_2022.png\",\"contentUrl\":\"https:\/\/22.rfmsomnii.com\/wp-content\/uploads\/2022\/01\/rfm_logo_2022.png\",\"width\":99,\"height\":72,\"caption\":\"RFM SOMNII\"},\"image\":{\"@id\":\"https:\/\/22.rfmsomnii.com\/#\/schema\/logo\/image\/\"}},{\"@type\":\"WebSite\",\"@id\":\"https:\/\/22.rfmsomnii.com\/#website\",\"url\":\"https:\/\/22.rfmsomnii.com\/\",\"name\":\"RFM SOMNII\",\"description\":\"O Maior Sunset de Sempre!\",\"publisher\":{\"@id\":\"https:\/\/22.rfmsomnii.com\/#organization\"},\"potentialAction\":[{\"@type\":\"SearchAction\",\"target\":{\"@type\":\"EntryPoint\",\"urlTemplate\":\"https:\/\/22.rfmsomnii.com\/?s={search_term_string}\"},\"query-input\":\"required name=search_term_string\"}],\"inLanguage\":\"es-ES\"},{\"@type\":\"WebPage\",\"@id\":\"https:\/\/22.rfmsomnii.com\/es\/ediciones-anteriores\/rfm-somnii-2017\/\",\"url\":\"https:\/\/22.rfmsomnii.com\/es\/ediciones-anteriores\/rfm-somnii-2017\/\",\"name\":\"RFM SOMNII 2017 - RFM SOMNII\",\"isPartOf\":{\"@id\":\"https:\/\/22.rfmsomnii.com\/#website\"},\"datePublished\":\"2018-11-22T18:38:37+00:00\",\"dateModified\":\"2020-07-24T11:50:51+00:00\",\"breadcrumb\":{\"@id\":\"https:\/\/22.rfmsomnii.com\/es\/ediciones-anteriores\/rfm-somnii-2017\/#breadcrumb\"},\"inLanguage\":\"es-ES\",\"potentialAction\":[{\"@type\":\"ReadAction\",\"target\":[\"https:\/\/22.rfmsomnii.com\/es\/ediciones-anteriores\/rfm-somnii-2017\/\"]}]},{\"@type\":\"BreadcrumbList\",\"@id\":\"https:\/\/22.rfmsomnii.com\/es\/ediciones-anteriores\/rfm-somnii-2017\/#breadcrumb\",\"itemListElement\":[{\"@type\":\"ListItem\",\"position\":1,\"name\":\"In\u00edcio\",\"item\":\"https:\/\/22.rfmsomnii.com\/es\/\"},{\"@type\":\"ListItem\",\"position\":2,\"name\":\"Ediciones Anteriores\",\"item\":\"https:\/\/22.rfmsomnii.com\/es\/ediciones-anteriores\/\"},{\"@type\":\"ListItem\",\"position\":3,\"name\":\"RFM SOMNII 2017\"}]}]}<\/script>\n<!-- \/ Yoast SEO plugin. -->","yoast_head_json":{"title":"RFM SOMNII 2017 - RFM SOMNII","robots":{"index":"noindex","follow":"follow","max-snippet":"max-snippet:-1","max-image-preview":"max-image-preview:large","max-video-preview":"max-video-preview:-1"},"og_locale":"es_ES","og_type":"article","og_title":"RFM SOMNII 2017 - RFM SOMNII","og_description":"\u00a1CUANDO PRAIA DO REL\u00d3GIO VOLVI\u00d3 A SER TU PLAYA! Fueron cerca de 100 mil los asistentes a los 3 d\u00edas de festival, una cifra que no es sino muestra del buen momento por el que pasa el RFM SOMNII. Ti\u00ebsto, Blasterjaxx y Armin van Buuren fueron los cabezas de cartel de una edici\u00f3n que volvi\u00f3 [...]Leer m\u00e1s...","og_url":"https:\/\/22.rfmsomnii.com\/es\/ediciones-anteriores\/rfm-somnii-2017\/","og_site_name":"RFM SOMNII","article_modified_time":"2020-07-24T11:50:51+00:00","og_image":[{"width":847,"height":477,"url":"https:\/\/22.rfmsomnii.com\/wp-content\/uploads\/2020\/05\/2017-1.jpg","type":"image\/jpeg"}],"twitter_card":"summary_large_image","twitter_misc":{"Est. reading time":"1 minute"},"schema":{"@context":"https:\/\/schema.org","@graph":[{"@type":"Organization","@id":"https:\/\/22.rfmsomnii.com\/#organization","name":"RFM SOMNII","url":"https:\/\/22.rfmsomnii.com\/","sameAs":[],"logo":{"@type":"ImageObject","inLanguage":"es-ES","@id":"https:\/\/22.rfmsomnii.com\/#\/schema\/logo\/image\/","url":"https:\/\/22.rfmsomnii.com\/wp-content\/uploads\/2022\/01\/rfm_logo_2022.png","contentUrl":"https:\/\/22.rfmsomnii.com\/wp-content\/uploads\/2022\/01\/rfm_logo_2022.png","width":99,"height":72,"caption":"RFM SOMNII"},"image":{"@id":"https:\/\/22.rfmsomnii.com\/#\/schema\/logo\/image\/"}},{"@type":"WebSite","@id":"https:\/\/22.rfmsomnii.com\/#website","url":"https:\/\/22.rfmsomnii.com\/","name":"RFM SOMNII","description":"O Maior Sunset de Sempre!","publisher":{"@id":"https:\/\/22.rfmsomnii.com\/#organization"},"potentialAction":[{"@type":"SearchAction","target":{"@type":"EntryPoint","urlTemplate":"https:\/\/22.rfmsomnii.com\/?s={search_term_string}"},"query-input":"required name=search_term_string"}],"inLanguage":"es-ES"},{"@type":"WebPage","@id":"https:\/\/22.rfmsomnii.com\/es\/ediciones-anteriores\/rfm-somnii-2017\/","url":"https:\/\/22.rfmsomnii.com\/es\/ediciones-anteriores\/rfm-somnii-2017\/","name":"RFM SOMNII 2017 - RFM SOMNII","isPartOf":{"@id":"https:\/\/22.rfmsomnii.com\/#website"},"datePublished":"2018-11-22T18:38:37+00:00","dateModified":"2020-07-24T11:50:51+00:00","breadcrumb":{"@id":"https:\/\/22.rfmsomnii.com\/es\/ediciones-anteriores\/rfm-somnii-2017\/#breadcrumb"},"inLanguage":"es-ES","potentialAction":[{"@type":"ReadAction","target":["https:\/\/22.rfmsomnii.com\/es\/ediciones-anteriores\/rfm-somnii-2017\/"]}]},{"@type":"BreadcrumbList","@id":"https:\/\/22.rfmsomnii.com\/es\/ediciones-anteriores\/rfm-somnii-2017\/#breadcrumb","itemListElement":[{"@type":"ListItem","position":1,"name":"In\u00edcio","item":"https:\/\/22.rfmsomnii.com\/es\/"},{"@type":"ListItem","position":2,"name":"Ediciones Anteriores","item":"https:\/\/22.rfmsomnii.com\/es\/ediciones-anteriores\/"},{"@type":"ListItem","position":3,"name":"RFM SOMNII 2017"}]}]}},"_links":{"self":[{"href":"https:\/\/22.rfmsomnii.com\/es\/wp-json\/wp\/v2\/pages\/10219"}],"collection":[{"href":"https:\/\/22.rfmsomnii.com\/es\/wp-json\/wp\/v2\/pages"}],"about":[{"href":"https:\/\/22.rfmsomnii.com\/es\/wp-json\/wp\/v2\/types\/page"}],"author":[{"embeddable":true,"href":"https:\/\/22.rfmsomnii.com\/es\/wp-json\/wp\/v2\/users\/29"}],"replies":[{"embeddable":true,"href":"https:\/\/22.rfmsomnii.com\/es\/wp-json\/wp\/v2\/comments?post=10219"}],"version-history":[{"count":2,"href":"https:\/\/22.rfmsomnii.com\/es\/wp-json\/wp\/v2\/pages\/10219\/revisions"}],"predecessor-version":[{"id":16599,"href":"https:\/\/22.rfmsomnii.com\/es\/wp-json\/wp\/v2\/pages\/10219\/revisions\/16599"}],"up":[{"embeddable":true,"href":"https:\/\/22.rfmsomnii.com\/es\/wp-json\/wp\/v2\/pages\/10202"}],"wp:featuredmedia":[{"embeddable":true,"href":"https:\/\/22.rfmsomnii.com\/es\/wp-json\/wp\/v2\/media\/15984"}],"wp:attachment":[{"href":"https:\/\/22.rfmsomnii.com\/es\/wp-json\/wp\/v2\/media?parent=10219"}],"curies":[{"name":"wp","href":"https:\/\/api.w.org\/{rel}","templated":true}]}}