{"id":10213,"date":"2018-11-22T13:00:25","date_gmt":"2018-11-22T13:00:25","guid":{"rendered":"https:\/\/rfmsomnii-staging.braverinnovation.tech\/?page_id=10213"},"modified":"2020-07-24T12:06:02","modified_gmt":"2020-07-24T12:06:02","slug":"rfm-somnii-2013","status":"publish","type":"page","link":"https:\/\/22.rfmsomnii.com\/es\/ediciones-anteriores\/rfm-somnii-2013\/","title":{"rendered":"RFM SOMNII 2013"},"content":{"rendered":"\n<h3>IMAGINA UNA PLAYA CON 25.000 PERSONAS SONRIENDO, UNA SELECCI\u00d3N DE LOS MEJORES DJs, MUCHA M\u00daSICA, EMOCI\u00d3N Y UN SOL RESPLANDECIENTE.IMAGINA UNA PLAYA CON 25\u00a0000\u00a0PERSONAS SONRIENDO, UNA SELECCI\u00d3N DE LOS MEJORES DJ, MUCHA M\u00daSICA, EMOCI\u00d3N Y UN SOL RESPLANDECIENTE. FUE EXACTAMENTE ESO LO QUE OCURRI\u00d3 EN EL RFM SOMNII, EL MEJOR SUNSET DE TODOS LOS TIEMPOS, EN FIGUEIRA DA FOZ.ESO FUE EXACTAMENTE LO QUE OCURRI\u00d3 EN EL RFM SOMNII, EL MEJOR <em>SUNSET<\/em> DE TODOS LOS TIEMPOS, EN FIGUEIRA DA FOZ.<\/h3>\n\n\n\n<p>En la segunda edici\u00f3n, que tuvo lugar el 13 de julio de 2013, el RFM SOMNII, el mejor <em>Sunset <\/em>de todos los tiempos, triplic\u00f3 su tama\u00f1o, en una clara muestra del \u00e9xito de este concepto innovador y de que es posible organizar una fiesta deslumbrante con m\u00fasica excelente y unas instalaciones excepcionales sobre\u2026 \u00a1la arena!<br><br><\/p>\n\n\n\n<p>El ganador de un Grammy por su proyecto Deep Dish, Sharam, fue el encargado de poner un poco de ritmo con su interpretaci\u00f3n de varios remix de Madonna o Dido, entre otros. La fiesta continu\u00f3 con el DJ Kura, la revelaci\u00f3n lusa, que rob\u00f3 multitud de corazones y puso a todo el mundo a bailar; el holand\u00e9s Dyro, el \u00abni\u00f1o de los ojos\u00bb de Hardwell, y Otto Knows, un sueco que ha crecido mucho en los \u00faltimos a\u00f1os y presenci\u00f3 como miles de personas cantaban su \u00abOne Milion Voices\u00bb en una atm\u00f3sfera incre\u00edble.<br><br><\/p>\n\n\n\n<p>Complet\u00f3 el cartel el exitoso Sebastian Ingrosso, de los Swedish House Mafia.El cartel qued\u00f3 completo con el <em>headliner<\/em> Sebastian Ingrosso, de los Swedish House Mafia, poseedor de una trayectoria de f\u00e1bula. El DJ present\u00f3 un espect\u00e1culo \u00fanico de sonido, luces y efectos pirot\u00e9cnicos.<br><br><\/p>\n\n\n\n<br>\n\n\n\n<h2>Galer\u00eda de im\u00e1genes<\/h2>\n\n\n\n<br>\n\n\n<style type=\"text\/css\">\n#foogallery-gallery-5835.fg-masonry { --fg-gutter: 0px; }<\/style>\n\t\t\t<div class=\"foogallery foogallery-container foogallery-masonry foogallery-lightbox-foobox fg-center fg-masonry fg-ready fg-light fg-shadow-outline fg-loading-default fg-loaded-fade-in fg-caption-hover fg-hover-fade fg-hover-zoom fg-col5\" id=\"foogallery-gallery-5835\" data-foogallery=\"{&quot;item&quot;:{&quot;showCaptionTitle&quot;:true,&quot;showCaptionDescription&quot;:true},&quot;lazy&quot;:true}\" style=\"--fg-title-line-clamp: 0; --fg-description-line-clamp: 0;\" >\n\t\t<div class=\"fg-column-width\"><\/div>\n\t<div class=\"fg-gutter-width\"><\/div>\n\t\t<div class=\"fg-item fg-type-image fg-idle\"><figure class=\"fg-item-inner\"><a href=\"https:\/\/22.rfmsomnii.com\/wp-content\/uploads\/2018\/12\/Dyro1108e449-1.jpg\" data-attachment-id=\"5836\" data-type=\"image\" class=\"fg-thumb\"><span class=\"fg-image-wrap\"><img width=\"300\" height=\"206\" class=\"skip-lazy fg-image\" data-src-fg=\"https:\/\/22.rfmsomnii.com\/wp-content\/uploads\/cache\/2018\/12\/Dyro1108e449-1\/2593224974.jpg\" src=\"data:image\/svg+xml,%3Csvg%20xmlns%3D%22http%3A%2F%2Fwww.w3.org%2F2000%2Fsvg%22%20width%3D%22300%22%20height%3D%22206%22%20viewBox%3D%220%200%20300%20206%22%3E%3C%2Fsvg%3E\" loading=\"eager\"><\/span><span class=\"fg-image-overlay\"><\/span><\/a><\/figure><div class=\"fg-loader\"><\/div><\/div><div class=\"fg-item fg-type-image fg-idle\"><figure class=\"fg-item-inner\"><a href=\"https:\/\/22.rfmsomnii.com\/wp-content\/uploads\/2018\/12\/Dyro1123564ec-1.jpg\" data-attachment-id=\"5838\" data-type=\"image\" class=\"fg-thumb\"><span class=\"fg-image-wrap\"><img width=\"300\" height=\"438\" class=\"skip-lazy fg-image\" data-src-fg=\"https:\/\/22.rfmsomnii.com\/wp-content\/uploads\/cache\/2018\/12\/Dyro1123564ec-1\/1302788772.jpg\" src=\"data:image\/svg+xml,%3Csvg%20xmlns%3D%22http%3A%2F%2Fwww.w3.org%2F2000%2Fsvg%22%20width%3D%22300%22%20height%3D%22438%22%20viewBox%3D%220%200%20300%20438%22%3E%3C%2Fsvg%3E\" loading=\"eager\"><\/span><span class=\"fg-image-overlay\"><\/span><\/a><\/figure><div class=\"fg-loader\"><\/div><\/div><div class=\"fg-item fg-type-image fg-idle\"><figure class=\"fg-item-inner\"><a href=\"https:\/\/22.rfmsomnii.com\/wp-content\/uploads\/2018\/12\/fasdia14773700-1.jpg\" data-attachment-id=\"5840\" data-type=\"image\" class=\"fg-thumb\"><span class=\"fg-image-wrap\"><img width=\"300\" height=\"206\" class=\"skip-lazy fg-image\" data-src-fg=\"https:\/\/22.rfmsomnii.com\/wp-content\/uploads\/cache\/2018\/12\/fasdia14773700-1\/3493646166.jpg\" src=\"data:image\/svg+xml,%3Csvg%20xmlns%3D%22http%3A%2F%2Fwww.w3.org%2F2000%2Fsvg%22%20width%3D%22300%22%20height%3D%22206%22%20viewBox%3D%220%200%20300%20206%22%3E%3C%2Fsvg%3E\" loading=\"eager\"><\/span><span class=\"fg-image-overlay\"><\/span><\/a><\/figure><div class=\"fg-loader\"><\/div><\/div><div class=\"fg-item fg-type-image fg-idle\"><figure class=\"fg-item-inner\"><a href=\"https:\/\/22.rfmsomnii.com\/wp-content\/uploads\/2018\/12\/fasingrosso1283fbb9-1.jpg\" data-attachment-id=\"5842\" data-type=\"image\" class=\"fg-thumb\"><span class=\"fg-image-wrap\"><img width=\"300\" height=\"206\" class=\"skip-lazy fg-image\" data-src-fg=\"https:\/\/22.rfmsomnii.com\/wp-content\/uploads\/cache\/2018\/12\/fasingrosso1283fbb9-1\/3653816482.jpg\" src=\"data:image\/svg+xml,%3Csvg%20xmlns%3D%22http%3A%2F%2Fwww.w3.org%2F2000%2Fsvg%22%20width%3D%22300%22%20height%3D%22206%22%20viewBox%3D%220%200%20300%20206%22%3E%3C%2Fsvg%3E\" loading=\"eager\"><\/span><span class=\"fg-image-overlay\"><\/span><\/a><\/figure><div class=\"fg-loader\"><\/div><\/div><div class=\"fg-item fg-type-image fg-idle\"><figure class=\"fg-item-inner\"><a href=\"https:\/\/22.rfmsomnii.com\/wp-content\/uploads\/2018\/12\/fasingrosso264645dec-1.jpg\" data-attachment-id=\"5844\" data-type=\"image\" class=\"fg-thumb\"><span class=\"fg-image-wrap\"><img width=\"300\" height=\"206\" class=\"skip-lazy fg-image\" data-src-fg=\"https:\/\/22.rfmsomnii.com\/wp-content\/uploads\/cache\/2018\/12\/fasingrosso264645dec-1\/2889050709.jpg\" src=\"data:image\/svg+xml,%3Csvg%20xmlns%3D%22http%3A%2F%2Fwww.w3.org%2F2000%2Fsvg%22%20width%3D%22300%22%20height%3D%22206%22%20viewBox%3D%220%200%20300%20206%22%3E%3C%2Fsvg%3E\" loading=\"eager\"><\/span><span class=\"fg-image-overlay\"><\/span><\/a><\/figure><div class=\"fg-loader\"><\/div><\/div><div class=\"fg-item fg-type-image fg-idle\"><figure class=\"fg-item-inner\"><a href=\"https:\/\/22.rfmsomnii.com\/wp-content\/uploads\/2018\/12\/fasingrosso1339677ea-1.jpg\" data-attachment-id=\"5846\" data-type=\"image\" class=\"fg-thumb\"><span class=\"fg-image-wrap\"><img width=\"300\" height=\"206\" class=\"skip-lazy fg-image\" data-src-fg=\"https:\/\/22.rfmsomnii.com\/wp-content\/uploads\/cache\/2018\/12\/fasingrosso1339677ea-1\/2932486253.jpg\" src=\"data:image\/svg+xml,%3Csvg%20xmlns%3D%22http%3A%2F%2Fwww.w3.org%2F2000%2Fsvg%22%20width%3D%22300%22%20height%3D%22206%22%20viewBox%3D%220%200%20300%20206%22%3E%3C%2Fsvg%3E\" loading=\"eager\"><\/span><span class=\"fg-image-overlay\"><\/span><\/a><\/figure><div class=\"fg-loader\"><\/div><\/div><div class=\"fg-item fg-type-image fg-idle\"><figure class=\"fg-item-inner\"><a href=\"https:\/\/22.rfmsomnii.com\/wp-content\/uploads\/2018\/12\/filas9782dd73-1.jpg\" data-attachment-id=\"5848\" data-type=\"image\" class=\"fg-thumb\"><span class=\"fg-image-wrap\"><img width=\"300\" height=\"206\" class=\"skip-lazy fg-image\" data-src-fg=\"https:\/\/22.rfmsomnii.com\/wp-content\/uploads\/cache\/2018\/12\/filas9782dd73-1\/1033918281.jpg\" src=\"data:image\/svg+xml,%3Csvg%20xmlns%3D%22http%3A%2F%2Fwww.w3.org%2F2000%2Fsvg%22%20width%3D%22300%22%20height%3D%22206%22%20viewBox%3D%220%200%20300%20206%22%3E%3C%2Fsvg%3E\" loading=\"eager\"><\/span><span class=\"fg-image-overlay\"><\/span><\/a><\/figure><div class=\"fg-loader\"><\/div><\/div><div class=\"fg-item fg-type-image fg-idle\"><figure class=\"fg-item-inner\"><a href=\"https:\/\/22.rfmsomnii.com\/wp-content\/uploads\/2018\/12\/imagemcontinente21286a05-1.jpg\" data-attachment-id=\"5850\" data-type=\"image\" class=\"fg-thumb\"><span class=\"fg-image-wrap\"><img width=\"300\" height=\"206\" class=\"skip-lazy fg-image\" data-src-fg=\"https:\/\/22.rfmsomnii.com\/wp-content\/uploads\/cache\/2018\/12\/imagemcontinente21286a05-1\/3707165676.jpg\" src=\"data:image\/svg+xml,%3Csvg%20xmlns%3D%22http%3A%2F%2Fwww.w3.org%2F2000%2Fsvg%22%20width%3D%22300%22%20height%3D%22206%22%20viewBox%3D%220%200%20300%20206%22%3E%3C%2Fsvg%3E\" loading=\"eager\"><\/span><span class=\"fg-image-overlay\"><\/span><\/a><\/figure><div class=\"fg-loader\"><\/div><\/div><div class=\"fg-item fg-type-image fg-idle\"><figure class=\"fg-item-inner\"><a href=\"https:\/\/22.rfmsomnii.com\/wp-content\/uploads\/2018\/12\/ingrosso17230701-1.jpg\" data-attachment-id=\"5852\" data-type=\"image\" class=\"fg-thumb\"><span class=\"fg-image-wrap\"><img width=\"300\" height=\"206\" class=\"skip-lazy fg-image\" data-src-fg=\"https:\/\/22.rfmsomnii.com\/wp-content\/uploads\/cache\/2018\/12\/ingrosso17230701-1\/3248264702.jpg\" src=\"data:image\/svg+xml,%3Csvg%20xmlns%3D%22http%3A%2F%2Fwww.w3.org%2F2000%2Fsvg%22%20width%3D%22300%22%20height%3D%22206%22%20viewBox%3D%220%200%20300%20206%22%3E%3C%2Fsvg%3E\" loading=\"eager\"><\/span><span class=\"fg-image-overlay\"><\/span><\/a><\/figure><div class=\"fg-loader\"><\/div><\/div><div class=\"fg-item fg-type-image fg-idle\"><figure class=\"fg-item-inner\"><a href=\"https:\/\/22.rfmsomnii.com\/wp-content\/uploads\/2018\/12\/JoaoReis7731b466-1.jpg\" data-attachment-id=\"5854\" data-type=\"image\" class=\"fg-thumb\"><span class=\"fg-image-wrap\"><img width=\"300\" height=\"438\" class=\"skip-lazy fg-image\" data-src-fg=\"https:\/\/22.rfmsomnii.com\/wp-content\/uploads\/cache\/2018\/12\/JoaoReis7731b466-1\/2900867119.jpg\" src=\"data:image\/svg+xml,%3Csvg%20xmlns%3D%22http%3A%2F%2Fwww.w3.org%2F2000%2Fsvg%22%20width%3D%22300%22%20height%3D%22438%22%20viewBox%3D%220%200%20300%20438%22%3E%3C%2Fsvg%3E\" loading=\"eager\"><\/span><span class=\"fg-image-overlay\"><\/span><\/a><\/figure><div class=\"fg-loader\"><\/div><\/div><div class=\"fg-item fg-type-image fg-idle\"><figure class=\"fg-item-inner\"><a href=\"https:\/\/22.rfmsomnii.com\/wp-content\/uploads\/2018\/12\/kura1865846c6-1.jpg\" data-attachment-id=\"5856\" data-type=\"image\" class=\"fg-thumb\"><span class=\"fg-image-wrap\"><img width=\"300\" height=\"206\" class=\"skip-lazy fg-image\" data-src-fg=\"https:\/\/22.rfmsomnii.com\/wp-content\/uploads\/cache\/2018\/12\/kura1865846c6-1\/3520521796.jpg\" src=\"data:image\/svg+xml,%3Csvg%20xmlns%3D%22http%3A%2F%2Fwww.w3.org%2F2000%2Fsvg%22%20width%3D%22300%22%20height%3D%22206%22%20viewBox%3D%220%200%20300%20206%22%3E%3C%2Fsvg%3E\" loading=\"eager\"><\/span><span class=\"fg-image-overlay\"><\/span><\/a><\/figure><div class=\"fg-loader\"><\/div><\/div><div class=\"fg-item fg-type-image fg-idle\"><figure class=\"fg-item-inner\"><a href=\"https:\/\/22.rfmsomnii.com\/wp-content\/uploads\/2018\/12\/luzesdyro1142c638-1.jpg\" data-attachment-id=\"5858\" data-type=\"image\" class=\"fg-thumb\"><span class=\"fg-image-wrap\"><img width=\"300\" height=\"206\" class=\"skip-lazy fg-image\" data-src-fg=\"https:\/\/22.rfmsomnii.com\/wp-content\/uploads\/cache\/2018\/12\/luzesdyro1142c638-1\/1251590090.jpg\" src=\"data:image\/svg+xml,%3Csvg%20xmlns%3D%22http%3A%2F%2Fwww.w3.org%2F2000%2Fsvg%22%20width%3D%22300%22%20height%3D%22206%22%20viewBox%3D%220%200%20300%20206%22%3E%3C%2Fsvg%3E\" loading=\"eager\"><\/span><span class=\"fg-image-overlay\"><\/span><\/a><\/figure><div class=\"fg-loader\"><\/div><\/div><div class=\"fg-item fg-type-image fg-idle\"><figure class=\"fg-item-inner\"><a href=\"https:\/\/22.rfmsomnii.com\/wp-content\/uploads\/2018\/12\/ottoknows1238444d-1.jpg\" data-attachment-id=\"5860\" data-type=\"image\" class=\"fg-thumb\"><span class=\"fg-image-wrap\"><img width=\"300\" height=\"438\" class=\"skip-lazy fg-image\" data-src-fg=\"https:\/\/22.rfmsomnii.com\/wp-content\/uploads\/cache\/2018\/12\/ottoknows1238444d-1\/3335101169.jpg\" src=\"data:image\/svg+xml,%3Csvg%20xmlns%3D%22http%3A%2F%2Fwww.w3.org%2F2000%2Fsvg%22%20width%3D%22300%22%20height%3D%22438%22%20viewBox%3D%220%200%20300%20438%22%3E%3C%2Fsvg%3E\" loading=\"eager\"><\/span><span class=\"fg-image-overlay\"><\/span><\/a><\/figure><div class=\"fg-loader\"><\/div><\/div><div class=\"fg-item fg-type-image fg-idle\"><figure class=\"fg-item-inner\"><a href=\"https:\/\/22.rfmsomnii.com\/wp-content\/uploads\/2018\/12\/sunset-geral4449e17c-e1544108764281.jpg\" data-attachment-id=\"5862\" data-type=\"image\" class=\"fg-thumb\"><span class=\"fg-image-wrap\"><img width=\"300\" height=\"198\" class=\"skip-lazy fg-image\" data-src-fg=\"https:\/\/22.rfmsomnii.com\/wp-content\/uploads\/cache\/2018\/12\/sunset-geral4449e17c-e1544108764281\/2975576943.jpg\" src=\"data:image\/svg+xml,%3Csvg%20xmlns%3D%22http%3A%2F%2Fwww.w3.org%2F2000%2Fsvg%22%20width%3D%22300%22%20height%3D%22198%22%20viewBox%3D%220%200%20300%20198%22%3E%3C%2Fsvg%3E\" loading=\"eager\"><\/span><span class=\"fg-image-overlay\"><\/span><\/a><\/figure><div class=\"fg-loader\"><\/div><\/div><div class=\"fg-item fg-type-image fg-idle\"><figure class=\"fg-item-inner\"><a href=\"https:\/\/22.rfmsomnii.com\/wp-content\/uploads\/2018\/12\/visualizacao_Cartaz_sempreco16434190-1.jpg\" data-attachment-id=\"5864\" data-type=\"image\" class=\"fg-thumb\"><span class=\"fg-image-wrap\"><img width=\"300\" height=\"417\" class=\"skip-lazy fg-image\" data-src-fg=\"https:\/\/22.rfmsomnii.com\/wp-content\/uploads\/cache\/2018\/12\/visualizacao_Cartaz_sempreco16434190-1\/664595920.jpg\" src=\"data:image\/svg+xml,%3Csvg%20xmlns%3D%22http%3A%2F%2Fwww.w3.org%2F2000%2Fsvg%22%20width%3D%22300%22%20height%3D%22417%22%20viewBox%3D%220%200%20300%20417%22%3E%3C%2Fsvg%3E\" loading=\"eager\"><\/span><span class=\"fg-image-overlay\"><\/span><\/a><\/figure><div class=\"fg-loader\"><\/div><\/div><\/div>\n\n\n<br>\n\n\n\n<h2>Aftermovie<\/h2>\n\n\n\n<br>\n\n\n\n<figure class=\"wp-block-embed-vimeo wp-block-embed is-type-video is-provider-vimeo wp-embed-aspect-16-9 wp-has-aspect-ratio\"><div class=\"wp-block-embed__wrapper\">\n<iframe loading=\"lazy\" title=\"RFM SOMNII | Official Aftermovie 2013\" src=\"https:\/\/player.vimeo.com\/video\/302326471?dnt=1&amp;app_id=122963\" width=\"640\" height=\"360\" frameborder=\"0\" allow=\"autoplay; fullscreen\" allowfullscreen><\/iframe>\n<\/div><\/figure>\n","protected":false},"excerpt":{"rendered":"<p>IMAGINA UNA PLAYA CON 25.000 PERSONAS SONRIENDO, UNA SELECCI\u00d3N DE LOS MEJORES DJs, MUCHA M\u00daSICA, EMOCI\u00d3N Y UN SOL RESPLANDECIENTE.IMAGINA UNA PLAYA CON 25\u00a0000\u00a0PERSONAS SONRIENDO, UNA SELECCI\u00d3N DE LOS MEJORES DJ, MUCHA M\u00daSICA, EMOCI\u00d3N Y UN SOL RESPLANDECIENTE. FUE EXACTAMENTE ESO LO QUE OCURRI\u00d3 EN EL RFM SOMNII, EL MEJOR SUNSET DE TODOS LOS TIEMPOS, [&#8230;]<\/p>\n<p><a class=\"btn btn-secondary understrap-read-more-link\" href=\"https:\/\/22.rfmsomnii.com\/es\/ediciones-anteriores\/rfm-somnii-2013\/\">Leer m\u00e1s&#8230;<\/a><\/p>\n","protected":false},"author":29,"featured_media":15969,"parent":10202,"menu_order":0,"comment_status":"closed","ping_status":"closed","template":"","meta":[],"acf":[],"yoast_head":"<!-- This site is optimized with the Yoast SEO plugin v19.4 - https:\/\/yoast.com\/wordpress\/plugins\/seo\/ -->\n<title>RFM SOMNII 2013 - RFM SOMNII<\/title>\n<meta name=\"robots\" content=\"noindex, follow, max-snippet:-1, max-image-preview:large, max-video-preview:-1\" \/>\n<meta property=\"og:locale\" content=\"es_ES\" \/>\n<meta property=\"og:type\" content=\"article\" \/>\n<meta property=\"og:title\" content=\"RFM SOMNII 2013 - RFM SOMNII\" \/>\n<meta property=\"og:description\" content=\"IMAGINA UNA PLAYA CON 25.000 PERSONAS SONRIENDO, UNA SELECCI\u00d3N DE LOS MEJORES DJs, MUCHA M\u00daSICA, EMOCI\u00d3N Y UN SOL RESPLANDECIENTE.IMAGINA UNA PLAYA CON 25\u00a0000\u00a0PERSONAS SONRIENDO, UNA SELECCI\u00d3N DE LOS MEJORES DJ, MUCHA M\u00daSICA, EMOCI\u00d3N Y UN SOL RESPLANDECIENTE. FUE EXACTAMENTE ESO LO QUE OCURRI\u00d3 EN EL RFM SOMNII, EL MEJOR SUNSET DE TODOS LOS TIEMPOS, [...]Leer m\u00e1s...\" \/>\n<meta property=\"og:url\" content=\"https:\/\/22.rfmsomnii.com\/es\/ediciones-anteriores\/rfm-somnii-2013\/\" \/>\n<meta property=\"og:site_name\" content=\"RFM SOMNII\" \/>\n<meta property=\"article:modified_time\" content=\"2020-07-24T12:06:02+00:00\" \/>\n<meta property=\"og:image\" content=\"https:\/\/22.rfmsomnii.com\/wp-content\/uploads\/2020\/05\/2013.jpg\" \/>\n\t<meta property=\"og:image:width\" content=\"1024\" \/>\n\t<meta property=\"og:image:height\" content=\"702\" \/>\n\t<meta property=\"og:image:type\" content=\"image\/jpeg\" \/>\n<meta name=\"twitter:card\" content=\"summary_large_image\" \/>\n<meta name=\"twitter:label1\" content=\"Est. reading time\" \/>\n\t<meta name=\"twitter:data1\" content=\"1 minute\" \/>\n<script type=\"application\/ld+json\" class=\"yoast-schema-graph\">{\"@context\":\"https:\/\/schema.org\",\"@graph\":[{\"@type\":\"Organization\",\"@id\":\"https:\/\/22.rfmsomnii.com\/#organization\",\"name\":\"RFM SOMNII\",\"url\":\"https:\/\/22.rfmsomnii.com\/\",\"sameAs\":[],\"logo\":{\"@type\":\"ImageObject\",\"inLanguage\":\"es-ES\",\"@id\":\"https:\/\/22.rfmsomnii.com\/#\/schema\/logo\/image\/\",\"url\":\"https:\/\/22.rfmsomnii.com\/wp-content\/uploads\/2022\/01\/rfm_logo_2022.png\",\"contentUrl\":\"https:\/\/22.rfmsomnii.com\/wp-content\/uploads\/2022\/01\/rfm_logo_2022.png\",\"width\":99,\"height\":72,\"caption\":\"RFM SOMNII\"},\"image\":{\"@id\":\"https:\/\/22.rfmsomnii.com\/#\/schema\/logo\/image\/\"}},{\"@type\":\"WebSite\",\"@id\":\"https:\/\/22.rfmsomnii.com\/#website\",\"url\":\"https:\/\/22.rfmsomnii.com\/\",\"name\":\"RFM SOMNII\",\"description\":\"O Maior Sunset de Sempre!\",\"publisher\":{\"@id\":\"https:\/\/22.rfmsomnii.com\/#organization\"},\"potentialAction\":[{\"@type\":\"SearchAction\",\"target\":{\"@type\":\"EntryPoint\",\"urlTemplate\":\"https:\/\/22.rfmsomnii.com\/?s={search_term_string}\"},\"query-input\":\"required name=search_term_string\"}],\"inLanguage\":\"es-ES\"},{\"@type\":\"WebPage\",\"@id\":\"https:\/\/22.rfmsomnii.com\/es\/ediciones-anteriores\/rfm-somnii-2013\/\",\"url\":\"https:\/\/22.rfmsomnii.com\/es\/ediciones-anteriores\/rfm-somnii-2013\/\",\"name\":\"RFM SOMNII 2013 - RFM SOMNII\",\"isPartOf\":{\"@id\":\"https:\/\/22.rfmsomnii.com\/#website\"},\"datePublished\":\"2018-11-22T13:00:25+00:00\",\"dateModified\":\"2020-07-24T12:06:02+00:00\",\"breadcrumb\":{\"@id\":\"https:\/\/22.rfmsomnii.com\/es\/ediciones-anteriores\/rfm-somnii-2013\/#breadcrumb\"},\"inLanguage\":\"es-ES\",\"potentialAction\":[{\"@type\":\"ReadAction\",\"target\":[\"https:\/\/22.rfmsomnii.com\/es\/ediciones-anteriores\/rfm-somnii-2013\/\"]}]},{\"@type\":\"BreadcrumbList\",\"@id\":\"https:\/\/22.rfmsomnii.com\/es\/ediciones-anteriores\/rfm-somnii-2013\/#breadcrumb\",\"itemListElement\":[{\"@type\":\"ListItem\",\"position\":1,\"name\":\"In\u00edcio\",\"item\":\"https:\/\/22.rfmsomnii.com\/es\/\"},{\"@type\":\"ListItem\",\"position\":2,\"name\":\"Ediciones Anteriores\",\"item\":\"https:\/\/22.rfmsomnii.com\/es\/ediciones-anteriores\/\"},{\"@type\":\"ListItem\",\"position\":3,\"name\":\"RFM SOMNII 2013\"}]}]}<\/script>\n<!-- \/ Yoast SEO plugin. -->","yoast_head_json":{"title":"RFM SOMNII 2013 - RFM SOMNII","robots":{"index":"noindex","follow":"follow","max-snippet":"max-snippet:-1","max-image-preview":"max-image-preview:large","max-video-preview":"max-video-preview:-1"},"og_locale":"es_ES","og_type":"article","og_title":"RFM SOMNII 2013 - RFM SOMNII","og_description":"IMAGINA UNA PLAYA CON 25.000 PERSONAS SONRIENDO, UNA SELECCI\u00d3N DE LOS MEJORES DJs, MUCHA M\u00daSICA, EMOCI\u00d3N Y UN SOL RESPLANDECIENTE.IMAGINA UNA PLAYA CON 25\u00a0000\u00a0PERSONAS SONRIENDO, UNA SELECCI\u00d3N DE LOS MEJORES DJ, MUCHA M\u00daSICA, EMOCI\u00d3N Y UN SOL RESPLANDECIENTE. FUE EXACTAMENTE ESO LO QUE OCURRI\u00d3 EN EL RFM SOMNII, EL MEJOR SUNSET DE TODOS LOS TIEMPOS, [...]Leer m\u00e1s...","og_url":"https:\/\/22.rfmsomnii.com\/es\/ediciones-anteriores\/rfm-somnii-2013\/","og_site_name":"RFM SOMNII","article_modified_time":"2020-07-24T12:06:02+00:00","og_image":[{"width":1024,"height":702,"url":"https:\/\/22.rfmsomnii.com\/wp-content\/uploads\/2020\/05\/2013.jpg","type":"image\/jpeg"}],"twitter_card":"summary_large_image","twitter_misc":{"Est. reading time":"1 minute"},"schema":{"@context":"https:\/\/schema.org","@graph":[{"@type":"Organization","@id":"https:\/\/22.rfmsomnii.com\/#organization","name":"RFM SOMNII","url":"https:\/\/22.rfmsomnii.com\/","sameAs":[],"logo":{"@type":"ImageObject","inLanguage":"es-ES","@id":"https:\/\/22.rfmsomnii.com\/#\/schema\/logo\/image\/","url":"https:\/\/22.rfmsomnii.com\/wp-content\/uploads\/2022\/01\/rfm_logo_2022.png","contentUrl":"https:\/\/22.rfmsomnii.com\/wp-content\/uploads\/2022\/01\/rfm_logo_2022.png","width":99,"height":72,"caption":"RFM SOMNII"},"image":{"@id":"https:\/\/22.rfmsomnii.com\/#\/schema\/logo\/image\/"}},{"@type":"WebSite","@id":"https:\/\/22.rfmsomnii.com\/#website","url":"https:\/\/22.rfmsomnii.com\/","name":"RFM SOMNII","description":"O Maior Sunset de Sempre!","publisher":{"@id":"https:\/\/22.rfmsomnii.com\/#organization"},"potentialAction":[{"@type":"SearchAction","target":{"@type":"EntryPoint","urlTemplate":"https:\/\/22.rfmsomnii.com\/?s={search_term_string}"},"query-input":"required name=search_term_string"}],"inLanguage":"es-ES"},{"@type":"WebPage","@id":"https:\/\/22.rfmsomnii.com\/es\/ediciones-anteriores\/rfm-somnii-2013\/","url":"https:\/\/22.rfmsomnii.com\/es\/ediciones-anteriores\/rfm-somnii-2013\/","name":"RFM SOMNII 2013 - RFM SOMNII","isPartOf":{"@id":"https:\/\/22.rfmsomnii.com\/#website"},"datePublished":"2018-11-22T13:00:25+00:00","dateModified":"2020-07-24T12:06:02+00:00","breadcrumb":{"@id":"https:\/\/22.rfmsomnii.com\/es\/ediciones-anteriores\/rfm-somnii-2013\/#breadcrumb"},"inLanguage":"es-ES","potentialAction":[{"@type":"ReadAction","target":["https:\/\/22.rfmsomnii.com\/es\/ediciones-anteriores\/rfm-somnii-2013\/"]}]},{"@type":"BreadcrumbList","@id":"https:\/\/22.rfmsomnii.com\/es\/ediciones-anteriores\/rfm-somnii-2013\/#breadcrumb","itemListElement":[{"@type":"ListItem","position":1,"name":"In\u00edcio","item":"https:\/\/22.rfmsomnii.com\/es\/"},{"@type":"ListItem","position":2,"name":"Ediciones Anteriores","item":"https:\/\/22.rfmsomnii.com\/es\/ediciones-anteriores\/"},{"@type":"ListItem","position":3,"name":"RFM SOMNII 2013"}]}]}},"_links":{"self":[{"href":"https:\/\/22.rfmsomnii.com\/es\/wp-json\/wp\/v2\/pages\/10213"}],"collection":[{"href":"https:\/\/22.rfmsomnii.com\/es\/wp-json\/wp\/v2\/pages"}],"about":[{"href":"https:\/\/22.rfmsomnii.com\/es\/wp-json\/wp\/v2\/types\/page"}],"author":[{"embeddable":true,"href":"https:\/\/22.rfmsomnii.com\/es\/wp-json\/wp\/v2\/users\/29"}],"replies":[{"embeddable":true,"href":"https:\/\/22.rfmsomnii.com\/es\/wp-json\/wp\/v2\/comments?post=10213"}],"version-history":[{"count":2,"href":"https:\/\/22.rfmsomnii.com\/es\/wp-json\/wp\/v2\/pages\/10213\/revisions"}],"predecessor-version":[{"id":16608,"href":"https:\/\/22.rfmsomnii.com\/es\/wp-json\/wp\/v2\/pages\/10213\/revisions\/16608"}],"up":[{"embeddable":true,"href":"https:\/\/22.rfmsomnii.com\/es\/wp-json\/wp\/v2\/pages\/10202"}],"wp:featuredmedia":[{"embeddable":true,"href":"https:\/\/22.rfmsomnii.com\/es\/wp-json\/wp\/v2\/media\/15969"}],"wp:attachment":[{"href":"https:\/\/22.rfmsomnii.com\/es\/wp-json\/wp\/v2\/media?parent=10213"}],"curies":[{"name":"wp","href":"https:\/\/api.w.org\/{rel}","templated":true}]}}