{"id":10187,"date":"2019-04-15T15:02:20","date_gmt":"2019-04-15T15:02:20","guid":{"rendered":"https:\/\/rfmsomnii-staging.braverinnovation.tech\/?page_id=10187"},"modified":"2022-05-18T13:32:16","modified_gmt":"2022-05-18T13:32:16","slug":"acerca","status":"publish","type":"page","link":"https:\/\/22.rfmsomnii.com\/es\/acerca\/","title":{"rendered":"RFM SOMNII"},"content":{"rendered":"\n<h2>Sobre el festival<\/h2>\n\n\n\n<p>El <strong>RFM SOMNII<\/strong> cuenta con casi una d\u00e9cada de historias y m\u00e1s de <strong>600,000 visitantes<\/strong> que han presenciado El Mayor Sunset de Siempre, en una de las playas m\u00e1s hermosas de la costa portuguesa, e<strong>n el medio de la playa y con acceso al mar<\/strong>.<\/p>\n\n\n\n<p>La edici\u00f3n 2022 contar\u00e1 con <strong>3 d\u00edas llenos de emociones y sorpresas<\/strong>. El festival de playa m\u00e1s grande de Portugal y uno de los m\u00e1s grandes de Europa contar\u00e1 con los <strong>mejores artistas del mundo<\/strong> y las experiencias m\u00e1s inolvidables combinado con <strong>72 horas de m\u00fasica y animaci\u00f3n sin parar<\/strong>.<\/p>\n\n\n\n<p>El concepto del RFM SOMNII apareci\u00f3 en 2012 y se ha celebrado desde su segunda edici\u00f3n en la Praia do Rel\u00f3gio, Figueira da Foz.<\/p>\n\n\n\n<p>Marcas como <strong>RFM<\/strong>, <strong>Continente<\/strong>, <strong>Super Bock<\/strong>, <strong>MTV<\/strong>, <strong>Somersby<\/strong>, <strong>Mazda<\/strong>, <strong>Millennium BCP <\/strong>y <strong>MEO <\/strong>han reconocido este festival como siendo atractivo y en que han presentado varios nombres notables en la escena musical mundial como <strong>DJ Snake, Hardwell. , Tiesto, Chainsmokers, Martin Solveig, Alesso, Tyga, Ozuna, Afrojack<\/strong> y otros.<\/p>\n\n\n\n<p>El Mayor Sunset de Siempre volver\u00e1, nuevamente, a la <strong>Praia do Rel\u00f3gio de la Figueira da Foz<\/strong>, en los d\u00edas <strong>8, 9 y 10 de julio<\/strong>.<\/p>\n\n\n\n<p>\u00a1Te esperamos en la pr\u00f3xima edici\u00f3n de El Mejor Sunset desde Siempre!<\/p>\n\n\n\n<!--nextpage-->\n\n\n\n<h2>La historia de esta edici\u00f3n<\/h2>\n\n\n\n<p>Alimentado por tu energ\u00eda, el <strong>#Sol<\/strong> tiene una misi\u00f3n: nutrir e iluminar las mentes de todos los que sue\u00f1an. Su luz es tan intensa que cuando entra en la piel y se propaga dentro de ti, aviva todos tus sentidos.<\/p>\n\n\n\n<p> Ah\u00ed entender\u00e1s que tu camino es solo uno y que debes seguirlo. Cuando escuchares la melod\u00eda que te da escalofr\u00edos y despierta tus sensaciones, te dar\u00e1s cuenta de que esta es tu <strong>#M\u00fasica<\/strong>. <\/p>\n\n\n\n<p>El ritmo establecer\u00e1 los latidos de tu coraz\u00f3n y el pensamiento ya no escapar\u00e1 de las emociones. Sum\u00e9rgete en ti y nota que eres diferente. Tu conciencia nace aqu\u00ed. Es a trav\u00e9s del poder de la diversidad que la armon\u00eda quiere dejar su huella en la <strong>#Playa<\/strong> y en el mundo. <\/p>\n\n\n\n<p>Mantente rebelde, pero fiel a tu esencia. Tu camino nunca ser\u00e1 a solo, as\u00ed que la forma de como te conectas con tus <strong>#Amigos<\/strong>, es lo que te permitir\u00e1 construir recuerdos y momentos con un gusto a <strong>#Felicidad<\/strong> que perdurar\u00e1n en el tiempo. <\/p>\n\n\n\n<p>El <strong>#Sue\u00f1o<\/strong> refleja las manifestaciones de tu alma y est\u00e1 todo aqu\u00ed en Figueira da Foz. \u00a1 Ahora es tu oportunidad de hacer la diferencia! Que te inspire la voluntad de que el cielo tiene en besar el <strong>#Mar<\/strong> todos los d\u00edas. Es en esta persistencia que te descubrir\u00e1s. <\/p>\n\n\n\n<p>Tu sed de aventura y tu entusiasmo por bailar en las olas de la vida te liberar\u00e1n. Este es tu punto de partida. Navega por tu mente y deja que la marea te traiga sabidur\u00eda que te va a permitir reinventarte y empezar una y otra vez. <\/p>\n\n\n\n<p>La misma agua que calma los corazones y despierta la conciencia es la que te permite renacer. La naturaleza nos escucha y siempre est\u00e1 lista para darnos una segunda oportunidad. <\/p>\n\n\n\n<p>En esta edici\u00f3n, nuestro enfoque ser\u00e1 resaltar la importancia del agua, la protecci\u00f3n del oc\u00e9ano y esta zona costera que nos hace tan \u00fanicos. <\/p>\n\n\n\n<p>La vida es demasiado corta para que no elijas algo que te enamore o que te despierte la curiosidad. Tu intuici\u00f3n te guiar\u00e1 hasta nosotros, hasta <strong>RFM SOMNII \u2013 El Mayor Sunset de Siempre<\/strong>.<\/p>\n","protected":false},"excerpt":{"rendered":"<p>Sobre el festival El RFM SOMNII cuenta con casi una d\u00e9cada de historias y m\u00e1s de 600,000 visitantes que han presenciado El Mayor Sunset de Siempre, en una de las playas m\u00e1s hermosas de la costa portuguesa, en el medio de la playa y con acceso al mar. La edici\u00f3n 2022 contar\u00e1 con 3 d\u00edas [&#8230;]<\/p>\n<p><a class=\"btn btn-secondary understrap-read-more-link\" href=\"https:\/\/22.rfmsomnii.com\/es\/acerca\/\">Leer m\u00e1s&#8230;<\/a><\/p>\n","protected":false},"author":29,"featured_media":17703,"parent":0,"menu_order":0,"comment_status":"closed","ping_status":"closed","template":"page-templates\/page-template-about.php","meta":[],"acf":[],"yoast_head":"<!-- This site is optimized with the Yoast SEO plugin v19.4 - https:\/\/yoast.com\/wordpress\/plugins\/seo\/ -->\n<title>Acerca | RFM SOMNII - \u00a1El Mejor Sunset desde Siempre!<\/title>\n<meta name=\"description\" content=\"El Mejor Sunset de Siempre volver\u00e1, nuevamente, a Praia do Rel\u00f3gio en Figueira da Foz, los d\u00edas 9, 10 y 11 de julio de 2021. \u00a1Contamos con usted!\" \/>\n<meta name=\"robots\" content=\"noindex, follow, max-snippet:-1, max-image-preview:large, max-video-preview:-1\" \/>\n<meta property=\"og:locale\" content=\"es_ES\" \/>\n<meta property=\"og:type\" content=\"article\" \/>\n<meta property=\"og:title\" content=\"Acerca | RFM SOMNII - \u00a1El Mejor Sunset desde Siempre!\" \/>\n<meta property=\"og:description\" content=\"El Mejor Sunset de Siempre volver\u00e1, nuevamente, a Praia do Rel\u00f3gio en Figueira da Foz, los d\u00edas 9, 10 y 11 de julio de 2021. \u00a1Contamos con usted!\" \/>\n<meta property=\"og:url\" content=\"https:\/\/22.rfmsomnii.com\/es\/acerca\/\" \/>\n<meta property=\"og:site_name\" content=\"RFM SOMNII\" \/>\n<meta property=\"article:modified_time\" content=\"2022-05-18T13:32:16+00:00\" \/>\n<meta property=\"og:image\" content=\"https:\/\/22.rfmsomnii.com\/wp-content\/uploads\/2022\/01\/Somnii_rs-site-noticia_2021-11-03-1.png\" \/>\n\t<meta property=\"og:image:width\" content=\"1200\" \/>\n\t<meta property=\"og:image:height\" content=\"631\" \/>\n\t<meta property=\"og:image:type\" content=\"image\/png\" \/>\n<meta name=\"twitter:card\" content=\"summary_large_image\" \/>\n<meta name=\"twitter:label1\" content=\"Est. reading time\" \/>\n\t<meta name=\"twitter:data1\" content=\"4 minutes\" \/>\n<script type=\"application\/ld+json\" class=\"yoast-schema-graph\">{\"@context\":\"https:\/\/schema.org\",\"@graph\":[{\"@type\":\"Organization\",\"@id\":\"https:\/\/22.rfmsomnii.com\/#organization\",\"name\":\"RFM SOMNII\",\"url\":\"https:\/\/22.rfmsomnii.com\/\",\"sameAs\":[],\"logo\":{\"@type\":\"ImageObject\",\"inLanguage\":\"es-ES\",\"@id\":\"https:\/\/22.rfmsomnii.com\/#\/schema\/logo\/image\/\",\"url\":\"https:\/\/22.rfmsomnii.com\/wp-content\/uploads\/2022\/01\/rfm_logo_2022.png\",\"contentUrl\":\"https:\/\/22.rfmsomnii.com\/wp-content\/uploads\/2022\/01\/rfm_logo_2022.png\",\"width\":99,\"height\":72,\"caption\":\"RFM SOMNII\"},\"image\":{\"@id\":\"https:\/\/22.rfmsomnii.com\/#\/schema\/logo\/image\/\"}},{\"@type\":\"WebSite\",\"@id\":\"https:\/\/22.rfmsomnii.com\/#website\",\"url\":\"https:\/\/22.rfmsomnii.com\/\",\"name\":\"RFM SOMNII\",\"description\":\"O Maior Sunset de Sempre!\",\"publisher\":{\"@id\":\"https:\/\/22.rfmsomnii.com\/#organization\"},\"potentialAction\":[{\"@type\":\"SearchAction\",\"target\":{\"@type\":\"EntryPoint\",\"urlTemplate\":\"https:\/\/22.rfmsomnii.com\/?s={search_term_string}\"},\"query-input\":\"required name=search_term_string\"}],\"inLanguage\":\"es-ES\"},{\"@type\":\"WebPage\",\"@id\":\"https:\/\/22.rfmsomnii.com\/es\/acerca\/\",\"url\":\"https:\/\/22.rfmsomnii.com\/es\/acerca\/\",\"name\":\"Acerca | RFM SOMNII - \u00a1El Mejor Sunset desde Siempre!\",\"isPartOf\":{\"@id\":\"https:\/\/22.rfmsomnii.com\/#website\"},\"datePublished\":\"2019-04-15T15:02:20+00:00\",\"dateModified\":\"2022-05-18T13:32:16+00:00\",\"description\":\"El Mejor Sunset de Siempre volver\u00e1, nuevamente, a Praia do Rel\u00f3gio en Figueira da Foz, los d\u00edas 9, 10 y 11 de julio de 2021. \u00a1Contamos con usted!\",\"breadcrumb\":{\"@id\":\"https:\/\/22.rfmsomnii.com\/es\/acerca\/#breadcrumb\"},\"inLanguage\":\"es-ES\",\"potentialAction\":[{\"@type\":\"ReadAction\",\"target\":[\"https:\/\/22.rfmsomnii.com\/es\/acerca\/\"]}]},{\"@type\":\"BreadcrumbList\",\"@id\":\"https:\/\/22.rfmsomnii.com\/es\/acerca\/#breadcrumb\",\"itemListElement\":[{\"@type\":\"ListItem\",\"position\":1,\"name\":\"In\u00edcio\"}]}]}<\/script>\n<!-- \/ Yoast SEO plugin. -->","yoast_head_json":{"title":"Acerca | RFM SOMNII - \u00a1El Mejor Sunset desde Siempre!","description":"El Mejor Sunset de Siempre volver\u00e1, nuevamente, a Praia do Rel\u00f3gio en Figueira da Foz, los d\u00edas 9, 10 y 11 de julio de 2021. \u00a1Contamos con usted!","robots":{"index":"noindex","follow":"follow","max-snippet":"max-snippet:-1","max-image-preview":"max-image-preview:large","max-video-preview":"max-video-preview:-1"},"og_locale":"es_ES","og_type":"article","og_title":"Acerca | RFM SOMNII - \u00a1El Mejor Sunset desde Siempre!","og_description":"El Mejor Sunset de Siempre volver\u00e1, nuevamente, a Praia do Rel\u00f3gio en Figueira da Foz, los d\u00edas 9, 10 y 11 de julio de 2021. \u00a1Contamos con usted!","og_url":"https:\/\/22.rfmsomnii.com\/es\/acerca\/","og_site_name":"RFM SOMNII","article_modified_time":"2022-05-18T13:32:16+00:00","og_image":[{"width":1200,"height":631,"url":"https:\/\/22.rfmsomnii.com\/wp-content\/uploads\/2022\/01\/Somnii_rs-site-noticia_2021-11-03-1.png","type":"image\/png"}],"twitter_card":"summary_large_image","twitter_misc":{"Est. reading time":"4 minutes"},"schema":{"@context":"https:\/\/schema.org","@graph":[{"@type":"Organization","@id":"https:\/\/22.rfmsomnii.com\/#organization","name":"RFM SOMNII","url":"https:\/\/22.rfmsomnii.com\/","sameAs":[],"logo":{"@type":"ImageObject","inLanguage":"es-ES","@id":"https:\/\/22.rfmsomnii.com\/#\/schema\/logo\/image\/","url":"https:\/\/22.rfmsomnii.com\/wp-content\/uploads\/2022\/01\/rfm_logo_2022.png","contentUrl":"https:\/\/22.rfmsomnii.com\/wp-content\/uploads\/2022\/01\/rfm_logo_2022.png","width":99,"height":72,"caption":"RFM SOMNII"},"image":{"@id":"https:\/\/22.rfmsomnii.com\/#\/schema\/logo\/image\/"}},{"@type":"WebSite","@id":"https:\/\/22.rfmsomnii.com\/#website","url":"https:\/\/22.rfmsomnii.com\/","name":"RFM SOMNII","description":"O Maior Sunset de Sempre!","publisher":{"@id":"https:\/\/22.rfmsomnii.com\/#organization"},"potentialAction":[{"@type":"SearchAction","target":{"@type":"EntryPoint","urlTemplate":"https:\/\/22.rfmsomnii.com\/?s={search_term_string}"},"query-input":"required name=search_term_string"}],"inLanguage":"es-ES"},{"@type":"WebPage","@id":"https:\/\/22.rfmsomnii.com\/es\/acerca\/","url":"https:\/\/22.rfmsomnii.com\/es\/acerca\/","name":"Acerca | RFM SOMNII - \u00a1El Mejor Sunset desde Siempre!","isPartOf":{"@id":"https:\/\/22.rfmsomnii.com\/#website"},"datePublished":"2019-04-15T15:02:20+00:00","dateModified":"2022-05-18T13:32:16+00:00","description":"El Mejor Sunset de Siempre volver\u00e1, nuevamente, a Praia do Rel\u00f3gio en Figueira da Foz, los d\u00edas 9, 10 y 11 de julio de 2021. \u00a1Contamos con usted!","breadcrumb":{"@id":"https:\/\/22.rfmsomnii.com\/es\/acerca\/#breadcrumb"},"inLanguage":"es-ES","potentialAction":[{"@type":"ReadAction","target":["https:\/\/22.rfmsomnii.com\/es\/acerca\/"]}]},{"@type":"BreadcrumbList","@id":"https:\/\/22.rfmsomnii.com\/es\/acerca\/#breadcrumb","itemListElement":[{"@type":"ListItem","position":1,"name":"In\u00edcio"}]}]}},"_links":{"self":[{"href":"https:\/\/22.rfmsomnii.com\/es\/wp-json\/wp\/v2\/pages\/10187"}],"collection":[{"href":"https:\/\/22.rfmsomnii.com\/es\/wp-json\/wp\/v2\/pages"}],"about":[{"href":"https:\/\/22.rfmsomnii.com\/es\/wp-json\/wp\/v2\/types\/page"}],"author":[{"embeddable":true,"href":"https:\/\/22.rfmsomnii.com\/es\/wp-json\/wp\/v2\/users\/29"}],"replies":[{"embeddable":true,"href":"https:\/\/22.rfmsomnii.com\/es\/wp-json\/wp\/v2\/comments?post=10187"}],"version-history":[{"count":5,"href":"https:\/\/22.rfmsomnii.com\/es\/wp-json\/wp\/v2\/pages\/10187\/revisions"}],"predecessor-version":[{"id":19325,"href":"https:\/\/22.rfmsomnii.com\/es\/wp-json\/wp\/v2\/pages\/10187\/revisions\/19325"}],"wp:featuredmedia":[{"embeddable":true,"href":"https:\/\/22.rfmsomnii.com\/es\/wp-json\/wp\/v2\/media\/17703"}],"wp:attachment":[{"href":"https:\/\/22.rfmsomnii.com\/es\/wp-json\/wp\/v2\/media?parent=10187"}],"curies":[{"name":"wp","href":"https:\/\/api.w.org\/{rel}","templated":true}]}}