{"id":6444,"date":"2018-04-17T10:41:40","date_gmt":"2018-04-17T10:41:40","guid":{"rendered":"https:\/\/rfmsomnii-staging.braverinnovation.tech\/politica-de-privacidade\/"},"modified":"2021-02-26T12:12:16","modified_gmt":"2021-02-26T12:12:16","slug":"privacy-policy","status":"publish","type":"page","link":"https:\/\/22.rfmsomnii.com\/en\/privacy-policy\/","title":{"rendered":"Privacy Policy"},"content":{"rendered":"\n<p>MOT &#8211; ESPECT\u00c1CULOS E ENTRETENIMENTO, LDA., Headquartered at\nRua da Fundi\u00e7\u00e3o, 240, 3700-119, S\u00e3o Jo\u00e3o da Madeira and registered at the\ncompetent Commercial Registry Office under the unique registration number and\nlegal person 514 537 965, hereafter MOT &#8211; MEMORIES OF TOMORROW, is an\norganization dedicated to the organization and production of events and other\nrecreational and entertainment activities, under which it organizes the RFM\nSOMNII Festival, having created for this purpose the website\nhttps:\/\/rfmsomnii.com\/.<\/p>\n\n\n\n<p>Accordingly, MOT &#8211; MEMORIES OF TOMORROW understands the need\nto adopt a Privacy Policy concerning personal data collected under its\ncommercial activity, in compliance with the obligations set forth in the\nGeneral Data Protection Regulation, approved by Regulation (EU) 2016 \/ 679 of\nthe European Parliament and of the Council of 27 April 2016 (&#8220;GDPR&#8221;),\nwhich underlies its commitment to comply with the rules on personal data\nprotection.<\/p>\n\n\n\n<p>Access, use and subscription to the https:\/\/rfmsomnii.com\/\nwebsite, as well as the provision of personal data by the user or subscriber,\nconstitutes full and unreserved acceptance of this Privacy Policy which it\nregulates, in addition to the Festival Rules and Terms, the form of collection,\nuse and disclosure or processing of personal data collected within the\norganization by the festival MOT &#8211; MEMORIES OF TOMORROW, regardless of the\nmeans by which it is collected.<\/p>\n\n\n\n<p>WHY THIS PERSONAL DATA PROTECTION POLICY?<\/p>\n\n\n\n<p>MOT &#8211; MEMORIES OF TOMORROW recognizes the importance of website\nusers and subscribers being aware of the general rules for the processing of\npersonal data, which are collected, used and disclosed or processed in strict\ncompliance with and in compliance with the provisions of personal data\nprotection legislation in force. every moment, especially the GDPR.<\/p>\n\n\n\n<p>MOT &#8211; MEMORIES OF TOMORROW respects best practices in the\nfield of security and protection of personal data. To this end, MOT &#8211; MEMORIES\nOF TOMORROW has taken the necessary technical and organizational measures to comply\nwith the GDPR and to ensure that the processing of personal data is lawful,\nfair, transparent and limited to authorized purposes, as well as the\nconfidentiality of personal data, and has taken the measures it deems\nappropriate to ensure the accuracy, completeness and confidentiality of\npersonal data, as well as all other rights of its holders.<\/p>\n\n\n\n<p>The rules set forth in this Privacy Policy regarding the\nprotection and processing of personal data complement the rules set out in the\nterms and conditions governing the offer of the various products and services\nand which are duly advertised on their websites.<\/p>\n\n\n\n<p>WHAT DOES THIS DATA PROTECTION POLICY COVER?<\/p>\n\n\n\n<p>This Privacy Policy applies solely to the collection, use,\nand disclosure of personal data for which MOT &#8211; MEMORIES OF TOMORROW is\nresponsible for its processing, within the scope of the services and products\nmade available to users and subscribers of the website https:\/\/rfmsomnii.com\/\nin strict compliance with current legislation, namely the GDPR.<\/p>\n\n\n\n<p>The https:\/\/rfmsomnii.com\/ website may include links to\nother websites, including those for the purchase and sale of tickets, which are\nunrelated to MOT &#8211; MEMORIES OF TOMORROW, and the provision of such links is\nmade in good faith and MOT &#8211; MEMORIES OF TOMORROW shall not be liable in any\nway for the collection, use and processing of personal data that may be made\nthrough these websites, nor assume any responsibility for them, namely as to\ntheir accuracy, credibility and functionalities made available on them. .<\/p>\n\n\n\n<p>WHAT ARE PERSONAL DATA?<\/p>\n\n\n\n<p>Personal data is any information of any nature whatever its\nmedium, including sound and image, relating to an identified or identifiable\nnatural person.<\/p>\n\n\n\n<p>Identifiable is therefore considered to be an individual who\ncan be identified, directly or indirectly, in particular by reference to a\nname, identification number, location data, electronic identifiers or one or\nmore specific elements of their physical, physiological identity. , genetics,\nmental, economic, cultural or social.<\/p>\n\n\n\n<p>WHAT ARE PERSONAL DATA COLLECTED AND TREATED?<\/p>\n\n\n\n<p>MOT &#8211; MEMORIES OF TOMORROW, as the entity responsible for\nthe https:\/\/rfmsomnii.com\/ website within the scope of its activity, may\ncollect, use and disclose personal data of users or subscribers such as first\nname, surname, country, place, number of taxpayer, date of birth, mobile\nnumber, IP address and the owner&#8217;s image.<\/p>\n\n\n\n<p>WHEN AND HOW DO WE COLLECT YOUR PERSONAL DATA?<\/p>\n\n\n\n<p>The processing of personal data is always done by the clear,\nfree, informed and informed consent of the respective holder, based on their\nconsent, which is assumed when the user or subscriber provides such data in any\nspace of the website https: \/ \/rfmsomnii.com\/ intended for that purpose and \/\nor with its entry into the festival grounds.<\/p>\n\n\n\n<p>MOT &#8211; MEMORIES OF TOMORROW collects your personal data in\nwriting through the website https:\/\/rfmsomnii.com\/ and guarantees, where\nnecessary, the prior consent of the holder, clearly identifying the purpose for\nwhich they are intended, as well as ensures that the data collected is\nappropriate, relevant and not excessive in relation to the purpose for which it\nwas collected.<\/p>\n\n\n\n<p>The collection of personal data can also be done by\ncapturing images and \/ or videos, during the RFM SOMNII festival period or at\ntimes related to its realization, either in the enclosure, in the surrounding\nareas or in any place where it occurs. , which is expressly accepted by users\nby purchasing tickets for the Festival. MOT &#8211; MEMORIES OF TOMORROW is\nauthorized, as well as other companies of the same business group, to disclose\ntheir own channels and social networks, as a means of publicizing and\nadvertising the festival.<\/p>\n\n\n\n<p>WHAT IS PERSONAL DATA PROCESSING?<\/p>\n\n\n\n<p>The processing of personal data consists of an operation or\nset of operations carried out on personal data or personal data sets, by automated\nmeans or not, namely collection, registration, organization, structuring,\nconservation, adaptation, retrieval, consultation, use, disclosure,\ndissemination, comparison, interconnection, limitation, erasure or destruction,\nand in all cases strict compliance with personal data protection Specific data\ncreated for this purpose and under no circumstances will the data collected be\nused for any purpose other than that for which it was collected or given the\nconsent of the data subject.<\/p>\n\n\n\n<p>WHAT ARE THE PURPOSES OF PROCESSING PERSONAL DATA AND THEIR\nLEGAL BASIS?<\/p>\n\n\n\n<p>In general, the personal data collected through the site\nhave as purpose \/ foundation the management of the contractual relationship,\nand can be used, namely, to:<\/p>\n\n\n\n<p>&#8211; ticket processing<\/p>\n\n\n\n<p>&#8211; provision of customer support services;<\/p>\n\n\n\n<p>&#8211; image and \/ or video capture during the whole period of\nthe event;<\/p>\n\n\n\n<p>&#8211; publicizing and \/ or publicizing the event on MOT &#8211;\nMEMORIES OF TOMORROW&#8217;s own channels or other companies that are part of the\nsame business group;<\/p>\n\n\n\n<p>&#8211; Preparation of reports and statisticians regarding the\ninflux of visitors to the Festival;<\/p>\n\n\n\n<p>&#8211; safety and health procedures;<\/p>\n\n\n\n<p>Personal data collected may also be processed by MOT &#8211;\nMEMORIES OF TOMORROW insofar as they are deemed appropriate and necessary for\nthe purposes of social intervention, complaints and suggestions, dissemination\nof information about campaigns, promotions, publicity and news, subsequent\ndissemination and publicity. events held, without prejudice to compliance with\nthe legal rules governing the retention and transmission of data for the\npurposes of investigation, detection, prosecution of serious crimes, as well as\nother treatment to which it is legally bound.<\/p>\n\n\n\n<p>Personal data may also be processed for marketing or\ndisclosure purposes of MOT &#8211; MEMORIES OF TOMORROW&#8217;s goods or services, if\nexpressly authorized by the holder.<\/p>\n\n\n\n<p>MOT &#8211; MEMORIES OF TOMORROW may communicate your personal\ndata for the purpose of complying with legal obligations, namely to law\nenforcement, judicial, tax and regulatory entities.<\/p>\n\n\n\n<p>WHO IS RESPONSIBLE FOR DATA PROCESSING?<\/p>\n\n\n\n<p>The entity responsible for handling the collection,\nregistration, organization, structuring, conservation, adaptation, alteration,\nconsultation and use of personal data collected is MOT &#8211; ESPECT\u00c1CULOS E\nENTRETENIMENTO, LDA., Headquartered at Rua da Fundi\u00e7\u00e3o, 240, 3700-119, S\u00e3o Jo\u00e3o\nfrom Madeira.<\/p>\n\n\n\n<p>For this purpose, if the data subject needs to contact the\ndata controller, he \/ she may do so through the means and contact details\nbelow: dados@rfmsomnii.com<\/p>\n\n\n\n<p>HOW LONG DO WE KEEP YOUR PERSONAL DATA?<\/p>\n\n\n\n<p>The period of time during which personal data is stored and\nstored varies according to the purpose that justifies the collection and\nprocessing of information.<\/p>\n\n\n\n<p>Indeed, there are legal requirements that require us to\nretain data for a minimum period of time. Thus, and where there is no specific\nlegal requirement, the data will be stored and retained only for the minimum\nperiod necessary for the pursuit of the purposes that motivated its collection\nor further processing, as defined by law.<\/p>\n\n\n\n<p>WHAT ARE YOUR RIGHTS WHILE HOLDING?<\/p>\n\n\n\n<p>As holders of personal data, Customers \/ Users are\nguaranteed at any time the right of access, rectification, updating, limitation\nand deletion of their personal data, through the means available to contact the\ndata protection officer.<\/p>\n\n\n\n<p>Withdrawal of consent to the collection, use and retention\nof personal data may be made at any time, without prejudice to the lawfulness\nof the processing under such consent. However, MOT &#8211; MEMORIES OF TOMORROW may\nmaintain the data indispensable for the provision of its services for the\nperiod during which such maintenance is strictly necessary.<\/p>\n\n\n\n<p>In addition, the holder of the personal data is entitled to\nthe portability of the personal data collected.<\/p>\n\n\n\n<p>HOW CAN YOU OPPOSE THE RECEIPT OF CONTACTS FOR MARKETING\nPURPOSES?<\/p>\n\n\n\n<p>MOT &#8211; MEMORIES OF TOMORROW may promote dissemination actions\nwith its Customers \/ Users of new products or services, namely through\ntelephone, email, SMS, MMS or any other electronic communications service, if\nthe personal data subject has given the consent.<\/p>\n\n\n\n<p>If the data subject does not wish to continue receiving such\ncommunications, he may at any time withdraw his consent to the use of his data\nfor marketing purposes.<\/p>\n\n\n\n<p>WHAT ARE THE MEASURES TAKEN BY MOT &#8211; MEMORIES OF TOMORROW TO ENSURE THE SECURITY OF YOUR PERSONAL DATA?<\/p>\n\n\n\n<p>MOT &#8211; MEMORIES OF TOMORROW is committed to ensuring the\nprotection of the security of personal data made available to it, having\napproved and implemented strict rules in this regard. Compliance with these\nrules is an obligation on all who legally access such personal data.<\/p>\n\n\n\n<p>Bearing in mind the concern and commitment that MOT &#8211;\nMEMORIES OF TOMORROW reveals in the defense of personal data, various security\nmeasures, of a technical and organizational nature, have been adopted in order\nto protect the personal data made available to it against its dissemination,\nloss, misuse, unauthorized alteration, treatment or access, as well as against\nany other form of unlawful treatment.<\/p>\n\n\n\n<p>IN WHAT CIRCUMSTANCES IS COMMUNICATION OF DATA TO OTHER\nENTITIES (THIRD PARTY AND SUBCONTRACTED)?<\/p>\n\n\n\n<p>MOT &#8211; MEMORIES OF TOMORROW, as part of its activity, may use\nother companies in the business group in which it operates or other third\nparties to provide certain services. The provision of these services sometimes\nentails access by these entities to personal data of users or subscribers and,\nwhere appropriate, MOT &#8211; MEMORIES OF TOMORROW takes appropriate measures to\nensure that entities having access to the data are reputed. and offer the\nhighest guarantees at this level, which is duly enshrined and contractually\nagreed between MOT &#8211; MEMORIES OF TOMORROW and the third party (s).<\/p>\n\n\n\n<p>Accordingly, any entity subcontracted by MOT &#8211; MEMORIES OF\nTOMORROW will treat the personal data of users or subscribers on behalf and on\nbehalf of MOT &#8211; MEMORIES OF TOMORROW and by taking necessary technical and organizational\nmeasures to protect personal data against accidental or unlawful destruction,\naccidental loss, alteration, diffusion or unauthorized access and against any\nother form of unlawful treatment.<\/p>\n\n\n\n<p>In either case, MOT &#8211; MEMORIES OF TOMORROW remains responsible\nfor the personal data made available to you.<\/p>\n\n\n\n<p>HOW CAN YOU KNOW ANY CHANGES TO PT PORTUGAL&#8217;S PERSONAL DATA\nPROTECTION POLICY?<\/p>\n\n\n\n<p>MOT &#8211; MEMORIES OF TOMORROW reserves the right, at any time,\nto readjust or amend this Personal Data Protection Policy, such changes being\nduly publicized on the various MOT &#8211; MEMORIES OF TOMORROW communication\nchannels.<\/p>\n\n\n\n<p>HOW CAN YOU COMPLAIN?<\/p>\n\n\n\n<p>Without prejudice to being able to submit complaints\ndirectly to MOT &#8211; MEMORIES OF TOMORROW, through the contacts made available for\nthis purpose, the Client \/ User may complain directly to the Control Authority,\nwhich is the National Data Protection Commission (CNPD), using the contacts\nprovided by this entity for that purpose.<\/p>\n","protected":false},"excerpt":{"rendered":"<p>MOT &#8211; ESPECT\u00c1CULOS E ENTRETENIMENTO, LDA., Headquartered at Rua da Fundi\u00e7\u00e3o, 240, 3700-119, S\u00e3o Jo\u00e3o da Madeira and registered at the competent Commercial Registry Office under the unique registration number and legal person 514 537 965, hereafter MOT &#8211; MEMORIES OF TOMORROW, is an organization dedicated to the organization and production of events and other [&#8230;]<\/p>\n<p><a class=\"btn btn-secondary understrap-read-more-link\" href=\"https:\/\/22.rfmsomnii.com\/en\/privacy-policy\/\">Read More&#8230;<\/a><\/p>\n","protected":false},"author":29,"featured_media":0,"parent":0,"menu_order":0,"comment_status":"closed","ping_status":"closed","template":"","meta":[],"acf":[],"yoast_head":"<!-- This site is optimized with the Yoast SEO plugin v19.4 - https:\/\/yoast.com\/wordpress\/plugins\/seo\/ -->\n<title>Privacy Policy - RFM SOMNII<\/title>\n<meta name=\"robots\" content=\"noindex, follow, max-snippet:-1, max-image-preview:large, max-video-preview:-1\" \/>\n<meta property=\"og:locale\" content=\"en_US\" \/>\n<meta property=\"og:type\" content=\"article\" \/>\n<meta property=\"og:title\" content=\"Privacy Policy - RFM SOMNII\" \/>\n<meta property=\"og:description\" content=\"MOT &#8211; ESPECT\u00c1CULOS E ENTRETENIMENTO, LDA., Headquartered at Rua da Fundi\u00e7\u00e3o, 240, 3700-119, S\u00e3o Jo\u00e3o da Madeira and registered at the competent Commercial Registry Office under the unique registration number and legal person 514 537 965, hereafter MOT &#8211; MEMORIES OF TOMORROW, is an organization dedicated to the organization and production of events and other [...]Read More...\" \/>\n<meta property=\"og:url\" content=\"https:\/\/22.rfmsomnii.com\/en\/privacy-policy\/\" \/>\n<meta property=\"og:site_name\" content=\"RFM SOMNII\" \/>\n<meta property=\"article:modified_time\" content=\"2021-02-26T12:12:16+00:00\" \/>\n<meta name=\"twitter:card\" content=\"summary_large_image\" \/>\n<meta name=\"twitter:label1\" content=\"Est. reading time\" \/>\n\t<meta name=\"twitter:data1\" content=\"10 minutes\" \/>\n<script type=\"application\/ld+json\" class=\"yoast-schema-graph\">{\"@context\":\"https:\/\/schema.org\",\"@graph\":[{\"@type\":\"Organization\",\"@id\":\"https:\/\/22.rfmsomnii.com\/#organization\",\"name\":\"RFM SOMNII\",\"url\":\"https:\/\/22.rfmsomnii.com\/\",\"sameAs\":[],\"logo\":{\"@type\":\"ImageObject\",\"inLanguage\":\"en-US\",\"@id\":\"https:\/\/22.rfmsomnii.com\/#\/schema\/logo\/image\/\",\"url\":\"https:\/\/22.rfmsomnii.com\/wp-content\/uploads\/2022\/01\/rfm_logo_2022.png\",\"contentUrl\":\"https:\/\/22.rfmsomnii.com\/wp-content\/uploads\/2022\/01\/rfm_logo_2022.png\",\"width\":99,\"height\":72,\"caption\":\"RFM SOMNII\"},\"image\":{\"@id\":\"https:\/\/22.rfmsomnii.com\/#\/schema\/logo\/image\/\"}},{\"@type\":\"WebSite\",\"@id\":\"https:\/\/22.rfmsomnii.com\/#website\",\"url\":\"https:\/\/22.rfmsomnii.com\/\",\"name\":\"RFM SOMNII\",\"description\":\"O Maior Sunset de Sempre!\",\"publisher\":{\"@id\":\"https:\/\/22.rfmsomnii.com\/#organization\"},\"potentialAction\":[{\"@type\":\"SearchAction\",\"target\":{\"@type\":\"EntryPoint\",\"urlTemplate\":\"https:\/\/22.rfmsomnii.com\/?s={search_term_string}\"},\"query-input\":\"required name=search_term_string\"}],\"inLanguage\":\"en-US\"},{\"@type\":\"WebPage\",\"@id\":\"https:\/\/22.rfmsomnii.com\/en\/privacy-policy\/\",\"url\":\"https:\/\/22.rfmsomnii.com\/en\/privacy-policy\/\",\"name\":\"Privacy Policy - RFM SOMNII\",\"isPartOf\":{\"@id\":\"https:\/\/22.rfmsomnii.com\/#website\"},\"datePublished\":\"2018-04-17T10:41:40+00:00\",\"dateModified\":\"2021-02-26T12:12:16+00:00\",\"breadcrumb\":{\"@id\":\"https:\/\/22.rfmsomnii.com\/en\/privacy-policy\/#breadcrumb\"},\"inLanguage\":\"en-US\",\"potentialAction\":[{\"@type\":\"ReadAction\",\"target\":[\"https:\/\/22.rfmsomnii.com\/en\/privacy-policy\/\"]}]},{\"@type\":\"BreadcrumbList\",\"@id\":\"https:\/\/22.rfmsomnii.com\/en\/privacy-policy\/#breadcrumb\",\"itemListElement\":[{\"@type\":\"ListItem\",\"position\":1,\"name\":\"In\u00edcio\",\"item\":\"https:\/\/22.rfmsomnii.com\/en\/\"},{\"@type\":\"ListItem\",\"position\":2,\"name\":\"Privacy Policy\"}]}]}<\/script>\n<!-- \/ Yoast SEO plugin. -->","yoast_head_json":{"title":"Privacy Policy - RFM SOMNII","robots":{"index":"noindex","follow":"follow","max-snippet":"max-snippet:-1","max-image-preview":"max-image-preview:large","max-video-preview":"max-video-preview:-1"},"og_locale":"en_US","og_type":"article","og_title":"Privacy Policy - RFM SOMNII","og_description":"MOT &#8211; ESPECT\u00c1CULOS E ENTRETENIMENTO, LDA., Headquartered at Rua da Fundi\u00e7\u00e3o, 240, 3700-119, S\u00e3o Jo\u00e3o da Madeira and registered at the competent Commercial Registry Office under the unique registration number and legal person 514 537 965, hereafter MOT &#8211; MEMORIES OF TOMORROW, is an organization dedicated to the organization and production of events and other [...]Read More...","og_url":"https:\/\/22.rfmsomnii.com\/en\/privacy-policy\/","og_site_name":"RFM SOMNII","article_modified_time":"2021-02-26T12:12:16+00:00","twitter_card":"summary_large_image","twitter_misc":{"Est. reading time":"10 minutes"},"schema":{"@context":"https:\/\/schema.org","@graph":[{"@type":"Organization","@id":"https:\/\/22.rfmsomnii.com\/#organization","name":"RFM SOMNII","url":"https:\/\/22.rfmsomnii.com\/","sameAs":[],"logo":{"@type":"ImageObject","inLanguage":"en-US","@id":"https:\/\/22.rfmsomnii.com\/#\/schema\/logo\/image\/","url":"https:\/\/22.rfmsomnii.com\/wp-content\/uploads\/2022\/01\/rfm_logo_2022.png","contentUrl":"https:\/\/22.rfmsomnii.com\/wp-content\/uploads\/2022\/01\/rfm_logo_2022.png","width":99,"height":72,"caption":"RFM SOMNII"},"image":{"@id":"https:\/\/22.rfmsomnii.com\/#\/schema\/logo\/image\/"}},{"@type":"WebSite","@id":"https:\/\/22.rfmsomnii.com\/#website","url":"https:\/\/22.rfmsomnii.com\/","name":"RFM SOMNII","description":"O Maior Sunset de Sempre!","publisher":{"@id":"https:\/\/22.rfmsomnii.com\/#organization"},"potentialAction":[{"@type":"SearchAction","target":{"@type":"EntryPoint","urlTemplate":"https:\/\/22.rfmsomnii.com\/?s={search_term_string}"},"query-input":"required name=search_term_string"}],"inLanguage":"en-US"},{"@type":"WebPage","@id":"https:\/\/22.rfmsomnii.com\/en\/privacy-policy\/","url":"https:\/\/22.rfmsomnii.com\/en\/privacy-policy\/","name":"Privacy Policy - RFM SOMNII","isPartOf":{"@id":"https:\/\/22.rfmsomnii.com\/#website"},"datePublished":"2018-04-17T10:41:40+00:00","dateModified":"2021-02-26T12:12:16+00:00","breadcrumb":{"@id":"https:\/\/22.rfmsomnii.com\/en\/privacy-policy\/#breadcrumb"},"inLanguage":"en-US","potentialAction":[{"@type":"ReadAction","target":["https:\/\/22.rfmsomnii.com\/en\/privacy-policy\/"]}]},{"@type":"BreadcrumbList","@id":"https:\/\/22.rfmsomnii.com\/en\/privacy-policy\/#breadcrumb","itemListElement":[{"@type":"ListItem","position":1,"name":"In\u00edcio","item":"https:\/\/22.rfmsomnii.com\/en\/"},{"@type":"ListItem","position":2,"name":"Privacy Policy"}]}]}},"_links":{"self":[{"href":"https:\/\/22.rfmsomnii.com\/en\/wp-json\/wp\/v2\/pages\/6444"}],"collection":[{"href":"https:\/\/22.rfmsomnii.com\/en\/wp-json\/wp\/v2\/pages"}],"about":[{"href":"https:\/\/22.rfmsomnii.com\/en\/wp-json\/wp\/v2\/types\/page"}],"author":[{"embeddable":true,"href":"https:\/\/22.rfmsomnii.com\/en\/wp-json\/wp\/v2\/users\/29"}],"replies":[{"embeddable":true,"href":"https:\/\/22.rfmsomnii.com\/en\/wp-json\/wp\/v2\/comments?post=6444"}],"version-history":[{"count":3,"href":"https:\/\/22.rfmsomnii.com\/en\/wp-json\/wp\/v2\/pages\/6444\/revisions"}],"predecessor-version":[{"id":17387,"href":"https:\/\/22.rfmsomnii.com\/en\/wp-json\/wp\/v2\/pages\/6444\/revisions\/17387"}],"wp:attachment":[{"href":"https:\/\/22.rfmsomnii.com\/en\/wp-json\/wp\/v2\/media?parent=6444"}],"curies":[{"name":"wp","href":"https:\/\/api.w.org\/{rel}","templated":true}]}}