{"id":3830,"date":"2018-11-22T18:27:48","date_gmt":"2018-11-22T18:27:48","guid":{"rendered":"https:\/\/rfmsomnii-staging.braverinnovation.tech\/sunset-empire\/rfm-somnii-2015\/"},"modified":"2018-12-06T11:57:23","modified_gmt":"2018-12-06T11:57:23","slug":"rfm-somnii-2015","status":"publish","type":"page","link":"https:\/\/22.rfmsomnii.com\/en\/previous-editions\/rfm-somnii-2015\/","title":{"rendered":"RFM SOMNII 2015"},"content":{"rendered":"\n<h3>OVER 75 THOUSAND PEOPLE KEPT THE PARTY GOING ON THE TWO DAYS OF THE RFM SOMNII WHICH IN 2015 WAS INDEED THE BIGGEST SUNSET EVER.<\/h3>\n\n\n\n<p>On July 12 Martin Solveig, Robin Schulz, Michael Calfan, Dubvision, Mackj, Difee, Djay Rich and Andr\u00e9 Henriques featured. The previous night Nicky Romero, Dannic, Kura, The Chainsmokers, MOTi, Julian Calor and Mendes excited the crowd.<\/p>\n\n\n\n<p>The goals set up for the 4th edition of the festival were met, creating a unique experience to the public and make the event international.<br>\nTwo days of party, music, sun and beach. The images say it all, and the exchange of experiences shared in the social media, mainly the event\u2019s (www.facebook.com\/OMaiorSunsetdeSempre).<\/p>\n\n\n\n<p>To Ant\u00f3nio Mendes, the RFM show director, \u201cthe RFM SOMNII has been a unique experience, being a privilege to the station an event of this magnitude carrying my name\u201d. \u201cThe success of RFM SOMNII reinforces  RFM as being a brand of music in Portugal\u201d, he said.<br><\/p>\n\n\n\n<p>Genius y Meios and SLE both produced and promoted the event. The art coordination was by WDB. The event counted on the support of C\u00e2mara Municipal da Figueira da Foz and Turismo do Centro. SAPO was the digital partner and MTV the official channel, decisively contributing to making it an international event.<br><\/p>\n\n\n\n<p>RFM and the event producers thanks the cooperation of the Administra\u00e7\u00e3o do Porto da Figueira da Foz,  Prote\u00e7\u00e3o Civil,  Capitania do Porto da Figueira da Foz, Pol\u00edcia Mar\u00edtima, Pol\u00edcia de Seguran\u00e7a P\u00fablica and other regional competent authorities.<\/p>\n\n\n\n<h2>Gallery<\/h2>\n\n\n<style type=\"text\/css\">\n#foogallery-gallery-5913.fg-masonry { --fg-gutter: 0px; }<\/style>\n\t\t\t<div class=\"foogallery foogallery-container foogallery-masonry foogallery-lightbox-foobox fg-center fg-masonry fg-ready fg-light fg-shadow-outline fg-loading-default fg-loaded-fade-in fg-caption-hover fg-hover-fade fg-hover-zoom fg-col5\" id=\"foogallery-gallery-5913\" data-foogallery=\"{&quot;item&quot;:{&quot;showCaptionTitle&quot;:true,&quot;showCaptionDescription&quot;:true},&quot;lazy&quot;:true}\" style=\"--fg-title-line-clamp: 0; --fg-description-line-clamp: 0;\" >\n\t\t<div class=\"fg-column-width\"><\/div>\n\t<div class=\"fg-gutter-width\"><\/div>\n\t\t<div class=\"fg-item fg-type-image fg-idle\"><figure class=\"fg-item-inner\"><a href=\"https:\/\/22.rfmsomnii.com\/wp-content\/uploads\/2018\/12\/AndreHenriques14590941-1.jpg\" data-attachment-id=\"5914\" data-type=\"image\" class=\"fg-thumb\"><span class=\"fg-image-wrap\"><img width=\"300\" height=\"207\" class=\"skip-lazy fg-image\" data-src-fg=\"https:\/\/22.rfmsomnii.com\/wp-content\/uploads\/cache\/2018\/12\/AndreHenriques14590941-1\/1668832683.jpg\" src=\"data:image\/svg+xml,%3Csvg%20xmlns%3D%22http%3A%2F%2Fwww.w3.org%2F2000%2Fsvg%22%20width%3D%22300%22%20height%3D%22207%22%20viewBox%3D%220%200%20300%20207%22%3E%3C%2Fsvg%3E\" loading=\"eager\"><\/span><span class=\"fg-image-overlay\"><\/span><\/a><\/figure><div class=\"fg-loader\"><\/div><\/div><div class=\"fg-item fg-type-image fg-idle\"><figure class=\"fg-item-inner\"><a href=\"https:\/\/22.rfmsomnii.com\/wp-content\/uploads\/2018\/12\/Beijos867545f5-1.jpg\" data-attachment-id=\"5916\" data-type=\"image\" class=\"fg-thumb\"><span class=\"fg-image-wrap\"><img width=\"300\" height=\"207\" class=\"skip-lazy fg-image\" data-src-fg=\"https:\/\/22.rfmsomnii.com\/wp-content\/uploads\/cache\/2018\/12\/Beijos867545f5-1\/2029220367.jpg\" src=\"data:image\/svg+xml,%3Csvg%20xmlns%3D%22http%3A%2F%2Fwww.w3.org%2F2000%2Fsvg%22%20width%3D%22300%22%20height%3D%22207%22%20viewBox%3D%220%200%20300%20207%22%3E%3C%2Fsvg%3E\" loading=\"eager\"><\/span><span class=\"fg-image-overlay\"><\/span><\/a><\/figure><div class=\"fg-loader\"><\/div><\/div><div class=\"fg-item fg-type-image fg-idle\"><figure class=\"fg-item-inner\"><a href=\"https:\/\/22.rfmsomnii.com\/wp-content\/uploads\/2018\/12\/Chapeu1060388d-1.jpg\" data-attachment-id=\"5918\" data-type=\"image\" class=\"fg-thumb\"><span class=\"fg-image-wrap\"><img width=\"300\" height=\"207\" class=\"skip-lazy fg-image\" data-src-fg=\"https:\/\/22.rfmsomnii.com\/wp-content\/uploads\/cache\/2018\/12\/Chapeu1060388d-1\/4086821928.jpg\" src=\"data:image\/svg+xml,%3Csvg%20xmlns%3D%22http%3A%2F%2Fwww.w3.org%2F2000%2Fsvg%22%20width%3D%22300%22%20height%3D%22207%22%20viewBox%3D%220%200%20300%20207%22%3E%3C%2Fsvg%3E\" loading=\"eager\"><\/span><span class=\"fg-image-overlay\"><\/span><\/a><\/figure><div class=\"fg-loader\"><\/div><\/div><div class=\"fg-item fg-type-image fg-idle\"><figure class=\"fg-item-inner\"><a href=\"https:\/\/22.rfmsomnii.com\/wp-content\/uploads\/2018\/12\/Dannic219443174-1.jpg\" data-attachment-id=\"5920\" data-type=\"image\" class=\"fg-thumb\"><span class=\"fg-image-wrap\"><img width=\"300\" height=\"207\" class=\"skip-lazy fg-image\" data-src-fg=\"https:\/\/22.rfmsomnii.com\/wp-content\/uploads\/cache\/2018\/12\/Dannic219443174-1\/1780879108.jpg\" src=\"data:image\/svg+xml,%3Csvg%20xmlns%3D%22http%3A%2F%2Fwww.w3.org%2F2000%2Fsvg%22%20width%3D%22300%22%20height%3D%22207%22%20viewBox%3D%220%200%20300%20207%22%3E%3C%2Fsvg%3E\" loading=\"eager\"><\/span><span class=\"fg-image-overlay\"><\/span><\/a><\/figure><div class=\"fg-loader\"><\/div><\/div><div class=\"fg-item fg-type-image fg-idle\"><figure class=\"fg-item-inner\"><a href=\"https:\/\/22.rfmsomnii.com\/wp-content\/uploads\/2018\/12\/Difee1745b4d5-1.jpg\" data-attachment-id=\"5922\" data-type=\"image\" class=\"fg-thumb\"><span class=\"fg-image-wrap\"><img width=\"300\" height=\"207\" class=\"skip-lazy fg-image\" data-src-fg=\"https:\/\/22.rfmsomnii.com\/wp-content\/uploads\/cache\/2018\/12\/Difee1745b4d5-1\/502552195.jpg\" src=\"data:image\/svg+xml,%3Csvg%20xmlns%3D%22http%3A%2F%2Fwww.w3.org%2F2000%2Fsvg%22%20width%3D%22300%22%20height%3D%22207%22%20viewBox%3D%220%200%20300%20207%22%3E%3C%2Fsvg%3E\" loading=\"eager\"><\/span><span class=\"fg-image-overlay\"><\/span><\/a><\/figure><div class=\"fg-loader\"><\/div><\/div><div class=\"fg-item fg-type-image fg-idle\"><figure class=\"fg-item-inner\"><a href=\"https:\/\/22.rfmsomnii.com\/wp-content\/uploads\/2018\/12\/Dubvision165955fd-1.jpg\" data-attachment-id=\"5924\" data-type=\"image\" class=\"fg-thumb\"><span class=\"fg-image-wrap\"><img width=\"300\" height=\"207\" class=\"skip-lazy fg-image\" data-src-fg=\"https:\/\/22.rfmsomnii.com\/wp-content\/uploads\/cache\/2018\/12\/Dubvision165955fd-1\/3233730284.jpg\" src=\"data:image\/svg+xml,%3Csvg%20xmlns%3D%22http%3A%2F%2Fwww.w3.org%2F2000%2Fsvg%22%20width%3D%22300%22%20height%3D%22207%22%20viewBox%3D%220%200%20300%20207%22%3E%3C%2Fsvg%3E\" loading=\"eager\"><\/span><span class=\"fg-image-overlay\"><\/span><\/a><\/figure><div class=\"fg-loader\"><\/div><\/div><div class=\"fg-item fg-type-image fg-idle\"><figure class=\"fg-item-inner\"><a href=\"https:\/\/22.rfmsomnii.com\/wp-content\/uploads\/2018\/12\/JulianCalor1035b6f7-1.jpg\" data-attachment-id=\"5926\" data-type=\"image\" class=\"fg-thumb\"><span class=\"fg-image-wrap\"><img width=\"300\" height=\"207\" class=\"skip-lazy fg-image\" data-src-fg=\"https:\/\/22.rfmsomnii.com\/wp-content\/uploads\/cache\/2018\/12\/JulianCalor1035b6f7-1\/2659370980.jpg\" src=\"data:image\/svg+xml,%3Csvg%20xmlns%3D%22http%3A%2F%2Fwww.w3.org%2F2000%2Fsvg%22%20width%3D%22300%22%20height%3D%22207%22%20viewBox%3D%220%200%20300%20207%22%3E%3C%2Fsvg%3E\" loading=\"eager\"><\/span><span class=\"fg-image-overlay\"><\/span><\/a><\/figure><div class=\"fg-loader\"><\/div><\/div><div class=\"fg-item fg-type-image fg-idle\"><figure class=\"fg-item-inner\"><a href=\"https:\/\/22.rfmsomnii.com\/wp-content\/uploads\/2018\/12\/Kura6624231e-1.jpg\" data-attachment-id=\"5928\" data-type=\"image\" class=\"fg-thumb\"><span class=\"fg-image-wrap\"><img width=\"300\" height=\"207\" class=\"skip-lazy fg-image\" data-src-fg=\"https:\/\/22.rfmsomnii.com\/wp-content\/uploads\/cache\/2018\/12\/Kura6624231e-1\/2960094265.jpg\" src=\"data:image\/svg+xml,%3Csvg%20xmlns%3D%22http%3A%2F%2Fwww.w3.org%2F2000%2Fsvg%22%20width%3D%22300%22%20height%3D%22207%22%20viewBox%3D%220%200%20300%20207%22%3E%3C%2Fsvg%3E\" loading=\"eager\"><\/span><span class=\"fg-image-overlay\"><\/span><\/a><\/figure><div class=\"fg-loader\"><\/div><\/div><div class=\"fg-item fg-type-image fg-idle\"><figure class=\"fg-item-inner\"><a href=\"https:\/\/22.rfmsomnii.com\/wp-content\/uploads\/2018\/12\/Makj723167a8-1.jpg\" data-attachment-id=\"5930\" data-type=\"image\" class=\"fg-thumb\"><span class=\"fg-image-wrap\"><img width=\"300\" height=\"207\" class=\"skip-lazy fg-image\" data-src-fg=\"https:\/\/22.rfmsomnii.com\/wp-content\/uploads\/cache\/2018\/12\/Makj723167a8-1\/4034120178.jpg\" src=\"data:image\/svg+xml,%3Csvg%20xmlns%3D%22http%3A%2F%2Fwww.w3.org%2F2000%2Fsvg%22%20width%3D%22300%22%20height%3D%22207%22%20viewBox%3D%220%200%20300%20207%22%3E%3C%2Fsvg%3E\" loading=\"eager\"><\/span><span class=\"fg-image-overlay\"><\/span><\/a><\/figure><div class=\"fg-loader\"><\/div><\/div><div class=\"fg-item fg-type-image fg-idle\"><figure class=\"fg-item-inner\"><a href=\"https:\/\/22.rfmsomnii.com\/wp-content\/uploads\/2018\/12\/MartinSolveig57329724-1.jpg\" data-attachment-id=\"5932\" data-type=\"image\" class=\"fg-thumb\"><span class=\"fg-image-wrap\"><img width=\"300\" height=\"207\" class=\"skip-lazy fg-image\" data-src-fg=\"https:\/\/22.rfmsomnii.com\/wp-content\/uploads\/cache\/2018\/12\/MartinSolveig57329724-1\/2800984040.jpg\" src=\"data:image\/svg+xml,%3Csvg%20xmlns%3D%22http%3A%2F%2Fwww.w3.org%2F2000%2Fsvg%22%20width%3D%22300%22%20height%3D%22207%22%20viewBox%3D%220%200%20300%20207%22%3E%3C%2Fsvg%3E\" loading=\"eager\"><\/span><span class=\"fg-image-overlay\"><\/span><\/a><\/figure><div class=\"fg-loader\"><\/div><\/div><div class=\"fg-item fg-type-image fg-idle\"><figure class=\"fg-item-inner\"><a href=\"https:\/\/22.rfmsomnii.com\/wp-content\/uploads\/2018\/12\/MichaelCalfan9407dd0b-1.jpg\" data-attachment-id=\"5934\" data-type=\"image\" class=\"fg-thumb\"><span class=\"fg-image-wrap\"><img width=\"300\" height=\"207\" class=\"skip-lazy fg-image\" data-src-fg=\"https:\/\/22.rfmsomnii.com\/wp-content\/uploads\/cache\/2018\/12\/MichaelCalfan9407dd0b-1\/2300426274.jpg\" src=\"data:image\/svg+xml,%3Csvg%20xmlns%3D%22http%3A%2F%2Fwww.w3.org%2F2000%2Fsvg%22%20width%3D%22300%22%20height%3D%22207%22%20viewBox%3D%220%200%20300%20207%22%3E%3C%2Fsvg%3E\" loading=\"eager\"><\/span><span class=\"fg-image-overlay\"><\/span><\/a><\/figure><div class=\"fg-loader\"><\/div><\/div><div class=\"fg-item fg-type-image fg-idle\"><figure class=\"fg-item-inner\"><a href=\"https:\/\/22.rfmsomnii.com\/wp-content\/uploads\/2018\/12\/MOTi134570d3-1.jpg\" data-attachment-id=\"5936\" data-type=\"image\" class=\"fg-thumb\"><span class=\"fg-image-wrap\"><img width=\"300\" height=\"207\" class=\"skip-lazy fg-image\" data-src-fg=\"https:\/\/22.rfmsomnii.com\/wp-content\/uploads\/cache\/2018\/12\/MOTi134570d3-1\/2311610836.jpg\" src=\"data:image\/svg+xml,%3Csvg%20xmlns%3D%22http%3A%2F%2Fwww.w3.org%2F2000%2Fsvg%22%20width%3D%22300%22%20height%3D%22207%22%20viewBox%3D%220%200%20300%20207%22%3E%3C%2Fsvg%3E\" loading=\"eager\"><\/span><span class=\"fg-image-overlay\"><\/span><\/a><\/figure><div class=\"fg-loader\"><\/div><\/div><div class=\"fg-item fg-type-image fg-idle\"><figure class=\"fg-item-inner\"><a href=\"https:\/\/22.rfmsomnii.com\/wp-content\/uploads\/2018\/12\/MuldidaoDia34325acf-2.jpg\" data-attachment-id=\"5938\" data-type=\"image\" class=\"fg-thumb\"><span class=\"fg-image-wrap\"><img width=\"300\" height=\"207\" class=\"skip-lazy fg-image\" data-src-fg=\"https:\/\/22.rfmsomnii.com\/wp-content\/uploads\/cache\/2018\/12\/MuldidaoDia34325acf-2\/3294265472.jpg\" src=\"data:image\/svg+xml,%3Csvg%20xmlns%3D%22http%3A%2F%2Fwww.w3.org%2F2000%2Fsvg%22%20width%3D%22300%22%20height%3D%22207%22%20viewBox%3D%220%200%20300%20207%22%3E%3C%2Fsvg%3E\" loading=\"eager\"><\/span><span class=\"fg-image-overlay\"><\/span><\/a><\/figure><div class=\"fg-loader\"><\/div><\/div><div class=\"fg-item fg-type-image fg-idle\"><figure class=\"fg-item-inner\"><a href=\"https:\/\/22.rfmsomnii.com\/wp-content\/uploads\/2018\/12\/MuldidaoDia34325acf-1-1.jpg\" data-attachment-id=\"5940\" data-type=\"image\" class=\"fg-thumb\"><span class=\"fg-image-wrap\"><img width=\"300\" height=\"207\" class=\"skip-lazy fg-image\" data-src-fg=\"https:\/\/22.rfmsomnii.com\/wp-content\/uploads\/cache\/2018\/12\/MuldidaoDia34325acf-1-1\/554076929.jpg\" src=\"data:image\/svg+xml,%3Csvg%20xmlns%3D%22http%3A%2F%2Fwww.w3.org%2F2000%2Fsvg%22%20width%3D%22300%22%20height%3D%22207%22%20viewBox%3D%220%200%20300%20207%22%3E%3C%2Fsvg%3E\" loading=\"eager\"><\/span><span class=\"fg-image-overlay\"><\/span><\/a><\/figure><div class=\"fg-loader\"><\/div><\/div><div class=\"fg-item fg-type-image fg-idle\"><figure class=\"fg-item-inner\"><a href=\"https:\/\/22.rfmsomnii.com\/wp-content\/uploads\/2018\/12\/MultidaoDia7392c028-1.jpg\" data-attachment-id=\"5942\" data-type=\"image\" class=\"fg-thumb\"><span class=\"fg-image-wrap\"><img width=\"300\" height=\"207\" class=\"skip-lazy fg-image\" data-src-fg=\"https:\/\/22.rfmsomnii.com\/wp-content\/uploads\/cache\/2018\/12\/MultidaoDia7392c028-1\/1233589268.jpg\" src=\"data:image\/svg+xml,%3Csvg%20xmlns%3D%22http%3A%2F%2Fwww.w3.org%2F2000%2Fsvg%22%20width%3D%22300%22%20height%3D%22207%22%20viewBox%3D%220%200%20300%20207%22%3E%3C%2Fsvg%3E\" loading=\"eager\"><\/span><span class=\"fg-image-overlay\"><\/span><\/a><\/figure><div class=\"fg-loader\"><\/div><\/div><div class=\"fg-item fg-type-image fg-idle\"><figure class=\"fg-item-inner\"><a href=\"https:\/\/22.rfmsomnii.com\/wp-content\/uploads\/2018\/12\/NickyRomero1263ee8f-1-e1544108935151.jpg\" data-attachment-id=\"5944\" data-type=\"image\" class=\"fg-thumb\"><span class=\"fg-image-wrap\"><img width=\"300\" height=\"198\" class=\"skip-lazy fg-image\" data-src-fg=\"https:\/\/22.rfmsomnii.com\/wp-content\/uploads\/cache\/2018\/12\/NickyRomero1263ee8f-1-e1544108935151\/3445980519.jpg\" src=\"data:image\/svg+xml,%3Csvg%20xmlns%3D%22http%3A%2F%2Fwww.w3.org%2F2000%2Fsvg%22%20width%3D%22300%22%20height%3D%22198%22%20viewBox%3D%220%200%20300%20198%22%3E%3C%2Fsvg%3E\" loading=\"eager\"><\/span><span class=\"fg-image-overlay\"><\/span><\/a><\/figure><div class=\"fg-loader\"><\/div><\/div><div class=\"fg-item fg-type-image fg-idle\"><figure class=\"fg-item-inner\"><a href=\"https:\/\/22.rfmsomnii.com\/wp-content\/uploads\/2018\/12\/RichMendes7178a4be-1.jpg\" data-attachment-id=\"5946\" data-type=\"image\" class=\"fg-thumb\"><span class=\"fg-image-wrap\"><img width=\"300\" height=\"207\" class=\"skip-lazy fg-image\" data-src-fg=\"https:\/\/22.rfmsomnii.com\/wp-content\/uploads\/cache\/2018\/12\/RichMendes7178a4be-1\/975330716.jpg\" src=\"data:image\/svg+xml,%3Csvg%20xmlns%3D%22http%3A%2F%2Fwww.w3.org%2F2000%2Fsvg%22%20width%3D%22300%22%20height%3D%22207%22%20viewBox%3D%220%200%20300%20207%22%3E%3C%2Fsvg%3E\" loading=\"eager\"><\/span><span class=\"fg-image-overlay\"><\/span><\/a><\/figure><div class=\"fg-loader\"><\/div><\/div><div class=\"fg-item fg-type-image fg-idle\"><figure class=\"fg-item-inner\"><a href=\"https:\/\/22.rfmsomnii.com\/wp-content\/uploads\/2018\/12\/RobinSchulz2469e17b-1.jpg\" data-attachment-id=\"5948\" data-type=\"image\" class=\"fg-thumb\"><span class=\"fg-image-wrap\"><img width=\"300\" height=\"207\" class=\"skip-lazy fg-image\" data-src-fg=\"https:\/\/22.rfmsomnii.com\/wp-content\/uploads\/cache\/2018\/12\/RobinSchulz2469e17b-1\/598847080.jpg\" src=\"data:image\/svg+xml,%3Csvg%20xmlns%3D%22http%3A%2F%2Fwww.w3.org%2F2000%2Fsvg%22%20width%3D%22300%22%20height%3D%22207%22%20viewBox%3D%220%200%20300%20207%22%3E%3C%2Fsvg%3E\" loading=\"eager\"><\/span><span class=\"fg-image-overlay\"><\/span><\/a><\/figure><div class=\"fg-loader\"><\/div><\/div><div class=\"fg-item fg-type-image fg-idle\"><figure class=\"fg-item-inner\"><a href=\"https:\/\/22.rfmsomnii.com\/wp-content\/uploads\/2018\/12\/SegurancaEntrada362893c2-1.jpg\" data-attachment-id=\"5950\" data-type=\"image\" class=\"fg-thumb\"><span class=\"fg-image-wrap\"><img width=\"300\" height=\"207\" class=\"skip-lazy fg-image\" data-src-fg=\"https:\/\/22.rfmsomnii.com\/wp-content\/uploads\/cache\/2018\/12\/SegurancaEntrada362893c2-1\/2469674534.jpg\" src=\"data:image\/svg+xml,%3Csvg%20xmlns%3D%22http%3A%2F%2Fwww.w3.org%2F2000%2Fsvg%22%20width%3D%22300%22%20height%3D%22207%22%20viewBox%3D%220%200%20300%20207%22%3E%3C%2Fsvg%3E\" loading=\"eager\"><\/span><span class=\"fg-image-overlay\"><\/span><\/a><\/figure><div class=\"fg-loader\"><\/div><\/div><div class=\"fg-item fg-type-image fg-idle\"><figure class=\"fg-item-inner\"><a href=\"https:\/\/22.rfmsomnii.com\/wp-content\/uploads\/2018\/12\/ZonaVIP5751f2bd-2.jpg\" data-attachment-id=\"5952\" data-type=\"image\" class=\"fg-thumb\"><span class=\"fg-image-wrap\"><img width=\"300\" height=\"207\" class=\"skip-lazy fg-image\" data-src-fg=\"https:\/\/22.rfmsomnii.com\/wp-content\/uploads\/cache\/2018\/12\/ZonaVIP5751f2bd-2\/3784354693.jpg\" src=\"data:image\/svg+xml,%3Csvg%20xmlns%3D%22http%3A%2F%2Fwww.w3.org%2F2000%2Fsvg%22%20width%3D%22300%22%20height%3D%22207%22%20viewBox%3D%220%200%20300%20207%22%3E%3C%2Fsvg%3E\" loading=\"eager\"><\/span><span class=\"fg-image-overlay\"><\/span><\/a><\/figure><div class=\"fg-loader\"><\/div><\/div><\/div>\n\n\n<h2>Aftermovie<\/h2>\n\n\n\n<figure class=\"wp-block-embed-vimeo wp-block-embed is-type-video is-provider-vimeo wp-embed-aspect-16-9 wp-has-aspect-ratio\"><div class=\"wp-block-embed__wrapper\">\n<iframe loading=\"lazy\" src=\"https:\/\/player.vimeo.com\/video\/302326732?dnt=1&amp;app_id=122963\" width=\"640\" height=\"360\" frameborder=\"0\" allow=\"autoplay; fullscreen\" allowfullscreen title=\"RFM SOMNII 2015 - O Maior Sunset de Sempre (Aftermovie oficial)\"><\/iframe>\n<\/div><\/figure>\n","protected":false},"excerpt":{"rendered":"<p>OVER 75 THOUSAND PEOPLE KEPT THE PARTY GOING ON THE TWO DAYS OF THE RFM SOMNII WHICH IN 2015 WAS INDEED THE BIGGEST SUNSET EVER. On July 12 Martin Solveig, Robin Schulz, Michael Calfan, Dubvision, Mackj, Difee, Djay Rich and Andr\u00e9 Henriques featured. The previous night Nicky Romero, Dannic, Kura, The Chainsmokers, MOTi, Julian Calor [&#8230;]<\/p>\n<p><a class=\"btn btn-secondary understrap-read-more-link\" href=\"https:\/\/22.rfmsomnii.com\/en\/previous-editions\/rfm-somnii-2015\/\">Read More&#8230;<\/a><\/p>\n","protected":false},"author":29,"featured_media":5944,"parent":10200,"menu_order":0,"comment_status":"closed","ping_status":"closed","template":"","meta":[],"acf":[],"yoast_head":"<!-- This site is optimized with the Yoast SEO plugin v19.4 - https:\/\/yoast.com\/wordpress\/plugins\/seo\/ -->\n<title>RFM SOMNII 2015 - RFM SOMNII<\/title>\n<meta name=\"robots\" content=\"noindex, follow, max-snippet:-1, max-image-preview:large, max-video-preview:-1\" \/>\n<meta property=\"og:locale\" content=\"en_US\" \/>\n<meta property=\"og:type\" content=\"article\" \/>\n<meta property=\"og:title\" content=\"RFM SOMNII 2015 - RFM SOMNII\" \/>\n<meta property=\"og:description\" content=\"OVER 75 THOUSAND PEOPLE KEPT THE PARTY GOING ON THE TWO DAYS OF THE RFM SOMNII WHICH IN 2015 WAS INDEED THE BIGGEST SUNSET EVER. On July 12 Martin Solveig, Robin Schulz, Michael Calfan, Dubvision, Mackj, Difee, Djay Rich and Andr\u00e9 Henriques featured. The previous night Nicky Romero, Dannic, Kura, The Chainsmokers, MOTi, Julian Calor [...]Read More...\" \/>\n<meta property=\"og:url\" content=\"https:\/\/22.rfmsomnii.com\/en\/previous-editions\/rfm-somnii-2015\/\" \/>\n<meta property=\"og:site_name\" content=\"RFM SOMNII\" \/>\n<meta property=\"article:modified_time\" content=\"2018-12-06T11:57:23+00:00\" \/>\n<meta property=\"og:image\" content=\"https:\/\/22.rfmsomnii.com\/wp-content\/uploads\/2018\/12\/NickyRomero1263ee8f-1-e1544108935151.jpg\" \/>\n\t<meta property=\"og:image:width\" content=\"952\" \/>\n\t<meta property=\"og:image:height\" content=\"629\" \/>\n\t<meta property=\"og:image:type\" content=\"image\/jpeg\" \/>\n<meta name=\"twitter:card\" content=\"summary_large_image\" \/>\n<meta name=\"twitter:label1\" content=\"Est. reading time\" \/>\n\t<meta name=\"twitter:data1\" content=\"1 minute\" \/>\n<script type=\"application\/ld+json\" class=\"yoast-schema-graph\">{\"@context\":\"https:\/\/schema.org\",\"@graph\":[{\"@type\":\"Organization\",\"@id\":\"https:\/\/22.rfmsomnii.com\/#organization\",\"name\":\"RFM SOMNII\",\"url\":\"https:\/\/22.rfmsomnii.com\/\",\"sameAs\":[],\"logo\":{\"@type\":\"ImageObject\",\"inLanguage\":\"en-US\",\"@id\":\"https:\/\/22.rfmsomnii.com\/#\/schema\/logo\/image\/\",\"url\":\"https:\/\/22.rfmsomnii.com\/wp-content\/uploads\/2022\/01\/rfm_logo_2022.png\",\"contentUrl\":\"https:\/\/22.rfmsomnii.com\/wp-content\/uploads\/2022\/01\/rfm_logo_2022.png\",\"width\":99,\"height\":72,\"caption\":\"RFM SOMNII\"},\"image\":{\"@id\":\"https:\/\/22.rfmsomnii.com\/#\/schema\/logo\/image\/\"}},{\"@type\":\"WebSite\",\"@id\":\"https:\/\/22.rfmsomnii.com\/#website\",\"url\":\"https:\/\/22.rfmsomnii.com\/\",\"name\":\"RFM SOMNII\",\"description\":\"O Maior Sunset de Sempre!\",\"publisher\":{\"@id\":\"https:\/\/22.rfmsomnii.com\/#organization\"},\"potentialAction\":[{\"@type\":\"SearchAction\",\"target\":{\"@type\":\"EntryPoint\",\"urlTemplate\":\"https:\/\/22.rfmsomnii.com\/?s={search_term_string}\"},\"query-input\":\"required name=search_term_string\"}],\"inLanguage\":\"en-US\"},{\"@type\":\"WebPage\",\"@id\":\"https:\/\/22.rfmsomnii.com\/en\/previous-editions\/rfm-somnii-2015\/\",\"url\":\"https:\/\/22.rfmsomnii.com\/en\/previous-editions\/rfm-somnii-2015\/\",\"name\":\"RFM SOMNII 2015 - RFM SOMNII\",\"isPartOf\":{\"@id\":\"https:\/\/22.rfmsomnii.com\/#website\"},\"datePublished\":\"2018-11-22T18:27:48+00:00\",\"dateModified\":\"2018-12-06T11:57:23+00:00\",\"breadcrumb\":{\"@id\":\"https:\/\/22.rfmsomnii.com\/en\/previous-editions\/rfm-somnii-2015\/#breadcrumb\"},\"inLanguage\":\"en-US\",\"potentialAction\":[{\"@type\":\"ReadAction\",\"target\":[\"https:\/\/22.rfmsomnii.com\/en\/previous-editions\/rfm-somnii-2015\/\"]}]},{\"@type\":\"BreadcrumbList\",\"@id\":\"https:\/\/22.rfmsomnii.com\/en\/previous-editions\/rfm-somnii-2015\/#breadcrumb\",\"itemListElement\":[{\"@type\":\"ListItem\",\"position\":1,\"name\":\"In\u00edcio\",\"item\":\"https:\/\/22.rfmsomnii.com\/en\/\"},{\"@type\":\"ListItem\",\"position\":2,\"name\":\"Previous editions\",\"item\":\"https:\/\/22.rfmsomnii.com\/en\/previous-editions\/\"},{\"@type\":\"ListItem\",\"position\":3,\"name\":\"RFM SOMNII 2015\"}]}]}<\/script>\n<!-- \/ Yoast SEO plugin. -->","yoast_head_json":{"title":"RFM SOMNII 2015 - RFM SOMNII","robots":{"index":"noindex","follow":"follow","max-snippet":"max-snippet:-1","max-image-preview":"max-image-preview:large","max-video-preview":"max-video-preview:-1"},"og_locale":"en_US","og_type":"article","og_title":"RFM SOMNII 2015 - RFM SOMNII","og_description":"OVER 75 THOUSAND PEOPLE KEPT THE PARTY GOING ON THE TWO DAYS OF THE RFM SOMNII WHICH IN 2015 WAS INDEED THE BIGGEST SUNSET EVER. On July 12 Martin Solveig, Robin Schulz, Michael Calfan, Dubvision, Mackj, Difee, Djay Rich and Andr\u00e9 Henriques featured. The previous night Nicky Romero, Dannic, Kura, The Chainsmokers, MOTi, Julian Calor [...]Read More...","og_url":"https:\/\/22.rfmsomnii.com\/en\/previous-editions\/rfm-somnii-2015\/","og_site_name":"RFM SOMNII","article_modified_time":"2018-12-06T11:57:23+00:00","og_image":[{"width":952,"height":629,"url":"https:\/\/22.rfmsomnii.com\/wp-content\/uploads\/2018\/12\/NickyRomero1263ee8f-1-e1544108935151.jpg","type":"image\/jpeg"}],"twitter_card":"summary_large_image","twitter_misc":{"Est. reading time":"1 minute"},"schema":{"@context":"https:\/\/schema.org","@graph":[{"@type":"Organization","@id":"https:\/\/22.rfmsomnii.com\/#organization","name":"RFM SOMNII","url":"https:\/\/22.rfmsomnii.com\/","sameAs":[],"logo":{"@type":"ImageObject","inLanguage":"en-US","@id":"https:\/\/22.rfmsomnii.com\/#\/schema\/logo\/image\/","url":"https:\/\/22.rfmsomnii.com\/wp-content\/uploads\/2022\/01\/rfm_logo_2022.png","contentUrl":"https:\/\/22.rfmsomnii.com\/wp-content\/uploads\/2022\/01\/rfm_logo_2022.png","width":99,"height":72,"caption":"RFM SOMNII"},"image":{"@id":"https:\/\/22.rfmsomnii.com\/#\/schema\/logo\/image\/"}},{"@type":"WebSite","@id":"https:\/\/22.rfmsomnii.com\/#website","url":"https:\/\/22.rfmsomnii.com\/","name":"RFM SOMNII","description":"O Maior Sunset de Sempre!","publisher":{"@id":"https:\/\/22.rfmsomnii.com\/#organization"},"potentialAction":[{"@type":"SearchAction","target":{"@type":"EntryPoint","urlTemplate":"https:\/\/22.rfmsomnii.com\/?s={search_term_string}"},"query-input":"required name=search_term_string"}],"inLanguage":"en-US"},{"@type":"WebPage","@id":"https:\/\/22.rfmsomnii.com\/en\/previous-editions\/rfm-somnii-2015\/","url":"https:\/\/22.rfmsomnii.com\/en\/previous-editions\/rfm-somnii-2015\/","name":"RFM SOMNII 2015 - RFM SOMNII","isPartOf":{"@id":"https:\/\/22.rfmsomnii.com\/#website"},"datePublished":"2018-11-22T18:27:48+00:00","dateModified":"2018-12-06T11:57:23+00:00","breadcrumb":{"@id":"https:\/\/22.rfmsomnii.com\/en\/previous-editions\/rfm-somnii-2015\/#breadcrumb"},"inLanguage":"en-US","potentialAction":[{"@type":"ReadAction","target":["https:\/\/22.rfmsomnii.com\/en\/previous-editions\/rfm-somnii-2015\/"]}]},{"@type":"BreadcrumbList","@id":"https:\/\/22.rfmsomnii.com\/en\/previous-editions\/rfm-somnii-2015\/#breadcrumb","itemListElement":[{"@type":"ListItem","position":1,"name":"In\u00edcio","item":"https:\/\/22.rfmsomnii.com\/en\/"},{"@type":"ListItem","position":2,"name":"Previous editions","item":"https:\/\/22.rfmsomnii.com\/en\/previous-editions\/"},{"@type":"ListItem","position":3,"name":"RFM SOMNII 2015"}]}]}},"_links":{"self":[{"href":"https:\/\/22.rfmsomnii.com\/en\/wp-json\/wp\/v2\/pages\/3830"}],"collection":[{"href":"https:\/\/22.rfmsomnii.com\/en\/wp-json\/wp\/v2\/pages"}],"about":[{"href":"https:\/\/22.rfmsomnii.com\/en\/wp-json\/wp\/v2\/types\/page"}],"author":[{"embeddable":true,"href":"https:\/\/22.rfmsomnii.com\/en\/wp-json\/wp\/v2\/users\/29"}],"replies":[{"embeddable":true,"href":"https:\/\/22.rfmsomnii.com\/en\/wp-json\/wp\/v2\/comments?post=3830"}],"version-history":[{"count":0,"href":"https:\/\/22.rfmsomnii.com\/en\/wp-json\/wp\/v2\/pages\/3830\/revisions"}],"up":[{"embeddable":true,"href":"https:\/\/22.rfmsomnii.com\/en\/wp-json\/wp\/v2\/pages\/10200"}],"wp:featuredmedia":[{"embeddable":true,"href":"https:\/\/22.rfmsomnii.com\/en\/wp-json\/wp\/v2\/media\/5944"}],"wp:attachment":[{"href":"https:\/\/22.rfmsomnii.com\/en\/wp-json\/wp\/v2\/media?parent=3830"}],"curies":[{"name":"wp","href":"https:\/\/api.w.org\/{rel}","templated":true}]}}