{"id":3827,"date":"2018-11-22T18:17:54","date_gmt":"2018-11-22T18:17:54","guid":{"rendered":"https:\/\/rfmsomnii-staging.braverinnovation.tech\/sunset-empire\/rfm-somnii-2014\/"},"modified":"2019-10-17T14:03:19","modified_gmt":"2019-10-17T14:03:19","slug":"rfm-somnii-2014","status":"publish","type":"page","link":"https:\/\/22.rfmsomnii.com\/en\/previous-editions\/rfm-somnii-2014\/","title":{"rendered":"RFM SOMNII 2014"},"content":{"rendered":"\n<h3>IN 2014, THE 3RD EDITION OF RFM SOMNII \u2013 THE BIGGEST SUNSET EVER, IN FIGUEIRA DA FOZ, EXCEEDED ALL EXPECTATIONS. IN ONLY TWO DAYS PRAIA DO RELOGIO HAD OVER 60 THOUSAND PEOPLE WHO LIVED A UNIQUE EXPERIENCE BY THE SOUND OF THE BEST DANCING MUSIC.<\/h3>\n\n\n\n<p>On the sands of Figueira da Foz, where RFM set up a real electronic music beach in a total area of 24 thousand m2, Alesso, DVBBS, W&amp;W, C\u00e9dric Gervais, Sick Individuals, Alvaro &amp; MC KC Jones, Pete Tha Zouk, Thomas Newson, Joey Dake and the DJs RFM Ant\u00f3nio Mendes, DJAY Rich and Andr\u00e9 Henriques performed.<br><\/p>\n\n\n\n<p>On stage were Joana Cruz, Mariana Alvim and Carolina Camargo who presented all the DJs and made news all along the RFM SOMNII edition. The RFM team were always present and transmitted to all of Portugal all the emotions lived by over 60 thousand people.<br><\/p>\n\n\n\n<p>To Ant\u00f3nio Mendes, the RFM show director, \u201cthis was another great event, the biggest electronic music dance of all by RFM\u201d. \u201cThe public\u2019s attitude that build the event with us made us feel, once again, the reason for the great music station \u2013 celebrate music in unforgettable moments\u201d, he said.<br>The DJs also enjoyed the public\u2019s  good vibes, surrendered by their music. On his Facebook page, Alesso said that had been one of the best of his life: \u201c\u201cOne of my favourite shows ever!\u201d<br><\/p>\n\n\n\n<p>This event, that was could only be possible with a team of over 700 people, was highly recognized by the sponsorship brands.<\/p>\n\n\n\n<h2>Gallery<\/h2>\n\n\n<style type=\"text\/css\">\n#foogallery-gallery-5870.fg-masonry { --fg-gutter: 0px; }<\/style>\n\t\t\t<div class=\"foogallery foogallery-container foogallery-masonry foogallery-lightbox-foobox fg-center fg-masonry fg-ready fg-light fg-shadow-outline fg-loading-default fg-loaded-fade-in fg-caption-hover fg-hover-fade fg-hover-zoom fg-col5\" id=\"foogallery-gallery-5870\" data-foogallery=\"{&quot;item&quot;:{&quot;showCaptionTitle&quot;:true,&quot;showCaptionDescription&quot;:true},&quot;lazy&quot;:true}\" style=\"--fg-title-line-clamp: 0; --fg-description-line-clamp: 0;\" >\n\t\t<div class=\"fg-column-width\"><\/div>\n\t<div class=\"fg-gutter-width\"><\/div>\n\t\t<div class=\"fg-item fg-type-image fg-idle\"><figure class=\"fg-item-inner\"><a href=\"https:\/\/22.rfmsomnii.com\/wp-content\/uploads\/2018\/12\/Cartaz_artistas_A4_Final-016285729e-1.jpg\" data-attachment-id=\"5874\" data-type=\"image\" class=\"fg-thumb\"><span class=\"fg-image-wrap\"><img width=\"300\" height=\"424\" class=\"skip-lazy fg-image\" data-src-fg=\"https:\/\/22.rfmsomnii.com\/wp-content\/uploads\/cache\/2018\/12\/Cartaz_artistas_A4_Final-016285729e-1\/76754616.jpg\" src=\"data:image\/svg+xml,%3Csvg%20xmlns%3D%22http%3A%2F%2Fwww.w3.org%2F2000%2Fsvg%22%20width%3D%22300%22%20height%3D%22424%22%20viewBox%3D%220%200%20300%20424%22%3E%3C%2Fsvg%3E\" loading=\"eager\"><\/span><span class=\"fg-image-overlay\"><\/span><\/a><\/figure><div class=\"fg-loader\"><\/div><\/div><div class=\"fg-item fg-type-image fg-idle\"><figure class=\"fg-item-inner\"><a href=\"https:\/\/22.rfmsomnii.com\/wp-content\/uploads\/2018\/12\/mapa_Somnii185239fb3651f62b-1.jpg\" data-attachment-id=\"5876\" data-type=\"image\" class=\"fg-thumb\"><span class=\"fg-image-wrap\"><img width=\"300\" height=\"183\" class=\"skip-lazy fg-image\" data-src-fg=\"https:\/\/22.rfmsomnii.com\/wp-content\/uploads\/cache\/2018\/12\/mapa_Somnii185239fb3651f62b-1\/484712170.jpg\" src=\"data:image\/svg+xml,%3Csvg%20xmlns%3D%22http%3A%2F%2Fwww.w3.org%2F2000%2Fsvg%22%20width%3D%22300%22%20height%3D%22183%22%20viewBox%3D%220%200%20300%20183%22%3E%3C%2Fsvg%3E\" loading=\"eager\"><\/span><span class=\"fg-image-overlay\"><\/span><\/a><\/figure><div class=\"fg-loader\"><\/div><\/div><div class=\"fg-item fg-type-image fg-idle\"><figure class=\"fg-item-inner\"><a href=\"https:\/\/22.rfmsomnii.com\/wp-content\/uploads\/2018\/12\/MG_12571372b2e0-1.jpg\" data-attachment-id=\"5878\" data-type=\"image\" class=\"fg-thumb\"><span class=\"fg-image-wrap\"><img width=\"300\" height=\"210\" class=\"skip-lazy fg-image\" data-src-fg=\"https:\/\/22.rfmsomnii.com\/wp-content\/uploads\/cache\/2018\/12\/MG_12571372b2e0-1\/1597123475.jpg\" src=\"data:image\/svg+xml,%3Csvg%20xmlns%3D%22http%3A%2F%2Fwww.w3.org%2F2000%2Fsvg%22%20width%3D%22300%22%20height%3D%22210%22%20viewBox%3D%220%200%20300%20210%22%3E%3C%2Fsvg%3E\" loading=\"eager\"><\/span><span class=\"fg-image-overlay\"><\/span><\/a><\/figure><div class=\"fg-loader\"><\/div><\/div><div class=\"fg-item fg-type-image fg-idle\"><figure class=\"fg-item-inner\"><a href=\"https:\/\/22.rfmsomnii.com\/wp-content\/uploads\/2018\/12\/MG_14218712f2d9-1.jpg\" data-attachment-id=\"5880\" data-type=\"image\" class=\"fg-thumb\"><span class=\"fg-image-wrap\"><img width=\"300\" height=\"210\" class=\"skip-lazy fg-image\" data-src-fg=\"https:\/\/22.rfmsomnii.com\/wp-content\/uploads\/cache\/2018\/12\/MG_14218712f2d9-1\/177637320.jpg\" src=\"data:image\/svg+xml,%3Csvg%20xmlns%3D%22http%3A%2F%2Fwww.w3.org%2F2000%2Fsvg%22%20width%3D%22300%22%20height%3D%22210%22%20viewBox%3D%220%200%20300%20210%22%3E%3C%2Fsvg%3E\" loading=\"eager\"><\/span><span class=\"fg-image-overlay\"><\/span><\/a><\/figure><div class=\"fg-loader\"><\/div><\/div><div class=\"fg-item fg-type-image fg-idle\"><figure class=\"fg-item-inner\"><a href=\"https:\/\/22.rfmsomnii.com\/wp-content\/uploads\/2018\/12\/MG_20152540bc51-1.jpg\" data-attachment-id=\"5882\" data-type=\"image\" class=\"fg-thumb\"><span class=\"fg-image-wrap\"><img width=\"300\" height=\"200\" class=\"skip-lazy fg-image\" data-src-fg=\"https:\/\/22.rfmsomnii.com\/wp-content\/uploads\/cache\/2018\/12\/MG_20152540bc51-1\/3695190307.jpg\" src=\"data:image\/svg+xml,%3Csvg%20xmlns%3D%22http%3A%2F%2Fwww.w3.org%2F2000%2Fsvg%22%20width%3D%22300%22%20height%3D%22200%22%20viewBox%3D%220%200%20300%20200%22%3E%3C%2Fsvg%3E\" loading=\"eager\"><\/span><span class=\"fg-image-overlay\"><\/span><\/a><\/figure><div class=\"fg-loader\"><\/div><\/div><div class=\"fg-item fg-type-image fg-idle\"><figure class=\"fg-item-inner\"><a href=\"https:\/\/22.rfmsomnii.com\/wp-content\/uploads\/2018\/12\/MG_102752153f43-1.jpg\" data-attachment-id=\"5884\" data-type=\"image\" class=\"fg-thumb\"><span class=\"fg-image-wrap\"><img width=\"300\" height=\"210\" class=\"skip-lazy fg-image\" data-src-fg=\"https:\/\/22.rfmsomnii.com\/wp-content\/uploads\/cache\/2018\/12\/MG_102752153f43-1\/442821219.jpg\" src=\"data:image\/svg+xml,%3Csvg%20xmlns%3D%22http%3A%2F%2Fwww.w3.org%2F2000%2Fsvg%22%20width%3D%22300%22%20height%3D%22210%22%20viewBox%3D%220%200%20300%20210%22%3E%3C%2Fsvg%3E\" loading=\"eager\"><\/span><span class=\"fg-image-overlay\"><\/span><\/a><\/figure><div class=\"fg-loader\"><\/div><\/div><div class=\"fg-item fg-type-image fg-idle\"><figure class=\"fg-item-inner\"><a href=\"https:\/\/22.rfmsomnii.com\/wp-content\/uploads\/2018\/12\/MG_185877125b6e-1.jpg\" data-attachment-id=\"5886\" data-type=\"image\" class=\"fg-thumb\"><span class=\"fg-image-wrap\"><img width=\"300\" height=\"200\" class=\"skip-lazy fg-image\" data-src-fg=\"https:\/\/22.rfmsomnii.com\/wp-content\/uploads\/cache\/2018\/12\/MG_185877125b6e-1\/1592622984.jpg\" src=\"data:image\/svg+xml,%3Csvg%20xmlns%3D%22http%3A%2F%2Fwww.w3.org%2F2000%2Fsvg%22%20width%3D%22300%22%20height%3D%22200%22%20viewBox%3D%220%200%20300%20200%22%3E%3C%2Fsvg%3E\" loading=\"eager\"><\/span><span class=\"fg-image-overlay\"><\/span><\/a><\/figure><div class=\"fg-loader\"><\/div><\/div><div class=\"fg-item fg-type-image fg-idle\"><figure class=\"fg-item-inner\"><a href=\"https:\/\/22.rfmsomnii.com\/wp-content\/uploads\/2018\/12\/MG_194620802d0b-1.jpg\" data-attachment-id=\"5888\" data-type=\"image\" class=\"fg-thumb\"><span class=\"fg-image-wrap\"><img width=\"300\" height=\"200\" class=\"skip-lazy fg-image\" data-src-fg=\"https:\/\/22.rfmsomnii.com\/wp-content\/uploads\/cache\/2018\/12\/MG_194620802d0b-1\/956336496.jpg\" src=\"data:image\/svg+xml,%3Csvg%20xmlns%3D%22http%3A%2F%2Fwww.w3.org%2F2000%2Fsvg%22%20width%3D%22300%22%20height%3D%22200%22%20viewBox%3D%220%200%20300%20200%22%3E%3C%2Fsvg%3E\" loading=\"eager\"><\/span><span class=\"fg-image-overlay\"><\/span><\/a><\/figure><div class=\"fg-loader\"><\/div><\/div><div class=\"fg-item fg-type-image fg-idle\"><figure class=\"fg-item-inner\"><a href=\"https:\/\/22.rfmsomnii.com\/wp-content\/uploads\/2018\/12\/MG_0535124493e3-1.jpg\" data-attachment-id=\"5890\" data-type=\"image\" class=\"fg-thumb\"><span class=\"fg-image-wrap\"><img width=\"300\" height=\"210\" class=\"skip-lazy fg-image\" data-src-fg=\"https:\/\/22.rfmsomnii.com\/wp-content\/uploads\/cache\/2018\/12\/MG_0535124493e3-1\/1036153723.jpg\" src=\"data:image\/svg+xml,%3Csvg%20xmlns%3D%22http%3A%2F%2Fwww.w3.org%2F2000%2Fsvg%22%20width%3D%22300%22%20height%3D%22210%22%20viewBox%3D%220%200%20300%20210%22%3E%3C%2Fsvg%3E\" loading=\"eager\"><\/span><span class=\"fg-image-overlay\"><\/span><\/a><\/figure><div class=\"fg-loader\"><\/div><\/div><div class=\"fg-item fg-type-image fg-idle\"><figure class=\"fg-item-inner\"><a href=\"https:\/\/22.rfmsomnii.com\/wp-content\/uploads\/2018\/12\/MG_1166416452b8-1.jpg\" data-attachment-id=\"5892\" data-type=\"image\" class=\"fg-thumb\"><span class=\"fg-image-wrap\"><img width=\"300\" height=\"210\" class=\"skip-lazy fg-image\" data-src-fg=\"https:\/\/22.rfmsomnii.com\/wp-content\/uploads\/cache\/2018\/12\/MG_1166416452b8-1\/2095290732.jpg\" src=\"data:image\/svg+xml,%3Csvg%20xmlns%3D%22http%3A%2F%2Fwww.w3.org%2F2000%2Fsvg%22%20width%3D%22300%22%20height%3D%22210%22%20viewBox%3D%220%200%20300%20210%22%3E%3C%2Fsvg%3E\" loading=\"eager\"><\/span><span class=\"fg-image-overlay\"><\/span><\/a><\/figure><div class=\"fg-loader\"><\/div><\/div><div class=\"fg-item fg-type-image fg-idle\"><figure class=\"fg-item-inner\"><a href=\"https:\/\/22.rfmsomnii.com\/wp-content\/uploads\/2018\/12\/MG_1515128146bb-1.jpg\" data-attachment-id=\"5894\" data-type=\"image\" class=\"fg-thumb\"><span class=\"fg-image-wrap\"><img width=\"300\" height=\"200\" class=\"skip-lazy fg-image\" data-src-fg=\"https:\/\/22.rfmsomnii.com\/wp-content\/uploads\/cache\/2018\/12\/MG_1515128146bb-1\/2929039433.jpg\" src=\"data:image\/svg+xml,%3Csvg%20xmlns%3D%22http%3A%2F%2Fwww.w3.org%2F2000%2Fsvg%22%20width%3D%22300%22%20height%3D%22200%22%20viewBox%3D%220%200%20300%20200%22%3E%3C%2Fsvg%3E\" loading=\"eager\"><\/span><span class=\"fg-image-overlay\"><\/span><\/a><\/figure><div class=\"fg-loader\"><\/div><\/div><div class=\"fg-item fg-type-image fg-idle\"><figure class=\"fg-item-inner\"><a href=\"https:\/\/22.rfmsomnii.com\/wp-content\/uploads\/2018\/12\/MG_1650147565cc-1.jpg\" data-attachment-id=\"5896\" data-type=\"image\" class=\"fg-thumb\"><span class=\"fg-image-wrap\"><img width=\"300\" height=\"200\" class=\"skip-lazy fg-image\" data-src-fg=\"https:\/\/22.rfmsomnii.com\/wp-content\/uploads\/cache\/2018\/12\/MG_1650147565cc-1\/3400232870.jpg\" src=\"data:image\/svg+xml,%3Csvg%20xmlns%3D%22http%3A%2F%2Fwww.w3.org%2F2000%2Fsvg%22%20width%3D%22300%22%20height%3D%22200%22%20viewBox%3D%220%200%20300%20200%22%3E%3C%2Fsvg%3E\" loading=\"eager\"><\/span><span class=\"fg-image-overlay\"><\/span><\/a><\/figure><div class=\"fg-loader\"><\/div><\/div><div class=\"fg-item fg-type-image fg-idle\"><figure class=\"fg-item-inner\"><a href=\"https:\/\/22.rfmsomnii.com\/wp-content\/uploads\/2018\/12\/MG_14581948716f-1.jpg\" data-attachment-id=\"5898\" data-type=\"image\" class=\"fg-thumb\"><span class=\"fg-image-wrap\"><img width=\"300\" height=\"200\" class=\"skip-lazy fg-image\" data-src-fg=\"https:\/\/22.rfmsomnii.com\/wp-content\/uploads\/cache\/2018\/12\/MG_14581948716f-1\/1132485971.jpg\" src=\"data:image\/svg+xml,%3Csvg%20xmlns%3D%22http%3A%2F%2Fwww.w3.org%2F2000%2Fsvg%22%20width%3D%22300%22%20height%3D%22200%22%20viewBox%3D%220%200%20300%20200%22%3E%3C%2Fsvg%3E\" loading=\"eager\"><\/span><span class=\"fg-image-overlay\"><\/span><\/a><\/figure><div class=\"fg-loader\"><\/div><\/div><div class=\"fg-item fg-type-image fg-idle\"><figure class=\"fg-item-inner\"><a href=\"https:\/\/22.rfmsomnii.com\/wp-content\/uploads\/2018\/12\/MG_054030034513-1.jpg\" data-attachment-id=\"5900\" data-type=\"image\" class=\"fg-thumb\"><span class=\"fg-image-wrap\"><img width=\"300\" height=\"210\" class=\"skip-lazy fg-image\" data-src-fg=\"https:\/\/22.rfmsomnii.com\/wp-content\/uploads\/cache\/2018\/12\/MG_054030034513-1\/764236414.jpg\" src=\"data:image\/svg+xml,%3Csvg%20xmlns%3D%22http%3A%2F%2Fwww.w3.org%2F2000%2Fsvg%22%20width%3D%22300%22%20height%3D%22210%22%20viewBox%3D%220%200%20300%20210%22%3E%3C%2Fsvg%3E\" loading=\"eager\"><\/span><span class=\"fg-image-overlay\"><\/span><\/a><\/figure><div class=\"fg-loader\"><\/div><\/div><div class=\"fg-item fg-type-image fg-idle\"><figure class=\"fg-item-inner\"><a href=\"https:\/\/22.rfmsomnii.com\/wp-content\/uploads\/2018\/12\/MG_082272669063-1.jpg\" data-attachment-id=\"5902\" data-type=\"image\" class=\"fg-thumb\"><span class=\"fg-image-wrap\"><img width=\"300\" height=\"210\" class=\"skip-lazy fg-image\" data-src-fg=\"https:\/\/22.rfmsomnii.com\/wp-content\/uploads\/cache\/2018\/12\/MG_082272669063-1\/1185918618.jpg\" src=\"data:image\/svg+xml,%3Csvg%20xmlns%3D%22http%3A%2F%2Fwww.w3.org%2F2000%2Fsvg%22%20width%3D%22300%22%20height%3D%22210%22%20viewBox%3D%220%200%20300%20210%22%3E%3C%2Fsvg%3E\" loading=\"eager\"><\/span><span class=\"fg-image-overlay\"><\/span><\/a><\/figure><div class=\"fg-loader\"><\/div><\/div><div class=\"fg-item fg-type-image fg-idle\"><figure class=\"fg-item-inner\"><a href=\"https:\/\/22.rfmsomnii.com\/wp-content\/uploads\/2018\/12\/MG_100088909835-1.jpg\" data-attachment-id=\"5904\" data-type=\"image\" class=\"fg-thumb\"><span class=\"fg-image-wrap\"><img width=\"300\" height=\"210\" class=\"skip-lazy fg-image\" data-src-fg=\"https:\/\/22.rfmsomnii.com\/wp-content\/uploads\/cache\/2018\/12\/MG_100088909835-1\/700668837.jpg\" src=\"data:image\/svg+xml,%3Csvg%20xmlns%3D%22http%3A%2F%2Fwww.w3.org%2F2000%2Fsvg%22%20width%3D%22300%22%20height%3D%22210%22%20viewBox%3D%220%200%20300%20210%22%3E%3C%2Fsvg%3E\" loading=\"eager\"><\/span><span class=\"fg-image-overlay\"><\/span><\/a><\/figure><div class=\"fg-loader\"><\/div><\/div><div class=\"fg-item fg-type-image fg-idle\"><figure class=\"fg-item-inner\"><a href=\"https:\/\/22.rfmsomnii.com\/wp-content\/uploads\/2018\/12\/MG_170082488602-1.jpg\" data-attachment-id=\"5906\" data-type=\"image\" class=\"fg-thumb\"><span class=\"fg-image-wrap\"><img width=\"300\" height=\"195\" class=\"skip-lazy fg-image\" data-src-fg=\"https:\/\/22.rfmsomnii.com\/wp-content\/uploads\/cache\/2018\/12\/MG_170082488602-1\/1573158084.jpg\" src=\"data:image\/svg+xml,%3Csvg%20xmlns%3D%22http%3A%2F%2Fwww.w3.org%2F2000%2Fsvg%22%20width%3D%22300%22%20height%3D%22195%22%20viewBox%3D%220%200%20300%20195%22%3E%3C%2Fsvg%3E\" loading=\"eager\"><\/span><span class=\"fg-image-overlay\"><\/span><\/a><\/figure><div class=\"fg-loader\"><\/div><\/div><\/div>\n\n\n<h2>Aftermovie<\/h2>\n\n\n\n<figure class=\"wp-block-embed-vimeo wp-block-embed is-type-video is-provider-vimeo wp-embed-aspect-16-9 wp-has-aspect-ratio\"><div class=\"wp-block-embed__wrapper\">\n<iframe loading=\"lazy\" src=\"https:\/\/player.vimeo.com\/video\/302326553?dnt=1&amp;app_id=122963\" width=\"640\" height=\"360\" frameborder=\"0\" allow=\"autoplay; fullscreen\" allowfullscreen title=\"RFM SOMNII 2014 - O Maior Sunset de Sempre (Aftermovie oficial)\"><\/iframe>\n<\/div><\/figure>\n","protected":false},"excerpt":{"rendered":"<p>IN 2014, THE 3RD EDITION OF RFM SOMNII \u2013 THE BIGGEST SUNSET EVER, IN FIGUEIRA DA FOZ, EXCEEDED ALL EXPECTATIONS. IN ONLY TWO DAYS PRAIA DO RELOGIO HAD OVER 60 THOUSAND PEOPLE WHO LIVED A UNIQUE EXPERIENCE BY THE SOUND OF THE BEST DANCING MUSIC. On the sands of Figueira da Foz, where RFM set [&#8230;]<\/p>\n<p><a class=\"btn btn-secondary understrap-read-more-link\" href=\"https:\/\/22.rfmsomnii.com\/en\/previous-editions\/rfm-somnii-2014\/\">Read More&#8230;<\/a><\/p>\n","protected":false},"author":29,"featured_media":5894,"parent":10200,"menu_order":0,"comment_status":"closed","ping_status":"closed","template":"","meta":[],"acf":[],"yoast_head":"<!-- This site is optimized with the Yoast SEO plugin v19.4 - https:\/\/yoast.com\/wordpress\/plugins\/seo\/ -->\n<title>RFM SOMNII 2014 - RFM SOMNII<\/title>\n<meta name=\"robots\" content=\"noindex, follow, max-snippet:-1, max-image-preview:large, max-video-preview:-1\" \/>\n<meta property=\"og:locale\" content=\"en_US\" \/>\n<meta property=\"og:type\" content=\"article\" \/>\n<meta property=\"og:title\" content=\"RFM SOMNII 2014 - RFM SOMNII\" \/>\n<meta property=\"og:description\" content=\"IN 2014, THE 3RD EDITION OF RFM SOMNII \u2013 THE BIGGEST SUNSET EVER, IN FIGUEIRA DA FOZ, EXCEEDED ALL EXPECTATIONS. IN ONLY TWO DAYS PRAIA DO RELOGIO HAD OVER 60 THOUSAND PEOPLE WHO LIVED A UNIQUE EXPERIENCE BY THE SOUND OF THE BEST DANCING MUSIC. On the sands of Figueira da Foz, where RFM set [...]Read More...\" \/>\n<meta property=\"og:url\" content=\"https:\/\/22.rfmsomnii.com\/en\/previous-editions\/rfm-somnii-2014\/\" \/>\n<meta property=\"og:site_name\" content=\"RFM SOMNII\" \/>\n<meta property=\"article:modified_time\" content=\"2019-10-17T14:03:19+00:00\" \/>\n<meta property=\"og:image\" content=\"https:\/\/22.rfmsomnii.com\/wp-content\/uploads\/2018\/12\/MG_1515128146bb-1.jpg\" \/>\n\t<meta property=\"og:image:width\" content=\"1080\" \/>\n\t<meta property=\"og:image:height\" content=\"720\" \/>\n\t<meta property=\"og:image:type\" content=\"image\/jpeg\" \/>\n<meta name=\"twitter:card\" content=\"summary_large_image\" \/>\n<meta name=\"twitter:label1\" content=\"Est. reading time\" \/>\n\t<meta name=\"twitter:data1\" content=\"1 minute\" \/>\n<script type=\"application\/ld+json\" class=\"yoast-schema-graph\">{\"@context\":\"https:\/\/schema.org\",\"@graph\":[{\"@type\":\"Organization\",\"@id\":\"https:\/\/22.rfmsomnii.com\/#organization\",\"name\":\"RFM SOMNII\",\"url\":\"https:\/\/22.rfmsomnii.com\/\",\"sameAs\":[],\"logo\":{\"@type\":\"ImageObject\",\"inLanguage\":\"en-US\",\"@id\":\"https:\/\/22.rfmsomnii.com\/#\/schema\/logo\/image\/\",\"url\":\"https:\/\/22.rfmsomnii.com\/wp-content\/uploads\/2022\/01\/rfm_logo_2022.png\",\"contentUrl\":\"https:\/\/22.rfmsomnii.com\/wp-content\/uploads\/2022\/01\/rfm_logo_2022.png\",\"width\":99,\"height\":72,\"caption\":\"RFM SOMNII\"},\"image\":{\"@id\":\"https:\/\/22.rfmsomnii.com\/#\/schema\/logo\/image\/\"}},{\"@type\":\"WebSite\",\"@id\":\"https:\/\/22.rfmsomnii.com\/#website\",\"url\":\"https:\/\/22.rfmsomnii.com\/\",\"name\":\"RFM SOMNII\",\"description\":\"O Maior Sunset de Sempre!\",\"publisher\":{\"@id\":\"https:\/\/22.rfmsomnii.com\/#organization\"},\"potentialAction\":[{\"@type\":\"SearchAction\",\"target\":{\"@type\":\"EntryPoint\",\"urlTemplate\":\"https:\/\/22.rfmsomnii.com\/?s={search_term_string}\"},\"query-input\":\"required name=search_term_string\"}],\"inLanguage\":\"en-US\"},{\"@type\":\"WebPage\",\"@id\":\"https:\/\/22.rfmsomnii.com\/en\/previous-editions\/rfm-somnii-2014\/\",\"url\":\"https:\/\/22.rfmsomnii.com\/en\/previous-editions\/rfm-somnii-2014\/\",\"name\":\"RFM SOMNII 2014 - RFM SOMNII\",\"isPartOf\":{\"@id\":\"https:\/\/22.rfmsomnii.com\/#website\"},\"datePublished\":\"2018-11-22T18:17:54+00:00\",\"dateModified\":\"2019-10-17T14:03:19+00:00\",\"breadcrumb\":{\"@id\":\"https:\/\/22.rfmsomnii.com\/en\/previous-editions\/rfm-somnii-2014\/#breadcrumb\"},\"inLanguage\":\"en-US\",\"potentialAction\":[{\"@type\":\"ReadAction\",\"target\":[\"https:\/\/22.rfmsomnii.com\/en\/previous-editions\/rfm-somnii-2014\/\"]}]},{\"@type\":\"BreadcrumbList\",\"@id\":\"https:\/\/22.rfmsomnii.com\/en\/previous-editions\/rfm-somnii-2014\/#breadcrumb\",\"itemListElement\":[{\"@type\":\"ListItem\",\"position\":1,\"name\":\"In\u00edcio\",\"item\":\"https:\/\/22.rfmsomnii.com\/en\/\"},{\"@type\":\"ListItem\",\"position\":2,\"name\":\"Previous editions\",\"item\":\"https:\/\/22.rfmsomnii.com\/en\/previous-editions\/\"},{\"@type\":\"ListItem\",\"position\":3,\"name\":\"RFM SOMNII 2014\"}]}]}<\/script>\n<!-- \/ Yoast SEO plugin. -->","yoast_head_json":{"title":"RFM SOMNII 2014 - RFM SOMNII","robots":{"index":"noindex","follow":"follow","max-snippet":"max-snippet:-1","max-image-preview":"max-image-preview:large","max-video-preview":"max-video-preview:-1"},"og_locale":"en_US","og_type":"article","og_title":"RFM SOMNII 2014 - RFM SOMNII","og_description":"IN 2014, THE 3RD EDITION OF RFM SOMNII \u2013 THE BIGGEST SUNSET EVER, IN FIGUEIRA DA FOZ, EXCEEDED ALL EXPECTATIONS. IN ONLY TWO DAYS PRAIA DO RELOGIO HAD OVER 60 THOUSAND PEOPLE WHO LIVED A UNIQUE EXPERIENCE BY THE SOUND OF THE BEST DANCING MUSIC. On the sands of Figueira da Foz, where RFM set [...]Read More...","og_url":"https:\/\/22.rfmsomnii.com\/en\/previous-editions\/rfm-somnii-2014\/","og_site_name":"RFM SOMNII","article_modified_time":"2019-10-17T14:03:19+00:00","og_image":[{"width":1080,"height":720,"url":"https:\/\/22.rfmsomnii.com\/wp-content\/uploads\/2018\/12\/MG_1515128146bb-1.jpg","type":"image\/jpeg"}],"twitter_card":"summary_large_image","twitter_misc":{"Est. reading time":"1 minute"},"schema":{"@context":"https:\/\/schema.org","@graph":[{"@type":"Organization","@id":"https:\/\/22.rfmsomnii.com\/#organization","name":"RFM SOMNII","url":"https:\/\/22.rfmsomnii.com\/","sameAs":[],"logo":{"@type":"ImageObject","inLanguage":"en-US","@id":"https:\/\/22.rfmsomnii.com\/#\/schema\/logo\/image\/","url":"https:\/\/22.rfmsomnii.com\/wp-content\/uploads\/2022\/01\/rfm_logo_2022.png","contentUrl":"https:\/\/22.rfmsomnii.com\/wp-content\/uploads\/2022\/01\/rfm_logo_2022.png","width":99,"height":72,"caption":"RFM SOMNII"},"image":{"@id":"https:\/\/22.rfmsomnii.com\/#\/schema\/logo\/image\/"}},{"@type":"WebSite","@id":"https:\/\/22.rfmsomnii.com\/#website","url":"https:\/\/22.rfmsomnii.com\/","name":"RFM SOMNII","description":"O Maior Sunset de Sempre!","publisher":{"@id":"https:\/\/22.rfmsomnii.com\/#organization"},"potentialAction":[{"@type":"SearchAction","target":{"@type":"EntryPoint","urlTemplate":"https:\/\/22.rfmsomnii.com\/?s={search_term_string}"},"query-input":"required name=search_term_string"}],"inLanguage":"en-US"},{"@type":"WebPage","@id":"https:\/\/22.rfmsomnii.com\/en\/previous-editions\/rfm-somnii-2014\/","url":"https:\/\/22.rfmsomnii.com\/en\/previous-editions\/rfm-somnii-2014\/","name":"RFM SOMNII 2014 - RFM SOMNII","isPartOf":{"@id":"https:\/\/22.rfmsomnii.com\/#website"},"datePublished":"2018-11-22T18:17:54+00:00","dateModified":"2019-10-17T14:03:19+00:00","breadcrumb":{"@id":"https:\/\/22.rfmsomnii.com\/en\/previous-editions\/rfm-somnii-2014\/#breadcrumb"},"inLanguage":"en-US","potentialAction":[{"@type":"ReadAction","target":["https:\/\/22.rfmsomnii.com\/en\/previous-editions\/rfm-somnii-2014\/"]}]},{"@type":"BreadcrumbList","@id":"https:\/\/22.rfmsomnii.com\/en\/previous-editions\/rfm-somnii-2014\/#breadcrumb","itemListElement":[{"@type":"ListItem","position":1,"name":"In\u00edcio","item":"https:\/\/22.rfmsomnii.com\/en\/"},{"@type":"ListItem","position":2,"name":"Previous editions","item":"https:\/\/22.rfmsomnii.com\/en\/previous-editions\/"},{"@type":"ListItem","position":3,"name":"RFM SOMNII 2014"}]}]}},"_links":{"self":[{"href":"https:\/\/22.rfmsomnii.com\/en\/wp-json\/wp\/v2\/pages\/3827"}],"collection":[{"href":"https:\/\/22.rfmsomnii.com\/en\/wp-json\/wp\/v2\/pages"}],"about":[{"href":"https:\/\/22.rfmsomnii.com\/en\/wp-json\/wp\/v2\/types\/page"}],"author":[{"embeddable":true,"href":"https:\/\/22.rfmsomnii.com\/en\/wp-json\/wp\/v2\/users\/29"}],"replies":[{"embeddable":true,"href":"https:\/\/22.rfmsomnii.com\/en\/wp-json\/wp\/v2\/comments?post=3827"}],"version-history":[{"count":0,"href":"https:\/\/22.rfmsomnii.com\/en\/wp-json\/wp\/v2\/pages\/3827\/revisions"}],"up":[{"embeddable":true,"href":"https:\/\/22.rfmsomnii.com\/en\/wp-json\/wp\/v2\/pages\/10200"}],"wp:featuredmedia":[{"embeddable":true,"href":"https:\/\/22.rfmsomnii.com\/en\/wp-json\/wp\/v2\/media\/5894"}],"wp:attachment":[{"href":"https:\/\/22.rfmsomnii.com\/en\/wp-json\/wp\/v2\/media?parent=3827"}],"curies":[{"name":"wp","href":"https:\/\/api.w.org\/{rel}","templated":true}]}}